{"id":23,"date":"2021-08-20T13:50:25","date_gmt":"2021-08-20T13:50:25","guid":{"rendered":"https:\/\/accordpropiedades.com.ar\/?page_id=23"},"modified":"2025-08-14T14:28:35","modified_gmt":"2025-08-14T14:28:35","slug":"nosotros","status":"publish","type":"page","link":"https:\/\/accordpropiedades.com.ar\/index.php\/nosotros\/","title":{"rendered":"Nosotros"},"content":{"rendered":"\t\t<div data-elementor-type=\"wp-page\" data-elementor-id=\"23\" class=\"elementor elementor-23\">\n\t\t\t\t\t\t<section class=\"elementor-section elementor-top-section elementor-element elementor-element-52bb6f1 elementor-section-boxed elementor-section-height-default elementor-section-height-default\" data-id=\"52bb6f1\" data-element_type=\"section\" data-e-type=\"section\">\n\t\t\t\t\t\t<div class=\"elementor-container elementor-column-gap-default\">\n\t\t\t\t\t<div class=\"elementor-column elementor-col-100 elementor-top-column elementor-element elementor-element-1f79979\" data-id=\"1f79979\" data-element_type=\"column\" data-e-type=\"column\">\n\t\t\t<div class=\"elementor-widget-wrap elementor-element-populated\">\n\t\t\t\t\t\t<div class=\"elementor-element elementor-element-37db2af elementor-widget elementor-widget-image\" data-id=\"37db2af\" data-element_type=\"widget\" data-e-type=\"widget\" data-widget_type=\"image.default\">\n\t\t\t\t<div class=\"elementor-widget-container\">\n\t\t\t\t\t\t\t\t\t\t\t\t\t\t\t<img fetchpriority=\"high\" fetchpriority=\"high\" decoding=\"async\" width=\"640\" height=\"427\" src=\"https:\/\/accordpropiedades.com.ar\/wp-content\/uploads\/2025\/08\/WhatsApp-Image-2025-08-12-at-11.29.32-AM.jpeg\" class=\"attachment-large size-large wp-image-1382\" alt=\"\" srcset=\"https:\/\/accordpropiedades.com.ar\/wp-content\/uploads\/2025\/08\/WhatsApp-Image-2025-08-12-at-11.29.32-AM.jpeg 640w, https:\/\/accordpropiedades.com.ar\/wp-content\/uploads\/2025\/08\/WhatsApp-Image-2025-08-12-at-11.29.32-AM-480x320.jpeg 480w\" sizes=\"(min-width: 0px) and (max-width: 480px) 480px, (min-width: 481px) 640px, 100vw\" \/>\t\t\t\t\t\t\t\t\t\t\t\t\t\t\t<\/div>\n\t\t\t\t<\/div>\n\t\t\t\t<div class=\"elementor-element elementor-element-b1457af elementor-widget elementor-widget-text-editor\" data-id=\"b1457af\" data-element_type=\"widget\" data-e-type=\"widget\" data-widget_type=\"text-editor.default\">\n\t\t\t\t<div class=\"elementor-widget-container\">\n\t\t\t\t\t\t\t\t\t<p style=\"text-align: center;\"><span style=\"color: #0c71c3;\"><strong>Accord Propiedades<\/strong><\/span> es el resultado de dos d\u00e9cadas de experiencia en Don Torcuato y el Partido de Tigre.<\/p><p style=\"text-align: center;\">Durante este tiempo, hemos visto a nuestra comunidad crecer y evolucionar, y hemos tenido el privilegio de acompa\u00f1ar a innumerables familias a encontrar su hogar ideal.<\/p><p style=\"text-align: center;\">Nuestro equipo de expertos no solo conoce cada rinc\u00f3n de la zona, sino que entiende la importancia de una decisi\u00f3n tan grande.<\/p><p style=\"text-align: center;\">Por eso, nos comprometemos a guiarlo en cada paso del camino, con la misma dedicaci\u00f3n y honestidad que nos ha caracterizado por m\u00e1s de 20 a\u00f1os. Conf\u00ede en nosotros para convertir su b\u00fasqueda en un \u00e9xito.<\/p><p style=\"text-align: center;\">\u00ab<span style=\"color: #0c71c3;\"><strong>Sabemos escuchar<\/strong><\/span>\u00ab<\/p><p>\u00a0<\/p><p style=\"text-align: center;\"><span style=\"color: #000000;\"><strong>RUBEN GUILLERMO GOFFREDO<\/strong><\/span><\/p><p style=\"text-align: center;\"><span style=\"color: #000000;\"><strong>MARTILLERO PUBLICO CMCPSI MATRICULA 6687<\/strong><\/span><\/p><p>\u00a0<\/p><p>\u00a0<\/p><p style=\"text-align: center;\"><span style=\"color: #000000;\">Visitenos y juntos lo ayudaremos a vender, comprar o alquilar la casa de sus sue\u00f1os.<\/span> \u00ab<span style=\"color: #000000;\"><strong><span style=\"color: #ff6600;\">Sabemos escuchar<\/span>!<\/strong><\/span><\/p>\t\t\t\t\t\t\t\t<\/div>\n\t\t\t\t<\/div>\n\t\t\t\t\t<\/div>\n\t\t<\/div>\n\t\t\t\t\t<\/div>\n\t\t<\/section>\n\t\t\t\t<\/div>\n\t\t","protected":false},"excerpt":{"rendered":"<p>Accord Propiedades es el resultado de dos d\u00e9cadas de experiencia en Don Torcuato y el Partido de Tigre. Durante este tiempo, hemos visto a nuestra comunidad crecer y evolucionar, y hemos tenido el privilegio de acompa\u00f1ar a innumerables familias a encontrar su hogar ideal. Nuestro equipo de expertos no solo conoce cada rinc\u00f3n de la [&hellip;]<\/p>\n","protected":false},"author":1,"featured_media":0,"parent":0,"menu_order":0,"comment_status":"closed","ping_status":"closed","template":"","meta":{"_et_pb_use_builder":"","_et_pb_old_content":"","_et_gb_content_width":"1080","_joinchat":[],"footnotes":""},"class_list":["post-23","page","type-page","status-publish","hentry"],"yoast_head":"<!-- This site is optimized with the Yoast SEO plugin v27.4 - https:\/\/yoast.com\/product\/yoast-seo-wordpress\/ -->\n<title>Nosotros - Accord Propiedades<\/title>\n<meta name=\"robots\" content=\"index, follow, max-snippet:-1, max-image-preview:large, max-video-preview:-1\" \/>\n<link rel=\"canonical\" href=\"https:\/\/accordpropiedades.com.ar\/index.php\/nosotros\/\" \/>\n<meta property=\"og:locale\" content=\"es_ES\" \/>\n<meta property=\"og:type\" content=\"article\" \/>\n<meta property=\"og:title\" content=\"Nosotros - Accord Propiedades\" \/>\n<meta property=\"og:description\" content=\"Accord Propiedades es el resultado de dos d\u00e9cadas de experiencia en Don Torcuato y el Partido de Tigre. Durante este tiempo, hemos visto a nuestra comunidad crecer y evolucionar, y hemos tenido el privilegio de acompa\u00f1ar a innumerables familias a encontrar su hogar ideal. Nuestro equipo de expertos no solo conoce cada rinc\u00f3n de la [&hellip;]\" \/>\n<meta property=\"og:url\" content=\"https:\/\/accordpropiedades.com.ar\/index.php\/nosotros\/\" \/>\n<meta property=\"og:site_name\" content=\"Accord Propiedades\" \/>\n<meta property=\"article:modified_time\" content=\"2025-08-14T14:28:35+00:00\" \/>\n<meta property=\"og:image\" content=\"https:\/\/accordpropiedades.com.ar\/wp-content\/uploads\/2025\/08\/WhatsApp-Image-2025-08-12-at-11.29.32-AM.jpeg\" \/>\n\t<meta property=\"og:image:width\" content=\"640\" \/>\n\t<meta property=\"og:image:height\" content=\"427\" \/>\n\t<meta property=\"og:image:type\" content=\"image\/jpeg\" \/>\n<meta name=\"twitter:card\" content=\"summary_large_image\" \/>\n<meta name=\"twitter:label1\" content=\"Tiempo de lectura\" \/>\n\t<meta name=\"twitter:data1\" content=\"1 minuto\" \/>\n<script type=\"application\/ld+json\" class=\"yoast-schema-graph\">{\"@context\":\"https:\\\/\\\/schema.org\",\"@graph\":[{\"@type\":\"WebPage\",\"@id\":\"https:\\\/\\\/accordpropiedades.com.ar\\\/index.php\\\/nosotros\\\/\",\"url\":\"https:\\\/\\\/accordpropiedades.com.ar\\\/index.php\\\/nosotros\\\/\",\"name\":\"Nosotros - Accord Propiedades\",\"isPartOf\":{\"@id\":\"https:\\\/\\\/accordpropiedades.com.ar\\\/#website\"},\"primaryImageOfPage\":{\"@id\":\"https:\\\/\\\/accordpropiedades.com.ar\\\/index.php\\\/nosotros\\\/#primaryimage\"},\"image\":{\"@id\":\"https:\\\/\\\/accordpropiedades.com.ar\\\/index.php\\\/nosotros\\\/#primaryimage\"},\"thumbnailUrl\":\"https:\\\/\\\/accordpropiedades.com.ar\\\/wp-content\\\/uploads\\\/2025\\\/08\\\/WhatsApp-Image-2025-08-12-at-11.29.32-AM.jpeg\",\"datePublished\":\"2021-08-20T13:50:25+00:00\",\"dateModified\":\"2025-08-14T14:28:35+00:00\",\"breadcrumb\":{\"@id\":\"https:\\\/\\\/accordpropiedades.com.ar\\\/index.php\\\/nosotros\\\/#breadcrumb\"},\"inLanguage\":\"es\",\"potentialAction\":[{\"@type\":\"ReadAction\",\"target\":[\"https:\\\/\\\/accordpropiedades.com.ar\\\/index.php\\\/nosotros\\\/\"]}]},{\"@type\":\"ImageObject\",\"inLanguage\":\"es\",\"@id\":\"https:\\\/\\\/accordpropiedades.com.ar\\\/index.php\\\/nosotros\\\/#primaryimage\",\"url\":\"https:\\\/\\\/accordpropiedades.com.ar\\\/wp-content\\\/uploads\\\/2025\\\/08\\\/WhatsApp-Image-2025-08-12-at-11.29.32-AM.jpeg\",\"contentUrl\":\"https:\\\/\\\/accordpropiedades.com.ar\\\/wp-content\\\/uploads\\\/2025\\\/08\\\/WhatsApp-Image-2025-08-12-at-11.29.32-AM.jpeg\",\"width\":640,\"height\":427},{\"@type\":\"BreadcrumbList\",\"@id\":\"https:\\\/\\\/accordpropiedades.com.ar\\\/index.php\\\/nosotros\\\/#breadcrumb\",\"itemListElement\":[{\"@type\":\"ListItem\",\"position\":1,\"name\":\"Portada\",\"item\":\"https:\\\/\\\/accordpropiedades.com.ar\\\/\"},{\"@type\":\"ListItem\",\"position\":2,\"name\":\"Nosotros\"}]},{\"@type\":\"WebSite\",\"@id\":\"https:\\\/\\\/accordpropiedades.com.ar\\\/#website\",\"url\":\"https:\\\/\\\/accordpropiedades.com.ar\\\/\",\"name\":\"Accord Propiedades\",\"description\":\"\",\"publisher\":{\"@id\":\"https:\\\/\\\/accordpropiedades.com.ar\\\/#organization\"},\"potentialAction\":[{\"@type\":\"SearchAction\",\"target\":{\"@type\":\"EntryPoint\",\"urlTemplate\":\"https:\\\/\\\/accordpropiedades.com.ar\\\/?s={search_term_string}\"},\"query-input\":{\"@type\":\"PropertyValueSpecification\",\"valueRequired\":true,\"valueName\":\"search_term_string\"}}],\"inLanguage\":\"es\"},{\"@type\":\"Organization\",\"@id\":\"https:\\\/\\\/accordpropiedades.com.ar\\\/#organization\",\"name\":\"Accord Propiedades\",\"url\":\"https:\\\/\\\/accordpropiedades.com.ar\\\/\",\"logo\":{\"@type\":\"ImageObject\",\"inLanguage\":\"es\",\"@id\":\"https:\\\/\\\/accordpropiedades.com.ar\\\/#\\\/schema\\\/logo\\\/image\\\/\",\"url\":\"https:\\\/\\\/accordpropiedades.com.ar\\\/wp-content\\\/uploads\\\/2021\\\/08\\\/cropped-acoord1-1.png\",\"contentUrl\":\"https:\\\/\\\/accordpropiedades.com.ar\\\/wp-content\\\/uploads\\\/2021\\\/08\\\/cropped-acoord1-1.png\",\"width\":243,\"height\":64,\"caption\":\"Accord Propiedades\"},\"image\":{\"@id\":\"https:\\\/\\\/accordpropiedades.com.ar\\\/#\\\/schema\\\/logo\\\/image\\\/\"}}]}<\/script>\n<!-- \/ Yoast SEO plugin. -->","yoast_head_json":{"title":"Nosotros - Accord Propiedades","robots":{"index":"index","follow":"follow","max-snippet":"max-snippet:-1","max-image-preview":"max-image-preview:large","max-video-preview":"max-video-preview:-1"},"canonical":"https:\/\/accordpropiedades.com.ar\/index.php\/nosotros\/","og_locale":"es_ES","og_type":"article","og_title":"Nosotros - Accord Propiedades","og_description":"Accord Propiedades es el resultado de dos d\u00e9cadas de experiencia en Don Torcuato y el Partido de Tigre. Durante este tiempo, hemos visto a nuestra comunidad crecer y evolucionar, y hemos tenido el privilegio de acompa\u00f1ar a innumerables familias a encontrar su hogar ideal. Nuestro equipo de expertos no solo conoce cada rinc\u00f3n de la [&hellip;]","og_url":"https:\/\/accordpropiedades.com.ar\/index.php\/nosotros\/","og_site_name":"Accord Propiedades","article_modified_time":"2025-08-14T14:28:35+00:00","og_image":[{"width":640,"height":427,"url":"https:\/\/accordpropiedades.com.ar\/wp-content\/uploads\/2025\/08\/WhatsApp-Image-2025-08-12-at-11.29.32-AM.jpeg","type":"image\/jpeg"}],"twitter_card":"summary_large_image","twitter_misc":{"Tiempo de lectura":"1 minuto"},"schema":{"@context":"https:\/\/schema.org","@graph":[{"@type":"WebPage","@id":"https:\/\/accordpropiedades.com.ar\/index.php\/nosotros\/","url":"https:\/\/accordpropiedades.com.ar\/index.php\/nosotros\/","name":"Nosotros - Accord Propiedades","isPartOf":{"@id":"https:\/\/accordpropiedades.com.ar\/#website"},"primaryImageOfPage":{"@id":"https:\/\/accordpropiedades.com.ar\/index.php\/nosotros\/#primaryimage"},"image":{"@id":"https:\/\/accordpropiedades.com.ar\/index.php\/nosotros\/#primaryimage"},"thumbnailUrl":"https:\/\/accordpropiedades.com.ar\/wp-content\/uploads\/2025\/08\/WhatsApp-Image-2025-08-12-at-11.29.32-AM.jpeg","datePublished":"2021-08-20T13:50:25+00:00","dateModified":"2025-08-14T14:28:35+00:00","breadcrumb":{"@id":"https:\/\/accordpropiedades.com.ar\/index.php\/nosotros\/#breadcrumb"},"inLanguage":"es","potentialAction":[{"@type":"ReadAction","target":["https:\/\/accordpropiedades.com.ar\/index.php\/nosotros\/"]}]},{"@type":"ImageObject","inLanguage":"es","@id":"https:\/\/accordpropiedades.com.ar\/index.php\/nosotros\/#primaryimage","url":"https:\/\/accordpropiedades.com.ar\/wp-content\/uploads\/2025\/08\/WhatsApp-Image-2025-08-12-at-11.29.32-AM.jpeg","contentUrl":"https:\/\/accordpropiedades.com.ar\/wp-content\/uploads\/2025\/08\/WhatsApp-Image-2025-08-12-at-11.29.32-AM.jpeg","width":640,"height":427},{"@type":"BreadcrumbList","@id":"https:\/\/accordpropiedades.com.ar\/index.php\/nosotros\/#breadcrumb","itemListElement":[{"@type":"ListItem","position":1,"name":"Portada","item":"https:\/\/accordpropiedades.com.ar\/"},{"@type":"ListItem","position":2,"name":"Nosotros"}]},{"@type":"WebSite","@id":"https:\/\/accordpropiedades.com.ar\/#website","url":"https:\/\/accordpropiedades.com.ar\/","name":"Accord Propiedades","description":"","publisher":{"@id":"https:\/\/accordpropiedades.com.ar\/#organization"},"potentialAction":[{"@type":"SearchAction","target":{"@type":"EntryPoint","urlTemplate":"https:\/\/accordpropiedades.com.ar\/?s={search_term_string}"},"query-input":{"@type":"PropertyValueSpecification","valueRequired":true,"valueName":"search_term_string"}}],"inLanguage":"es"},{"@type":"Organization","@id":"https:\/\/accordpropiedades.com.ar\/#organization","name":"Accord Propiedades","url":"https:\/\/accordpropiedades.com.ar\/","logo":{"@type":"ImageObject","inLanguage":"es","@id":"https:\/\/accordpropiedades.com.ar\/#\/schema\/logo\/image\/","url":"https:\/\/accordpropiedades.com.ar\/wp-content\/uploads\/2021\/08\/cropped-acoord1-1.png","contentUrl":"https:\/\/accordpropiedades.com.ar\/wp-content\/uploads\/2021\/08\/cropped-acoord1-1.png","width":243,"height":64,"caption":"Accord Propiedades"},"image":{"@id":"https:\/\/accordpropiedades.com.ar\/#\/schema\/logo\/image\/"}}]}},"_links":{"self":[{"href":"https:\/\/accordpropiedades.com.ar\/index.php\/wp-json\/wp\/v2\/pages\/23","targetHints":{"allow":["GET"]}}],"collection":[{"href":"https:\/\/accordpropiedades.com.ar\/index.php\/wp-json\/wp\/v2\/pages"}],"about":[{"href":"https:\/\/accordpropiedades.com.ar\/index.php\/wp-json\/wp\/v2\/types\/page"}],"author":[{"embeddable":true,"href":"https:\/\/accordpropiedades.com.ar\/index.php\/wp-json\/wp\/v2\/users\/1"}],"replies":[{"embeddable":true,"href":"https:\/\/accordpropiedades.com.ar\/index.php\/wp-json\/wp\/v2\/comments?post=23"}],"version-history":[{"count":25,"href":"https:\/\/accordpropiedades.com.ar\/index.php\/wp-json\/wp\/v2\/pages\/23\/revisions"}],"predecessor-version":[{"id":1390,"href":"https:\/\/accordpropiedades.com.ar\/index.php\/wp-json\/wp\/v2\/pages\/23\/revisions\/1390"}],"wp:attachment":[{"href":"https:\/\/accordpropiedades.com.ar\/index.php\/wp-json\/wp\/v2\/media?parent=23"}],"curies":[{"name":"wp","href":"https:\/\/api.w.org\/{rel}","templated":true}]}}