{"id":1004,"date":"2022-05-18T11:46:05","date_gmt":"2022-05-18T11:46:05","guid":{"rendered":"https:\/\/accordpropiedades.com.ar\/?post_type=product&#038;p=1004"},"modified":"2025-08-14T23:35:41","modified_gmt":"2025-08-14T23:35:41","slug":"en-venta-un-hermoso-amplio-y-comodo-chalet-de-veraneo-en-el-balneario-nueva-atlantis","status":"publish","type":"product","link":"https:\/\/accordpropiedades.com.ar\/index.php\/producto\/en-venta-un-hermoso-amplio-y-comodo-chalet-de-veraneo-en-el-balneario-nueva-atlantis\/","title":{"rendered":"EN VENTA CHALET DE VERANEO &#8212; BALNEARIO NUEVA ATLANTIS"},"content":{"rendered":"<p>DOS PLANTAS CON TECHO DE TEJAS FRANCESAS.CON FRENTE A LAS<br \/>\nCALLES AVENIDA ROLD\u00c1N Y CASTELLI.<br \/>\nCONSTA DE TRES DORMITORIOS ALFOMBRADOS ,MUY LUMINOSOS CON UN AMPLIO<br \/>\nLIVING, COMEDOR Y COCINA INTEGRADA, BA\u00d1O, CON UN BALC\u00d3N TERRAZA AL FRENTE,<br \/>\nGALER\u00ccA CUBIERTA Y PARRILLA EN LA PLANTA BAJA CON PISOS DE CER\u00c1MICA Y FRONDOSO<br \/>\nPARQUE .<br \/>\nSERVICIOS DE AGUA PROVISTA POR BOMBA SUMERGIBLE, TERMOTANQUE, ENERG\u00cdA<br \/>\nEL\u00c9CTRICA PROVISTA POR RED P\u00daBLICA ; GAS ENVASADO. DIRECT TV.<br \/>\nTODA LA PROPIEDAD CERCADA POR ALAMBRADO PERIMETRAL CON POSTES DE HORMIG\u00d3N Y<br \/>\nTRANQUERA DE ENTRADA.-<br \/>\nPRECIO EXPRESADO EN DOLARES ESTADOUNIDENSES.<br \/>\nCONDICIONES: 30% AL BOLETO DE COMPRA VENTA, SALDO 70% CONTRA ESCRITURA<br \/>\nTRASLATIVA DE DOMINIO.-<br \/>\nLa venta de este inmueble est\u00e1 sujeta a la tramitaci\u00f3n del c\u00f3digo de transferencia<br \/>\nde inmuebles (COTI) de conformidad con la normativa vigente (Res. AFIP 2371\/08,<br \/>\n2439\/08 y ccs.) por parte del propietario.<br \/>\nLas medidas de superficie reales surgir\u00e1n del t\u00edtulo de propiedad.<\/p>\n","protected":false},"excerpt":{"rendered":"<p>EN VENTA UN HERMOSO AMPLIO Y COMODO CHALET DE VERANEO EN EL BALNEARIONUEVA ATLANTIS EN DOS PLANTAS CON TECHO DE TEJAS FRANCESAS.CON FRENTE A LASCALLES AVENIDA ROLD\u00c1N Y CASTELLI.CONSTA DE TRES DORMITORIOS ALFOMBRADOS ,MUY LUMINOSOS CON UN AMPLIOLIVING, COMEDOR Y COCINA INTEGRADA, BA\u00d1O, CON UN BALC\u00d3N TERRAZA AL FRENTE,GALER\u00ccA CUBIERTA Y PARRILLA EN LA PLANTA BAJA CON PISOS DE CER\u00c1MICA Y FRONDOSOPARQUE .<\/p>\n","protected":false},"featured_media":1005,"comment_status":"open","ping_status":"closed","template":"","meta":{"_et_pb_use_builder":"","_et_pb_old_content":"","_et_gb_content_width":"","_joinchat":[]},"product_brand":[],"product_cat":[25,30,44,56,86,85,78,76,60,17],"product_tag":[],"class_list":{"0":"post-1004","1":"product","2":"type-product","3":"status-publish","4":"has-post-thumbnail","6":"product_cat-1-bano","7":"product_cat-3-dormitorios","8":"product_cat-chalet","9":"product_cat-cocina-comedor","10":"product_cat-galeria","11":"product_cat-living","12":"product_cat-parque","13":"product_cat-parrilla","14":"product_cat-terraza","15":"product_cat-venta","17":"first","18":"instock","19":"shipping-taxable","20":"purchasable","21":"product-type-simple"},"yoast_head":"<!-- This site is optimized with the Yoast SEO plugin v27.5 - https:\/\/yoast.com\/product\/yoast-seo-wordpress\/ -->\n<title>EN VENTA CHALET DE VERANEO - BALNEARIO NUEVA ATLANTIS - Accord Propiedades<\/title>\n<meta name=\"description\" content=\"venta, chalet, tres dormitorios, nueva atlantis, costa atlantica, buenos aires, accord propiedades, inmobiliaria\" \/>\n<meta name=\"robots\" content=\"index, follow, max-snippet:-1, max-image-preview:large, max-video-preview:-1\" \/>\n<link rel=\"canonical\" href=\"https:\/\/accordpropiedades.com.ar\/index.php\/producto\/en-venta-un-hermoso-amplio-y-comodo-chalet-de-veraneo-en-el-balneario-nueva-atlantis\/\" \/>\n<meta property=\"og:locale\" content=\"es_ES\" \/>\n<meta property=\"og:type\" content=\"article\" \/>\n<meta property=\"og:title\" content=\"EN VENTA CHALET DE VERANEO - BALNEARIO NUEVA ATLANTIS - Accord Propiedades\" \/>\n<meta property=\"og:description\" content=\"venta, chalet, tres dormitorios, nueva atlantis, costa atlantica, buenos aires, accord propiedades, inmobiliaria\" \/>\n<meta property=\"og:url\" content=\"https:\/\/accordpropiedades.com.ar\/index.php\/producto\/en-venta-un-hermoso-amplio-y-comodo-chalet-de-veraneo-en-el-balneario-nueva-atlantis\/\" \/>\n<meta property=\"og:site_name\" content=\"Accord Propiedades\" \/>\n<meta property=\"article:modified_time\" content=\"2025-08-14T23:35:41+00:00\" \/>\n<meta property=\"og:image\" content=\"https:\/\/accordpropiedades.com.ar\/wp-content\/uploads\/2022\/05\/IMG-20220516-WA0049.jpg\" \/>\n\t<meta property=\"og:image:width\" content=\"1280\" \/>\n\t<meta property=\"og:image:height\" content=\"622\" \/>\n\t<meta property=\"og:image:type\" content=\"image\/jpeg\" \/>\n<meta name=\"twitter:card\" content=\"summary_large_image\" \/>\n<meta name=\"twitter:label1\" content=\"Tiempo de lectura\" \/>\n\t<meta name=\"twitter:data1\" content=\"1 minuto\" \/>\n<script type=\"application\/ld+json\" class=\"yoast-schema-graph\">{\"@context\":\"https:\\\/\\\/schema.org\",\"@graph\":[{\"@type\":\"WebPage\",\"@id\":\"https:\\\/\\\/accordpropiedades.com.ar\\\/index.php\\\/producto\\\/en-venta-un-hermoso-amplio-y-comodo-chalet-de-veraneo-en-el-balneario-nueva-atlantis\\\/\",\"url\":\"https:\\\/\\\/accordpropiedades.com.ar\\\/index.php\\\/producto\\\/en-venta-un-hermoso-amplio-y-comodo-chalet-de-veraneo-en-el-balneario-nueva-atlantis\\\/\",\"name\":\"EN VENTA CHALET DE VERANEO - BALNEARIO NUEVA ATLANTIS - Accord Propiedades\",\"isPartOf\":{\"@id\":\"https:\\\/\\\/accordpropiedades.com.ar\\\/#website\"},\"primaryImageOfPage\":{\"@id\":\"https:\\\/\\\/accordpropiedades.com.ar\\\/index.php\\\/producto\\\/en-venta-un-hermoso-amplio-y-comodo-chalet-de-veraneo-en-el-balneario-nueva-atlantis\\\/#primaryimage\"},\"image\":{\"@id\":\"https:\\\/\\\/accordpropiedades.com.ar\\\/index.php\\\/producto\\\/en-venta-un-hermoso-amplio-y-comodo-chalet-de-veraneo-en-el-balneario-nueva-atlantis\\\/#primaryimage\"},\"thumbnailUrl\":\"https:\\\/\\\/accordpropiedades.com.ar\\\/wp-content\\\/uploads\\\/2022\\\/05\\\/IMG-20220516-WA0049.jpg\",\"datePublished\":\"2022-05-18T11:46:05+00:00\",\"dateModified\":\"2025-08-14T23:35:41+00:00\",\"description\":\"venta, chalet, tres dormitorios, nueva atlantis, costa atlantica, buenos aires, accord propiedades, inmobiliaria\",\"breadcrumb\":{\"@id\":\"https:\\\/\\\/accordpropiedades.com.ar\\\/index.php\\\/producto\\\/en-venta-un-hermoso-amplio-y-comodo-chalet-de-veraneo-en-el-balneario-nueva-atlantis\\\/#breadcrumb\"},\"inLanguage\":\"es\",\"potentialAction\":[{\"@type\":\"ReadAction\",\"target\":[\"https:\\\/\\\/accordpropiedades.com.ar\\\/index.php\\\/producto\\\/en-venta-un-hermoso-amplio-y-comodo-chalet-de-veraneo-en-el-balneario-nueva-atlantis\\\/\"]}]},{\"@type\":\"ImageObject\",\"inLanguage\":\"es\",\"@id\":\"https:\\\/\\\/accordpropiedades.com.ar\\\/index.php\\\/producto\\\/en-venta-un-hermoso-amplio-y-comodo-chalet-de-veraneo-en-el-balneario-nueva-atlantis\\\/#primaryimage\",\"url\":\"https:\\\/\\\/accordpropiedades.com.ar\\\/wp-content\\\/uploads\\\/2022\\\/05\\\/IMG-20220516-WA0049.jpg\",\"contentUrl\":\"https:\\\/\\\/accordpropiedades.com.ar\\\/wp-content\\\/uploads\\\/2022\\\/05\\\/IMG-20220516-WA0049.jpg\",\"width\":1280,\"height\":622},{\"@type\":\"BreadcrumbList\",\"@id\":\"https:\\\/\\\/accordpropiedades.com.ar\\\/index.php\\\/producto\\\/en-venta-un-hermoso-amplio-y-comodo-chalet-de-veraneo-en-el-balneario-nueva-atlantis\\\/#breadcrumb\",\"itemListElement\":[{\"@type\":\"ListItem\",\"position\":1,\"name\":\"Portada\",\"item\":\"https:\\\/\\\/accordpropiedades.com.ar\\\/\"},{\"@type\":\"ListItem\",\"position\":2,\"name\":\"Tienda\",\"item\":\"https:\\\/\\\/accordpropiedades.com.ar\\\/index.php\\\/tienda\\\/\"},{\"@type\":\"ListItem\",\"position\":3,\"name\":\"EN VENTA CHALET DE VERANEO &#8212; BALNEARIO NUEVA ATLANTIS\"}]},{\"@type\":\"WebSite\",\"@id\":\"https:\\\/\\\/accordpropiedades.com.ar\\\/#website\",\"url\":\"https:\\\/\\\/accordpropiedades.com.ar\\\/\",\"name\":\"Accord Propiedades\",\"description\":\"\",\"publisher\":{\"@id\":\"https:\\\/\\\/accordpropiedades.com.ar\\\/#organization\"},\"potentialAction\":[{\"@type\":\"SearchAction\",\"target\":{\"@type\":\"EntryPoint\",\"urlTemplate\":\"https:\\\/\\\/accordpropiedades.com.ar\\\/?s={search_term_string}\"},\"query-input\":{\"@type\":\"PropertyValueSpecification\",\"valueRequired\":true,\"valueName\":\"search_term_string\"}}],\"inLanguage\":\"es\"},{\"@type\":\"Organization\",\"@id\":\"https:\\\/\\\/accordpropiedades.com.ar\\\/#organization\",\"name\":\"Accord Propiedades\",\"url\":\"https:\\\/\\\/accordpropiedades.com.ar\\\/\",\"logo\":{\"@type\":\"ImageObject\",\"inLanguage\":\"es\",\"@id\":\"https:\\\/\\\/accordpropiedades.com.ar\\\/#\\\/schema\\\/logo\\\/image\\\/\",\"url\":\"https:\\\/\\\/accordpropiedades.com.ar\\\/wp-content\\\/uploads\\\/2021\\\/08\\\/cropped-acoord1-1.png\",\"contentUrl\":\"https:\\\/\\\/accordpropiedades.com.ar\\\/wp-content\\\/uploads\\\/2021\\\/08\\\/cropped-acoord1-1.png\",\"width\":243,\"height\":64,\"caption\":\"Accord Propiedades\"},\"image\":{\"@id\":\"https:\\\/\\\/accordpropiedades.com.ar\\\/#\\\/schema\\\/logo\\\/image\\\/\"}}]}<\/script>\n<!-- \/ Yoast SEO plugin. -->","yoast_head_json":{"title":"EN VENTA CHALET DE VERANEO - BALNEARIO NUEVA ATLANTIS - Accord Propiedades","description":"venta, chalet, tres dormitorios, nueva atlantis, costa atlantica, buenos aires, accord propiedades, inmobiliaria","robots":{"index":"index","follow":"follow","max-snippet":"max-snippet:-1","max-image-preview":"max-image-preview:large","max-video-preview":"max-video-preview:-1"},"canonical":"https:\/\/accordpropiedades.com.ar\/index.php\/producto\/en-venta-un-hermoso-amplio-y-comodo-chalet-de-veraneo-en-el-balneario-nueva-atlantis\/","og_locale":"es_ES","og_type":"article","og_title":"EN VENTA CHALET DE VERANEO - BALNEARIO NUEVA ATLANTIS - Accord Propiedades","og_description":"venta, chalet, tres dormitorios, nueva atlantis, costa atlantica, buenos aires, accord propiedades, inmobiliaria","og_url":"https:\/\/accordpropiedades.com.ar\/index.php\/producto\/en-venta-un-hermoso-amplio-y-comodo-chalet-de-veraneo-en-el-balneario-nueva-atlantis\/","og_site_name":"Accord Propiedades","article_modified_time":"2025-08-14T23:35:41+00:00","og_image":[{"width":1280,"height":622,"url":"https:\/\/accordpropiedades.com.ar\/wp-content\/uploads\/2022\/05\/IMG-20220516-WA0049.jpg","type":"image\/jpeg"}],"twitter_card":"summary_large_image","twitter_misc":{"Tiempo de lectura":"1 minuto"},"schema":{"@context":"https:\/\/schema.org","@graph":[{"@type":"WebPage","@id":"https:\/\/accordpropiedades.com.ar\/index.php\/producto\/en-venta-un-hermoso-amplio-y-comodo-chalet-de-veraneo-en-el-balneario-nueva-atlantis\/","url":"https:\/\/accordpropiedades.com.ar\/index.php\/producto\/en-venta-un-hermoso-amplio-y-comodo-chalet-de-veraneo-en-el-balneario-nueva-atlantis\/","name":"EN VENTA CHALET DE VERANEO - BALNEARIO NUEVA ATLANTIS - Accord Propiedades","isPartOf":{"@id":"https:\/\/accordpropiedades.com.ar\/#website"},"primaryImageOfPage":{"@id":"https:\/\/accordpropiedades.com.ar\/index.php\/producto\/en-venta-un-hermoso-amplio-y-comodo-chalet-de-veraneo-en-el-balneario-nueva-atlantis\/#primaryimage"},"image":{"@id":"https:\/\/accordpropiedades.com.ar\/index.php\/producto\/en-venta-un-hermoso-amplio-y-comodo-chalet-de-veraneo-en-el-balneario-nueva-atlantis\/#primaryimage"},"thumbnailUrl":"https:\/\/accordpropiedades.com.ar\/wp-content\/uploads\/2022\/05\/IMG-20220516-WA0049.jpg","datePublished":"2022-05-18T11:46:05+00:00","dateModified":"2025-08-14T23:35:41+00:00","description":"venta, chalet, tres dormitorios, nueva atlantis, costa atlantica, buenos aires, accord propiedades, inmobiliaria","breadcrumb":{"@id":"https:\/\/accordpropiedades.com.ar\/index.php\/producto\/en-venta-un-hermoso-amplio-y-comodo-chalet-de-veraneo-en-el-balneario-nueva-atlantis\/#breadcrumb"},"inLanguage":"es","potentialAction":[{"@type":"ReadAction","target":["https:\/\/accordpropiedades.com.ar\/index.php\/producto\/en-venta-un-hermoso-amplio-y-comodo-chalet-de-veraneo-en-el-balneario-nueva-atlantis\/"]}]},{"@type":"ImageObject","inLanguage":"es","@id":"https:\/\/accordpropiedades.com.ar\/index.php\/producto\/en-venta-un-hermoso-amplio-y-comodo-chalet-de-veraneo-en-el-balneario-nueva-atlantis\/#primaryimage","url":"https:\/\/accordpropiedades.com.ar\/wp-content\/uploads\/2022\/05\/IMG-20220516-WA0049.jpg","contentUrl":"https:\/\/accordpropiedades.com.ar\/wp-content\/uploads\/2022\/05\/IMG-20220516-WA0049.jpg","width":1280,"height":622},{"@type":"BreadcrumbList","@id":"https:\/\/accordpropiedades.com.ar\/index.php\/producto\/en-venta-un-hermoso-amplio-y-comodo-chalet-de-veraneo-en-el-balneario-nueva-atlantis\/#breadcrumb","itemListElement":[{"@type":"ListItem","position":1,"name":"Portada","item":"https:\/\/accordpropiedades.com.ar\/"},{"@type":"ListItem","position":2,"name":"Tienda","item":"https:\/\/accordpropiedades.com.ar\/index.php\/tienda\/"},{"@type":"ListItem","position":3,"name":"EN VENTA CHALET DE VERANEO &#8212; BALNEARIO NUEVA ATLANTIS"}]},{"@type":"WebSite","@id":"https:\/\/accordpropiedades.com.ar\/#website","url":"https:\/\/accordpropiedades.com.ar\/","name":"Accord Propiedades","description":"","publisher":{"@id":"https:\/\/accordpropiedades.com.ar\/#organization"},"potentialAction":[{"@type":"SearchAction","target":{"@type":"EntryPoint","urlTemplate":"https:\/\/accordpropiedades.com.ar\/?s={search_term_string}"},"query-input":{"@type":"PropertyValueSpecification","valueRequired":true,"valueName":"search_term_string"}}],"inLanguage":"es"},{"@type":"Organization","@id":"https:\/\/accordpropiedades.com.ar\/#organization","name":"Accord Propiedades","url":"https:\/\/accordpropiedades.com.ar\/","logo":{"@type":"ImageObject","inLanguage":"es","@id":"https:\/\/accordpropiedades.com.ar\/#\/schema\/logo\/image\/","url":"https:\/\/accordpropiedades.com.ar\/wp-content\/uploads\/2021\/08\/cropped-acoord1-1.png","contentUrl":"https:\/\/accordpropiedades.com.ar\/wp-content\/uploads\/2021\/08\/cropped-acoord1-1.png","width":243,"height":64,"caption":"Accord Propiedades"},"image":{"@id":"https:\/\/accordpropiedades.com.ar\/#\/schema\/logo\/image\/"}}]}},"_links":{"self":[{"href":"https:\/\/accordpropiedades.com.ar\/index.php\/wp-json\/wp\/v2\/product\/1004","targetHints":{"allow":["GET"]}}],"collection":[{"href":"https:\/\/accordpropiedades.com.ar\/index.php\/wp-json\/wp\/v2\/product"}],"about":[{"href":"https:\/\/accordpropiedades.com.ar\/index.php\/wp-json\/wp\/v2\/types\/product"}],"replies":[{"embeddable":true,"href":"https:\/\/accordpropiedades.com.ar\/index.php\/wp-json\/wp\/v2\/comments?post=1004"}],"version-history":[{"count":5,"href":"https:\/\/accordpropiedades.com.ar\/index.php\/wp-json\/wp\/v2\/product\/1004\/revisions"}],"predecessor-version":[{"id":1302,"href":"https:\/\/accordpropiedades.com.ar\/index.php\/wp-json\/wp\/v2\/product\/1004\/revisions\/1302"}],"wp:featuredmedia":[{"embeddable":true,"href":"https:\/\/accordpropiedades.com.ar\/index.php\/wp-json\/wp\/v2\/media\/1005"}],"wp:attachment":[{"href":"https:\/\/accordpropiedades.com.ar\/index.php\/wp-json\/wp\/v2\/media?parent=1004"}],"wp:term":[{"taxonomy":"product_brand","embeddable":true,"href":"https:\/\/accordpropiedades.com.ar\/index.php\/wp-json\/wp\/v2\/product_brand?post=1004"},{"taxonomy":"product_cat","embeddable":true,"href":"https:\/\/accordpropiedades.com.ar\/index.php\/wp-json\/wp\/v2\/product_cat?post=1004"},{"taxonomy":"product_tag","embeddable":true,"href":"https:\/\/accordpropiedades.com.ar\/index.php\/wp-json\/wp\/v2\/product_tag?post=1004"}],"curies":[{"name":"wp","href":"https:\/\/api.w.org\/{rel}","templated":true}]}}