{"id":1019,"date":"2022-05-21T17:48:00","date_gmt":"2022-05-21T17:48:00","guid":{"rendered":"https:\/\/accordpropiedades.com.ar\/?post_type=product&#038;p=1019"},"modified":"2025-08-14T23:35:41","modified_gmt":"2025-08-14T23:35:41","slug":"excelente-lote-en-alquiler-en-don-torcuato","status":"publish","type":"product","link":"https:\/\/accordpropiedades.com.ar\/index.php\/producto\/excelente-lote-en-alquiler-en-don-torcuato\/","title":{"rendered":"EXCELENTE LOTE EN ALQUILER EN DON TORCUATO- ALQUILADO"},"content":{"rendered":"<p>EXCELENTE LOTE EN ALQUILER EN DON TORCUATO EN ESQUINA<br \/>\nUBICADA EN INTERESANTE ZONA COMERCIAL FRENTE A UN INMINENTE<br \/>\nDESARROLLO GASTRON\u00d3MICO Y CRECIMIENTO VECINAL EN MARCHA<br \/>\nDESCRIPCI\u00d3N : SUPERFICIE 300 m2 APROXIMADAMENTE.<br \/>\nSERVICIOS: ENERG\u00cdA ELECTRICA Y GAS NATURAL PROVISTA POR RED<br \/>\nP\u00daBLICA.<br \/>\nDENTRO DE LA PROPIEDAD SE ENCUENTRA UNA CONSTRUCCI\u00d3N CON<br \/>\nPOSIBILIDAD DE RECICLAJE O DEMOLICI\u00d3N DE ACUERDO A LA NECESIDAD<br \/>\nDEL INTERESADO.-<br \/>\nTODO CERCADO CON ALAMBRADO PERIMETRAL Y CON POSTES DE<br \/>\nHORMIGON CON EXTREMOS SUPERIORES ANGULARES CON ALAMBRES<br \/>\nDE P\u00daA QUE BRINDA SEGURIDAD AL BIEN, A LO QUE SE SUMAN<br \/>\nPORT\u00d3NES DE ACCESO SOBRE AMBAS ARTERIAS: CON FRENTE A LA AVDA.<br \/>\nANGEL TORCUATO DE ALVEAR (RUTA 202) AL 1800 Y CALLE REYNOSO.<br \/>\nPRECIO ALQUILER MENSUAL EXPRESADO EN PESOS, MAS<br \/>\nSERVICIOS.<\/p>\n","protected":false},"excerpt":{"rendered":"<p>EXCELENTE LOTE EN ALQUILER EN DON TORCUATO EN ESQUINA UBICADA EN INTERESANTE ZONA COMERCIAL FRENTE A UN INMINENTE DESARROLLO GASTRON\u00d3MICO Y CRECIMIENTO VECINAL EN MARCHA DESCRIPCI\u00d3N : SUPERFICIE 300 m2 APROXIMADAMENTE. SERVICIOS: ENERG\u00cdA ELECTRICA Y GAS NATURAL PROVISTA POR RED P\u00daBLICA. DENTRO DE LA PROPIEDAD SE ENCUENTRA UNA CONSTRUCCI\u00d3N CON POSIBILIDAD DE RECICLAJE O DEMOLICI\u00d3N [&hellip;]<\/p>\n","protected":false},"featured_media":0,"comment_status":"open","ping_status":"closed","template":"","meta":{"_et_pb_use_builder":"","_et_pb_old_content":"","_et_gb_content_width":"","_joinchat":[]},"product_brand":[],"product_cat":[18,20,65],"product_tag":[],"class_list":{"0":"post-1019","1":"product","2":"type-product","3":"status-publish","5":"product_cat-alquiler","6":"product_cat-casa","7":"product_cat-lote-con-mejoras","9":"first","10":"instock","11":"shipping-taxable","12":"product-type-simple"},"yoast_head":"<!-- This site is optimized with the Yoast SEO plugin v27.4 - https:\/\/yoast.com\/product\/yoast-seo-wordpress\/ -->\n<title>EXCELENTE LOTE EN ALQUILER EN DON TORCUATO- ALQUILADO - Accord Propiedades<\/title>\n<meta name=\"description\" content=\"EXCELENTE LOTE EN ALQUILER EN DON TORCUATO EN ESQUINAUBICADA EN INTERESANTE ZONA COMERCIAL FRENTE A UN INMINENTEDESARROLLO GASTRON\u00d3MICO Y CRECIMIENTO VECINAL EN MARCHADESCRIPCI\u00d3N : SUPERFICIE 300 m2 APROXIMADAMENTE.\" \/>\n<meta name=\"robots\" content=\"index, follow, max-snippet:-1, max-image-preview:large, max-video-preview:-1\" \/>\n<link rel=\"canonical\" href=\"https:\/\/accordpropiedades.com.ar\/index.php\/producto\/excelente-lote-en-alquiler-en-don-torcuato\/\" \/>\n<meta property=\"og:locale\" content=\"es_ES\" \/>\n<meta property=\"og:type\" content=\"article\" \/>\n<meta property=\"og:title\" content=\"EXCELENTE LOTE EN ALQUILER EN DON TORCUATO- ALQUILADO - Accord Propiedades\" \/>\n<meta property=\"og:description\" content=\"EXCELENTE LOTE EN ALQUILER EN DON TORCUATO EN ESQUINAUBICADA EN INTERESANTE ZONA COMERCIAL FRENTE A UN INMINENTEDESARROLLO GASTRON\u00d3MICO Y CRECIMIENTO VECINAL EN MARCHADESCRIPCI\u00d3N : SUPERFICIE 300 m2 APROXIMADAMENTE.\" \/>\n<meta property=\"og:url\" content=\"https:\/\/accordpropiedades.com.ar\/index.php\/producto\/excelente-lote-en-alquiler-en-don-torcuato\/\" \/>\n<meta property=\"og:site_name\" content=\"Accord Propiedades\" \/>\n<meta property=\"article:modified_time\" content=\"2025-08-14T23:35:41+00:00\" \/>\n<meta name=\"twitter:card\" content=\"summary_large_image\" \/>\n<meta name=\"twitter:label1\" content=\"Tiempo de lectura\" \/>\n\t<meta name=\"twitter:data1\" content=\"1 minuto\" \/>\n<script type=\"application\/ld+json\" class=\"yoast-schema-graph\">{\"@context\":\"https:\\\/\\\/schema.org\",\"@graph\":[{\"@type\":\"WebPage\",\"@id\":\"https:\\\/\\\/accordpropiedades.com.ar\\\/index.php\\\/producto\\\/excelente-lote-en-alquiler-en-don-torcuato\\\/\",\"url\":\"https:\\\/\\\/accordpropiedades.com.ar\\\/index.php\\\/producto\\\/excelente-lote-en-alquiler-en-don-torcuato\\\/\",\"name\":\"EXCELENTE LOTE EN ALQUILER EN DON TORCUATO- ALQUILADO - Accord Propiedades\",\"isPartOf\":{\"@id\":\"https:\\\/\\\/accordpropiedades.com.ar\\\/#website\"},\"datePublished\":\"2022-05-21T17:48:00+00:00\",\"dateModified\":\"2025-08-14T23:35:41+00:00\",\"description\":\"EXCELENTE LOTE EN ALQUILER EN DON TORCUATO EN ESQUINAUBICADA EN INTERESANTE ZONA COMERCIAL FRENTE A UN INMINENTEDESARROLLO GASTRON\u00d3MICO Y CRECIMIENTO VECINAL EN MARCHADESCRIPCI\u00d3N : SUPERFICIE 300 m2 APROXIMADAMENTE.\",\"breadcrumb\":{\"@id\":\"https:\\\/\\\/accordpropiedades.com.ar\\\/index.php\\\/producto\\\/excelente-lote-en-alquiler-en-don-torcuato\\\/#breadcrumb\"},\"inLanguage\":\"es\",\"potentialAction\":[{\"@type\":\"ReadAction\",\"target\":[\"https:\\\/\\\/accordpropiedades.com.ar\\\/index.php\\\/producto\\\/excelente-lote-en-alquiler-en-don-torcuato\\\/\"]}]},{\"@type\":\"BreadcrumbList\",\"@id\":\"https:\\\/\\\/accordpropiedades.com.ar\\\/index.php\\\/producto\\\/excelente-lote-en-alquiler-en-don-torcuato\\\/#breadcrumb\",\"itemListElement\":[{\"@type\":\"ListItem\",\"position\":1,\"name\":\"Portada\",\"item\":\"https:\\\/\\\/accordpropiedades.com.ar\\\/\"},{\"@type\":\"ListItem\",\"position\":2,\"name\":\"Tienda\",\"item\":\"https:\\\/\\\/accordpropiedades.com.ar\\\/index.php\\\/tienda\\\/\"},{\"@type\":\"ListItem\",\"position\":3,\"name\":\"EXCELENTE LOTE EN ALQUILER EN DON TORCUATO- ALQUILADO\"}]},{\"@type\":\"WebSite\",\"@id\":\"https:\\\/\\\/accordpropiedades.com.ar\\\/#website\",\"url\":\"https:\\\/\\\/accordpropiedades.com.ar\\\/\",\"name\":\"Accord Propiedades\",\"description\":\"\",\"publisher\":{\"@id\":\"https:\\\/\\\/accordpropiedades.com.ar\\\/#organization\"},\"potentialAction\":[{\"@type\":\"SearchAction\",\"target\":{\"@type\":\"EntryPoint\",\"urlTemplate\":\"https:\\\/\\\/accordpropiedades.com.ar\\\/?s={search_term_string}\"},\"query-input\":{\"@type\":\"PropertyValueSpecification\",\"valueRequired\":true,\"valueName\":\"search_term_string\"}}],\"inLanguage\":\"es\"},{\"@type\":\"Organization\",\"@id\":\"https:\\\/\\\/accordpropiedades.com.ar\\\/#organization\",\"name\":\"Accord Propiedades\",\"url\":\"https:\\\/\\\/accordpropiedades.com.ar\\\/\",\"logo\":{\"@type\":\"ImageObject\",\"inLanguage\":\"es\",\"@id\":\"https:\\\/\\\/accordpropiedades.com.ar\\\/#\\\/schema\\\/logo\\\/image\\\/\",\"url\":\"https:\\\/\\\/accordpropiedades.com.ar\\\/wp-content\\\/uploads\\\/2021\\\/08\\\/cropped-acoord1-1.png\",\"contentUrl\":\"https:\\\/\\\/accordpropiedades.com.ar\\\/wp-content\\\/uploads\\\/2021\\\/08\\\/cropped-acoord1-1.png\",\"width\":243,\"height\":64,\"caption\":\"Accord Propiedades\"},\"image\":{\"@id\":\"https:\\\/\\\/accordpropiedades.com.ar\\\/#\\\/schema\\\/logo\\\/image\\\/\"}}]}<\/script>\n<!-- \/ Yoast SEO plugin. -->","yoast_head_json":{"title":"EXCELENTE LOTE EN ALQUILER EN DON TORCUATO- ALQUILADO - Accord Propiedades","description":"EXCELENTE LOTE EN ALQUILER EN DON TORCUATO EN ESQUINAUBICADA EN INTERESANTE ZONA COMERCIAL FRENTE A UN INMINENTEDESARROLLO GASTRON\u00d3MICO Y CRECIMIENTO VECINAL EN MARCHADESCRIPCI\u00d3N : SUPERFICIE 300 m2 APROXIMADAMENTE.","robots":{"index":"index","follow":"follow","max-snippet":"max-snippet:-1","max-image-preview":"max-image-preview:large","max-video-preview":"max-video-preview:-1"},"canonical":"https:\/\/accordpropiedades.com.ar\/index.php\/producto\/excelente-lote-en-alquiler-en-don-torcuato\/","og_locale":"es_ES","og_type":"article","og_title":"EXCELENTE LOTE EN ALQUILER EN DON TORCUATO- ALQUILADO - Accord Propiedades","og_description":"EXCELENTE LOTE EN ALQUILER EN DON TORCUATO EN ESQUINAUBICADA EN INTERESANTE ZONA COMERCIAL FRENTE A UN INMINENTEDESARROLLO GASTRON\u00d3MICO Y CRECIMIENTO VECINAL EN MARCHADESCRIPCI\u00d3N : SUPERFICIE 300 m2 APROXIMADAMENTE.","og_url":"https:\/\/accordpropiedades.com.ar\/index.php\/producto\/excelente-lote-en-alquiler-en-don-torcuato\/","og_site_name":"Accord Propiedades","article_modified_time":"2025-08-14T23:35:41+00:00","twitter_card":"summary_large_image","twitter_misc":{"Tiempo de lectura":"1 minuto"},"schema":{"@context":"https:\/\/schema.org","@graph":[{"@type":"WebPage","@id":"https:\/\/accordpropiedades.com.ar\/index.php\/producto\/excelente-lote-en-alquiler-en-don-torcuato\/","url":"https:\/\/accordpropiedades.com.ar\/index.php\/producto\/excelente-lote-en-alquiler-en-don-torcuato\/","name":"EXCELENTE LOTE EN ALQUILER EN DON TORCUATO- ALQUILADO - Accord Propiedades","isPartOf":{"@id":"https:\/\/accordpropiedades.com.ar\/#website"},"datePublished":"2022-05-21T17:48:00+00:00","dateModified":"2025-08-14T23:35:41+00:00","description":"EXCELENTE LOTE EN ALQUILER EN DON TORCUATO EN ESQUINAUBICADA EN INTERESANTE ZONA COMERCIAL FRENTE A UN INMINENTEDESARROLLO GASTRON\u00d3MICO Y CRECIMIENTO VECINAL EN MARCHADESCRIPCI\u00d3N : SUPERFICIE 300 m2 APROXIMADAMENTE.","breadcrumb":{"@id":"https:\/\/accordpropiedades.com.ar\/index.php\/producto\/excelente-lote-en-alquiler-en-don-torcuato\/#breadcrumb"},"inLanguage":"es","potentialAction":[{"@type":"ReadAction","target":["https:\/\/accordpropiedades.com.ar\/index.php\/producto\/excelente-lote-en-alquiler-en-don-torcuato\/"]}]},{"@type":"BreadcrumbList","@id":"https:\/\/accordpropiedades.com.ar\/index.php\/producto\/excelente-lote-en-alquiler-en-don-torcuato\/#breadcrumb","itemListElement":[{"@type":"ListItem","position":1,"name":"Portada","item":"https:\/\/accordpropiedades.com.ar\/"},{"@type":"ListItem","position":2,"name":"Tienda","item":"https:\/\/accordpropiedades.com.ar\/index.php\/tienda\/"},{"@type":"ListItem","position":3,"name":"EXCELENTE LOTE EN ALQUILER EN DON TORCUATO- ALQUILADO"}]},{"@type":"WebSite","@id":"https:\/\/accordpropiedades.com.ar\/#website","url":"https:\/\/accordpropiedades.com.ar\/","name":"Accord Propiedades","description":"","publisher":{"@id":"https:\/\/accordpropiedades.com.ar\/#organization"},"potentialAction":[{"@type":"SearchAction","target":{"@type":"EntryPoint","urlTemplate":"https:\/\/accordpropiedades.com.ar\/?s={search_term_string}"},"query-input":{"@type":"PropertyValueSpecification","valueRequired":true,"valueName":"search_term_string"}}],"inLanguage":"es"},{"@type":"Organization","@id":"https:\/\/accordpropiedades.com.ar\/#organization","name":"Accord Propiedades","url":"https:\/\/accordpropiedades.com.ar\/","logo":{"@type":"ImageObject","inLanguage":"es","@id":"https:\/\/accordpropiedades.com.ar\/#\/schema\/logo\/image\/","url":"https:\/\/accordpropiedades.com.ar\/wp-content\/uploads\/2021\/08\/cropped-acoord1-1.png","contentUrl":"https:\/\/accordpropiedades.com.ar\/wp-content\/uploads\/2021\/08\/cropped-acoord1-1.png","width":243,"height":64,"caption":"Accord Propiedades"},"image":{"@id":"https:\/\/accordpropiedades.com.ar\/#\/schema\/logo\/image\/"}}]}},"_links":{"self":[{"href":"https:\/\/accordpropiedades.com.ar\/index.php\/wp-json\/wp\/v2\/product\/1019","targetHints":{"allow":["GET"]}}],"collection":[{"href":"https:\/\/accordpropiedades.com.ar\/index.php\/wp-json\/wp\/v2\/product"}],"about":[{"href":"https:\/\/accordpropiedades.com.ar\/index.php\/wp-json\/wp\/v2\/types\/product"}],"replies":[{"embeddable":true,"href":"https:\/\/accordpropiedades.com.ar\/index.php\/wp-json\/wp\/v2\/comments?post=1019"}],"version-history":[{"count":2,"href":"https:\/\/accordpropiedades.com.ar\/index.php\/wp-json\/wp\/v2\/product\/1019\/revisions"}],"predecessor-version":[{"id":1274,"href":"https:\/\/accordpropiedades.com.ar\/index.php\/wp-json\/wp\/v2\/product\/1019\/revisions\/1274"}],"wp:attachment":[{"href":"https:\/\/accordpropiedades.com.ar\/index.php\/wp-json\/wp\/v2\/media?parent=1019"}],"wp:term":[{"taxonomy":"product_brand","embeddable":true,"href":"https:\/\/accordpropiedades.com.ar\/index.php\/wp-json\/wp\/v2\/product_brand?post=1019"},{"taxonomy":"product_cat","embeddable":true,"href":"https:\/\/accordpropiedades.com.ar\/index.php\/wp-json\/wp\/v2\/product_cat?post=1019"},{"taxonomy":"product_tag","embeddable":true,"href":"https:\/\/accordpropiedades.com.ar\/index.php\/wp-json\/wp\/v2\/product_tag?post=1019"}],"curies":[{"name":"wp","href":"https:\/\/api.w.org\/{rel}","templated":true}]}}