{"id":1073,"date":"2022-10-19T22:01:47","date_gmt":"2022-10-19T22:01:47","guid":{"rendered":"https:\/\/accordpropiedades.com.ar\/?post_type=product&#038;p=1073"},"modified":"2025-10-18T02:34:43","modified_gmt":"2025-10-18T02:34:43","slug":"excelente-propiedad-casa-quinta-venta-en-block","status":"publish","type":"product","link":"https:\/\/accordpropiedades.com.ar\/index.php\/producto\/excelente-propiedad-casa-quinta-venta-en-block\/","title":{"rendered":"EXCELENTE PROPIEDAD \u201cCASA QUINTA\u201d VENTA EN BLOCK"},"content":{"rendered":"<p>EXCELENTE PROPIEDAD \u201cCASA QUINTA\u201d VENTA EN BLOCK PARA<br \/>\nINVERSIONISTAS- DESARROLLADORES INMOBILIARIOS U ORGANIZADORES<br \/>\nDE EVENTOS CORPORATIVOS Y SOCIALES SOBRE UNA SUPERFICIE DE 3.000<br \/>\nm2 SUBDIVIDIDA CATASTRALMENTE EN 3 LOTES DE 20 METROS DE FRENTE<br \/>\nPOR 50 METROS DE FONDO.-UBICADA CON FRENTE A LA CALLE BALBASTRO<br \/>\nNRO. 1791 DE LA LOCALIDAD DE DON TORCUATO-PARTIDO DE TIGRE-<br \/>\nPROVINCIA DE BUENOS AIRES.-<br \/>\nSOBRE UN LOTE DE 1.000 m2 IMPORTANTE Y AMPLIO CHALET DE S\u00d3LIDA<br \/>\nCONSTRUCCI\u00d3N DE MAMPOSTERIA DE LADRILLOS-DOBLE PAREDES CON<br \/>\nLADRILLOS VISTA CON TECHO DE TEJAS,DESARROLLADA EN DOS PLANTAS<br \/>\nCON UNA SUPERFICIE TOTAL DE 360 m2 DE ACUERDO AL SIGUIENTE<br \/>\nDETALLE:<br \/>\nPLANTA BAJA. Hall de entrada y se ingresa a un amplio living dispuesto en dos<br \/>\nniveles- amplia cocina y comedor- ba\u00f1o principal y toilette y 2 dormitorios ,( uno en<br \/>\nsuite). Amplia cochera . Por el lateral de la casa se ingresa al contrafrente donde se<br \/>\nubican 4 cocheras techadas.<br \/>\nPLANTA ALTA: Consta de 3 dormitorios \u2013 (2 en suite)-ba\u00f1o principal y un amplio Play<br \/>\nroom con un ambiente con kitchenette y balc\u00f3n al frente del edificio.-<br \/>\nSe contin\u00faa la propiedad con un lote contiguo de 1000 m2 con mejoras -parquizado<br \/>\nsin edificaci\u00f3n y adyacente a \u00e9ste se encuentra el otro lote de 1000 m2 que alberga<br \/>\nUN CHALET ubicado en contrafrente construido de mamposter\u00eda de ladrillos vista y<br \/>\ntecho de tejas con una superficie de aproximada de 70 m2 que consta de cocina-<br \/>\nba\u00f1o-comedor , altillo y galer\u00eda con parrillla. Hacia el frente se ubica una piscina de 12<br \/>\nx 4 m de s\u00f3lida construcci\u00f3n con protecci\u00f3n .-<br \/>\nSERVICIOS : Servicio de internet -Luz- Gas natural- y agua por bomba sumergible<br \/>\ncon tanque de reserva que e instalaci\u00f3n provee a las dos casas del predio.<br \/>\n(pr\u00f3ximamente agua corriente provista por Aysa.).<br \/>\nAntig\u00fcedad : 35 a\u00f1os<\/p>\n<p>PRECIO EXPRESADO EN D\u00d3LARES ESTADOUNIDENSES.<\/p>\n<p>SE CONSIDERARAN PERMUTAS<br \/>\nCONDICIONES DE VENTA: 30 % AL BOLETO DE COMPRAVENTA, SALDO<br \/>\n70% CONTRA LA ESCRITURA TRASLATIVA DEL DOMINIO.-<\/p>\n<p>(Res. AFIP 2371\/08, 2439\/08 y ccs.) por parte del propietario.<br \/>\nLas medidas consignadas no son exactas, tienen un fin meramente orientativo,<br \/>\nno vinculantes. Las medidas de superficie reales surgir\u00e1n del t\u00edtulo de<br \/>\npropiedad.<br \/>\nDon Torcuato es una ciudad ubicada en el sur del partido de Tigre, en la zona norte<br \/>\ndel Gran Buenos Aires, Provincia de Buenos Aires en Argentina.<\/p>\n<p>Limita con las localidades de El Talar, General Pacheco, Troncos del Talar, San<br \/>\nFernando, Victoria, Boulogne Sur Mer, Jos\u00e9 Le\u00f3n Suarez, Loma Hermosa, Campo de<br \/>\nMayo e Ingeniero Adolfo Sordeaux.<br \/>\nCuenta con acceso directo a la Ciudad Aut\u00f3noma de Buenos Aires por la Autopista<br \/>\nPascual Palazzo parte de la Carretera Panamericana y por la red ferroviaria argentina<br \/>\nprestada por la l\u00ednea Belgrano Norte del Ferrocarril General Belgrano que parte de la<br \/>\nestaci\u00f3n Retiro.-<\/p>\n","protected":false},"excerpt":{"rendered":"<p>EXCELENTE PROPIEDAD \u201cCASA QUINTA\u201d VENTA EN BLOCK PARA<br \/>\nINVERSIONISTAS- DESARROLLADORES INMOBILIARIOS U ORGANIZADORES<br \/>\nDE EVENTOS CORPORATIVOS Y SOCIALES SOBRE UNA SUPERFICIE DE 3.000<br \/>\nm2 SUBDIVIDIDA CATASTRALMENTE EN 3 LOTES DE 20 METROS DE FRENTE<br \/>\nPOR 50 METROS DE FONDO.-UBICADA CON FRENTE A LA CALLE BALBASTRO<br \/>\nNRO. 1791 DE LA LOCALIDAD DE DON TORCUATO-PARTIDO DE TIGRE-<br \/>\nPROVINCIA DE BUENOS AIRES.-<\/p>\n","protected":false},"featured_media":1074,"comment_status":"open","ping_status":"closed","template":"","meta":{"_et_pb_use_builder":"","_et_pb_old_content":"","_et_gb_content_width":"","_joinchat":[]},"product_brand":[],"product_cat":[25,89,30,53,56,71,87,84,85,76,90,61,58,17],"product_tag":[],"class_list":{"0":"post-1073","1":"product","2":"type-product","3":"status-publish","4":"has-post-thumbnail","6":"product_cat-1-bano","7":"product_cat-2-banos-en-suite","8":"product_cat-3-dormitorios","9":"product_cat-balcon","10":"product_cat-cocina-comedor","11":"product_cat-garage","12":"product_cat-hall-de-entrada","13":"product_cat-kitchenette","14":"product_cat-living","15":"product_cat-parrilla","16":"product_cat-piscina","17":"product_cat-play-room","18":"product_cat-toilette","19":"product_cat-venta","21":"first","22":"instock","23":"shipping-taxable","24":"purchasable","25":"product-type-simple"},"yoast_head":"<!-- This site is optimized with the Yoast SEO plugin v27.4 - https:\/\/yoast.com\/product\/yoast-seo-wordpress\/ -->\n<title>EXCELENTE PROPIEDAD \u201cCASA QUINTA\u201d VENTA EN BLOCK - Accord Propiedades<\/title>\n<meta name=\"description\" content=\"venta, casa quinta, venta en block, chalet, cinco dormitorios, don torcuato, buenos aires, partido de tigre, accord propiedades, inmobiliaria\" \/>\n<meta name=\"robots\" content=\"index, follow, max-snippet:-1, max-image-preview:large, max-video-preview:-1\" \/>\n<link rel=\"canonical\" href=\"https:\/\/accordpropiedades.com.ar\/index.php\/producto\/excelente-propiedad-casa-quinta-venta-en-block\/\" \/>\n<meta property=\"og:locale\" content=\"es_ES\" \/>\n<meta property=\"og:type\" content=\"article\" \/>\n<meta property=\"og:title\" content=\"EXCELENTE PROPIEDAD \u201cCASA QUINTA\u201d VENTA EN BLOCK - Accord Propiedades\" \/>\n<meta property=\"og:description\" content=\"venta, casa quinta, venta en block, chalet, cinco dormitorios, don torcuato, buenos aires, partido de tigre, accord propiedades, inmobiliaria\" \/>\n<meta property=\"og:url\" content=\"https:\/\/accordpropiedades.com.ar\/index.php\/producto\/excelente-propiedad-casa-quinta-venta-en-block\/\" \/>\n<meta property=\"og:site_name\" content=\"Accord Propiedades\" \/>\n<meta property=\"article:modified_time\" content=\"2025-10-18T02:34:43+00:00\" \/>\n<meta property=\"og:image\" content=\"https:\/\/accordpropiedades.com.ar\/wp-content\/uploads\/2022\/10\/WhatsApp-Image-2022-10-17-at-3.59.58-PM.jpeg\" \/>\n\t<meta property=\"og:image:width\" content=\"1024\" \/>\n\t<meta property=\"og:image:height\" content=\"768\" \/>\n\t<meta property=\"og:image:type\" content=\"image\/jpeg\" \/>\n<meta name=\"twitter:card\" content=\"summary_large_image\" \/>\n<meta name=\"twitter:label1\" content=\"Tiempo de lectura\" \/>\n\t<meta name=\"twitter:data1\" content=\"2 minutos\" \/>\n<script type=\"application\/ld+json\" class=\"yoast-schema-graph\">{\"@context\":\"https:\\\/\\\/schema.org\",\"@graph\":[{\"@type\":\"WebPage\",\"@id\":\"https:\\\/\\\/accordpropiedades.com.ar\\\/index.php\\\/producto\\\/excelente-propiedad-casa-quinta-venta-en-block\\\/\",\"url\":\"https:\\\/\\\/accordpropiedades.com.ar\\\/index.php\\\/producto\\\/excelente-propiedad-casa-quinta-venta-en-block\\\/\",\"name\":\"EXCELENTE PROPIEDAD \u201cCASA QUINTA\u201d VENTA EN BLOCK - Accord Propiedades\",\"isPartOf\":{\"@id\":\"https:\\\/\\\/accordpropiedades.com.ar\\\/#website\"},\"primaryImageOfPage\":{\"@id\":\"https:\\\/\\\/accordpropiedades.com.ar\\\/index.php\\\/producto\\\/excelente-propiedad-casa-quinta-venta-en-block\\\/#primaryimage\"},\"image\":{\"@id\":\"https:\\\/\\\/accordpropiedades.com.ar\\\/index.php\\\/producto\\\/excelente-propiedad-casa-quinta-venta-en-block\\\/#primaryimage\"},\"thumbnailUrl\":\"https:\\\/\\\/accordpropiedades.com.ar\\\/wp-content\\\/uploads\\\/2022\\\/10\\\/WhatsApp-Image-2022-10-17-at-3.59.58-PM.jpeg\",\"datePublished\":\"2022-10-19T22:01:47+00:00\",\"dateModified\":\"2025-10-18T02:34:43+00:00\",\"description\":\"venta, casa quinta, venta en block, chalet, cinco dormitorios, don torcuato, buenos aires, partido de tigre, accord propiedades, inmobiliaria\",\"breadcrumb\":{\"@id\":\"https:\\\/\\\/accordpropiedades.com.ar\\\/index.php\\\/producto\\\/excelente-propiedad-casa-quinta-venta-en-block\\\/#breadcrumb\"},\"inLanguage\":\"es\",\"potentialAction\":[{\"@type\":\"ReadAction\",\"target\":[\"https:\\\/\\\/accordpropiedades.com.ar\\\/index.php\\\/producto\\\/excelente-propiedad-casa-quinta-venta-en-block\\\/\"]}]},{\"@type\":\"ImageObject\",\"inLanguage\":\"es\",\"@id\":\"https:\\\/\\\/accordpropiedades.com.ar\\\/index.php\\\/producto\\\/excelente-propiedad-casa-quinta-venta-en-block\\\/#primaryimage\",\"url\":\"https:\\\/\\\/accordpropiedades.com.ar\\\/wp-content\\\/uploads\\\/2022\\\/10\\\/WhatsApp-Image-2022-10-17-at-3.59.58-PM.jpeg\",\"contentUrl\":\"https:\\\/\\\/accordpropiedades.com.ar\\\/wp-content\\\/uploads\\\/2022\\\/10\\\/WhatsApp-Image-2022-10-17-at-3.59.58-PM.jpeg\",\"width\":1024,\"height\":768},{\"@type\":\"BreadcrumbList\",\"@id\":\"https:\\\/\\\/accordpropiedades.com.ar\\\/index.php\\\/producto\\\/excelente-propiedad-casa-quinta-venta-en-block\\\/#breadcrumb\",\"itemListElement\":[{\"@type\":\"ListItem\",\"position\":1,\"name\":\"Portada\",\"item\":\"https:\\\/\\\/accordpropiedades.com.ar\\\/\"},{\"@type\":\"ListItem\",\"position\":2,\"name\":\"Tienda\",\"item\":\"https:\\\/\\\/accordpropiedades.com.ar\\\/index.php\\\/tienda\\\/\"},{\"@type\":\"ListItem\",\"position\":3,\"name\":\"EXCELENTE PROPIEDAD \u201cCASA QUINTA\u201d VENTA EN BLOCK\"}]},{\"@type\":\"WebSite\",\"@id\":\"https:\\\/\\\/accordpropiedades.com.ar\\\/#website\",\"url\":\"https:\\\/\\\/accordpropiedades.com.ar\\\/\",\"name\":\"Accord Propiedades\",\"description\":\"\",\"publisher\":{\"@id\":\"https:\\\/\\\/accordpropiedades.com.ar\\\/#organization\"},\"potentialAction\":[{\"@type\":\"SearchAction\",\"target\":{\"@type\":\"EntryPoint\",\"urlTemplate\":\"https:\\\/\\\/accordpropiedades.com.ar\\\/?s={search_term_string}\"},\"query-input\":{\"@type\":\"PropertyValueSpecification\",\"valueRequired\":true,\"valueName\":\"search_term_string\"}}],\"inLanguage\":\"es\"},{\"@type\":\"Organization\",\"@id\":\"https:\\\/\\\/accordpropiedades.com.ar\\\/#organization\",\"name\":\"Accord Propiedades\",\"url\":\"https:\\\/\\\/accordpropiedades.com.ar\\\/\",\"logo\":{\"@type\":\"ImageObject\",\"inLanguage\":\"es\",\"@id\":\"https:\\\/\\\/accordpropiedades.com.ar\\\/#\\\/schema\\\/logo\\\/image\\\/\",\"url\":\"https:\\\/\\\/accordpropiedades.com.ar\\\/wp-content\\\/uploads\\\/2021\\\/08\\\/cropped-acoord1-1.png\",\"contentUrl\":\"https:\\\/\\\/accordpropiedades.com.ar\\\/wp-content\\\/uploads\\\/2021\\\/08\\\/cropped-acoord1-1.png\",\"width\":243,\"height\":64,\"caption\":\"Accord Propiedades\"},\"image\":{\"@id\":\"https:\\\/\\\/accordpropiedades.com.ar\\\/#\\\/schema\\\/logo\\\/image\\\/\"}}]}<\/script>\n<!-- \/ Yoast SEO plugin. -->","yoast_head_json":{"title":"EXCELENTE PROPIEDAD \u201cCASA QUINTA\u201d VENTA EN BLOCK - Accord Propiedades","description":"venta, casa quinta, venta en block, chalet, cinco dormitorios, don torcuato, buenos aires, partido de tigre, accord propiedades, inmobiliaria","robots":{"index":"index","follow":"follow","max-snippet":"max-snippet:-1","max-image-preview":"max-image-preview:large","max-video-preview":"max-video-preview:-1"},"canonical":"https:\/\/accordpropiedades.com.ar\/index.php\/producto\/excelente-propiedad-casa-quinta-venta-en-block\/","og_locale":"es_ES","og_type":"article","og_title":"EXCELENTE PROPIEDAD \u201cCASA QUINTA\u201d VENTA EN BLOCK - Accord Propiedades","og_description":"venta, casa quinta, venta en block, chalet, cinco dormitorios, don torcuato, buenos aires, partido de tigre, accord propiedades, inmobiliaria","og_url":"https:\/\/accordpropiedades.com.ar\/index.php\/producto\/excelente-propiedad-casa-quinta-venta-en-block\/","og_site_name":"Accord Propiedades","article_modified_time":"2025-10-18T02:34:43+00:00","og_image":[{"width":1024,"height":768,"url":"https:\/\/accordpropiedades.com.ar\/wp-content\/uploads\/2022\/10\/WhatsApp-Image-2022-10-17-at-3.59.58-PM.jpeg","type":"image\/jpeg"}],"twitter_card":"summary_large_image","twitter_misc":{"Tiempo de lectura":"2 minutos"},"schema":{"@context":"https:\/\/schema.org","@graph":[{"@type":"WebPage","@id":"https:\/\/accordpropiedades.com.ar\/index.php\/producto\/excelente-propiedad-casa-quinta-venta-en-block\/","url":"https:\/\/accordpropiedades.com.ar\/index.php\/producto\/excelente-propiedad-casa-quinta-venta-en-block\/","name":"EXCELENTE PROPIEDAD \u201cCASA QUINTA\u201d VENTA EN BLOCK - Accord Propiedades","isPartOf":{"@id":"https:\/\/accordpropiedades.com.ar\/#website"},"primaryImageOfPage":{"@id":"https:\/\/accordpropiedades.com.ar\/index.php\/producto\/excelente-propiedad-casa-quinta-venta-en-block\/#primaryimage"},"image":{"@id":"https:\/\/accordpropiedades.com.ar\/index.php\/producto\/excelente-propiedad-casa-quinta-venta-en-block\/#primaryimage"},"thumbnailUrl":"https:\/\/accordpropiedades.com.ar\/wp-content\/uploads\/2022\/10\/WhatsApp-Image-2022-10-17-at-3.59.58-PM.jpeg","datePublished":"2022-10-19T22:01:47+00:00","dateModified":"2025-10-18T02:34:43+00:00","description":"venta, casa quinta, venta en block, chalet, cinco dormitorios, don torcuato, buenos aires, partido de tigre, accord propiedades, inmobiliaria","breadcrumb":{"@id":"https:\/\/accordpropiedades.com.ar\/index.php\/producto\/excelente-propiedad-casa-quinta-venta-en-block\/#breadcrumb"},"inLanguage":"es","potentialAction":[{"@type":"ReadAction","target":["https:\/\/accordpropiedades.com.ar\/index.php\/producto\/excelente-propiedad-casa-quinta-venta-en-block\/"]}]},{"@type":"ImageObject","inLanguage":"es","@id":"https:\/\/accordpropiedades.com.ar\/index.php\/producto\/excelente-propiedad-casa-quinta-venta-en-block\/#primaryimage","url":"https:\/\/accordpropiedades.com.ar\/wp-content\/uploads\/2022\/10\/WhatsApp-Image-2022-10-17-at-3.59.58-PM.jpeg","contentUrl":"https:\/\/accordpropiedades.com.ar\/wp-content\/uploads\/2022\/10\/WhatsApp-Image-2022-10-17-at-3.59.58-PM.jpeg","width":1024,"height":768},{"@type":"BreadcrumbList","@id":"https:\/\/accordpropiedades.com.ar\/index.php\/producto\/excelente-propiedad-casa-quinta-venta-en-block\/#breadcrumb","itemListElement":[{"@type":"ListItem","position":1,"name":"Portada","item":"https:\/\/accordpropiedades.com.ar\/"},{"@type":"ListItem","position":2,"name":"Tienda","item":"https:\/\/accordpropiedades.com.ar\/index.php\/tienda\/"},{"@type":"ListItem","position":3,"name":"EXCELENTE PROPIEDAD \u201cCASA QUINTA\u201d VENTA EN BLOCK"}]},{"@type":"WebSite","@id":"https:\/\/accordpropiedades.com.ar\/#website","url":"https:\/\/accordpropiedades.com.ar\/","name":"Accord Propiedades","description":"","publisher":{"@id":"https:\/\/accordpropiedades.com.ar\/#organization"},"potentialAction":[{"@type":"SearchAction","target":{"@type":"EntryPoint","urlTemplate":"https:\/\/accordpropiedades.com.ar\/?s={search_term_string}"},"query-input":{"@type":"PropertyValueSpecification","valueRequired":true,"valueName":"search_term_string"}}],"inLanguage":"es"},{"@type":"Organization","@id":"https:\/\/accordpropiedades.com.ar\/#organization","name":"Accord Propiedades","url":"https:\/\/accordpropiedades.com.ar\/","logo":{"@type":"ImageObject","inLanguage":"es","@id":"https:\/\/accordpropiedades.com.ar\/#\/schema\/logo\/image\/","url":"https:\/\/accordpropiedades.com.ar\/wp-content\/uploads\/2021\/08\/cropped-acoord1-1.png","contentUrl":"https:\/\/accordpropiedades.com.ar\/wp-content\/uploads\/2021\/08\/cropped-acoord1-1.png","width":243,"height":64,"caption":"Accord Propiedades"},"image":{"@id":"https:\/\/accordpropiedades.com.ar\/#\/schema\/logo\/image\/"}}]}},"_links":{"self":[{"href":"https:\/\/accordpropiedades.com.ar\/index.php\/wp-json\/wp\/v2\/product\/1073","targetHints":{"allow":["GET"]}}],"collection":[{"href":"https:\/\/accordpropiedades.com.ar\/index.php\/wp-json\/wp\/v2\/product"}],"about":[{"href":"https:\/\/accordpropiedades.com.ar\/index.php\/wp-json\/wp\/v2\/types\/product"}],"replies":[{"embeddable":true,"href":"https:\/\/accordpropiedades.com.ar\/index.php\/wp-json\/wp\/v2\/comments?post=1073"}],"version-history":[{"count":3,"href":"https:\/\/accordpropiedades.com.ar\/index.php\/wp-json\/wp\/v2\/product\/1073\/revisions"}],"predecessor-version":[{"id":1466,"href":"https:\/\/accordpropiedades.com.ar\/index.php\/wp-json\/wp\/v2\/product\/1073\/revisions\/1466"}],"wp:featuredmedia":[{"embeddable":true,"href":"https:\/\/accordpropiedades.com.ar\/index.php\/wp-json\/wp\/v2\/media\/1074"}],"wp:attachment":[{"href":"https:\/\/accordpropiedades.com.ar\/index.php\/wp-json\/wp\/v2\/media?parent=1073"}],"wp:term":[{"taxonomy":"product_brand","embeddable":true,"href":"https:\/\/accordpropiedades.com.ar\/index.php\/wp-json\/wp\/v2\/product_brand?post=1073"},{"taxonomy":"product_cat","embeddable":true,"href":"https:\/\/accordpropiedades.com.ar\/index.php\/wp-json\/wp\/v2\/product_cat?post=1073"},{"taxonomy":"product_tag","embeddable":true,"href":"https:\/\/accordpropiedades.com.ar\/index.php\/wp-json\/wp\/v2\/product_tag?post=1073"}],"curies":[{"name":"wp","href":"https:\/\/api.w.org\/{rel}","templated":true}]}}