{"id":1160,"date":"2023-11-11T13:13:56","date_gmt":"2023-11-11T13:13:56","guid":{"rendered":"https:\/\/accordpropiedades.com.ar\/?post_type=product&#038;p=1160"},"modified":"2026-01-19T23:12:03","modified_gmt":"2026-01-19T23:12:03","slug":"ideal-en-parte-para-reciclar","status":"publish","type":"product","link":"https:\/\/accordpropiedades.com.ar\/index.php\/producto\/ideal-en-parte-para-reciclar\/","title":{"rendered":"VENTA PROPIEDAD IDEAL PARA RECICLAR"},"content":{"rendered":"<p align=\"justify\"><a name=\"_GoBack\"><\/a> <span style=\"font-family: Arial, serif;\"><span style=\"font-size: small;\"><span lang=\"es-ES\">CASA CATAMARCA 3068-DON TORCUATO<\/span><\/span><\/span><\/p>\n<p align=\"justify\"><span style=\"font-family: Arial, serif;\"><span style=\"font-size: small;\"><span lang=\"es-ES\">CASA EN PLANTA BAJA CONSTRU\u00cdDA AL FRENTE EN PARTE DE LOSA DE HORMIG\u00d3N Y MAMPOSTERIA DE LADRILLOS REVOCADA Y PARTE TRASERA CON TECHO CABREADA DE MADERA CON CHAPA ; , CONSTA DE DOS DORMITORIOS,LIVING, BA\u00d1O COMPLETO,COCINA Y GARAGE.<\/span><\/span><\/span><\/p>\n<p align=\"justify\"><span style=\"font-family: Arial, serif;\"><span style=\"font-size: small;\"><span lang=\"es-ES\">EN PRIMER PISO UN AMBIENTE CON PAREDES DE MAMPOSTERIA DE LADRILLOS CER\u00c1MICOS SIN REVOCAR Y EN EL CONTRAFRENTE UNA CASA PREFABRICADA DE DOS DORMITORIOS CON BA\u00d1O Y COCINA., PEQUE\u00d1O PARQUE CON PILETA DE NATACI\u00d3N. <\/span><\/span><\/span><\/p>\n<p align=\"justify\"><span style=\"font-family: Arial, serif;\"><span style=\"font-size: small;\"><span lang=\"es-ES\">SUPERIFICE DEL LOTE DE TERRENO APROXIMADAMENTE 300 m2 (10 METROS DE FRENTE X 30 METROS DE FONDO.-<\/span><\/span><\/span><\/p>\n<p align=\"justify\"><span style=\"font-family: Arial, serif;\"><span style=\"font-size: small;\"><span lang=\"es-ES\">SUPERFICIE CUBIERTA APROXIMADAMENTE 95 METROS CUADRADOS<\/span><\/span><\/span><\/p>\n<p align=\"justify\"><span style=\"color: #050505;\"><span style=\"font-family: Arial, serif;\"><span style=\"font-size: small;\"><span lang=\"es-ES\">SERVICIOS: SERVICIO DE RED CLOACAS Y PR\u00d3XIMAMENTE AGUA CORRIENTE-ACTUALMENTE AGUA POR BOMBEADOR.-GAS NATURAL Y ENERG\u00cdA EL\u00c9CTRICA.<\/span><\/span><\/span><\/span><\/p>\n<p align=\"justify\"><span style=\"color: #050505;\"><span style=\"font-family: Arial, serif;\"><span style=\"font-size: small;\"><span lang=\"es-ES\">CONDICIONES DE PAGO EN EFECTIVO: 30 % CONTRA BOLETO DE COMPRA VENTA-SALDO 70% CONTRA ESCRITURA TRASLATIVA DE DOMINIO.<\/span><\/span><\/span><\/span><\/p>\n<p align=\"justify\"><span style=\"color: #050505;\"><span style=\"font-family: Arial, serif;\"><span style=\"font-size: small;\"><span lang=\"es-ES\">PRECIO TOTAL : u$s: 100.000.- (CIEN MIL D\u00d3LARES ESTADOUNIDENSES)<\/span><\/span><\/span><\/span><\/p>\n<p align=\"justify\"><span style=\"color: #050505;\"><span style=\"font-family: Arial, serif;\"><span style=\"font-size: small;\"><span lang=\"es-ES\">Las medidas consignadas no son exactas, tienen un fin meramente orientativo, no vinculantes. Las medidas de superficie reales surgir\u00e1n del t\u00edtulo de propiedad.<\/span><\/span><\/span><\/span><\/p>\n<p align=\"justify\"><span style=\"color: #050505;\"><span style=\"font-family: Arial, serif;\"><span style=\"font-size: small;\"><span lang=\"es-ES\">Don Torcuato es una ciudad ubicada en el sur del partido de Tigre, en la zona norte del Gran Buenos Aires, Provincia de Buenos Aires en Argentina.<\/span><\/span><\/span><\/span><\/p>\n<p align=\"justify\"><span style=\"color: #050505;\"><span style=\"font-family: Arial, serif;\"><span style=\"font-size: small;\"><span lang=\"es-ES\">Limita con las localidades de El Talar, General Pacheco, Troncos del Talar, San Fernando, Victoria, Boulogne Sur Mer, Jos\u00e9 Le\u00f3n Suarez, Loma Hermosa, Campo de Mayo e Ingeniero Adolfo Sordeaux.<\/span><\/span><\/span><\/span><\/p>\n<p>&nbsp;<\/p>\n","protected":false},"excerpt":{"rendered":"<p>CASA CATAMARCA 3068-DON TORCUATO, IDEAL EN PARTE PARA RECICLARCASA EN PLANTA BAJA CONSTRU\u00cdDA AL FRENTE EN PARTE DE LOSA DE HORMIG\u00d3N Y MAMPOSTERIA DE LADRILLOS REVOCADA Y PARTE TRASERA CON TECHO CABREADA DE MADERA CON CHAPA ; , CONSTA DE DOS DORMITORIOS,LIVING, BA\u00d1O COMPLETO,COCINA Y GARAGE.<\/p>\n","protected":false},"featured_media":1611,"comment_status":"open","ping_status":"closed","template":"","meta":{"_et_pb_use_builder":"","_et_pb_old_content":"","_et_gb_content_width":"","_joinchat":[]},"product_brand":[],"product_cat":[32,34,38,26,31,20,85,78,17],"product_tag":[],"class_list":{"0":"post-1160","1":"product","2":"type-product","3":"status-publish","4":"has-post-thumbnail","6":"product_cat-1-cochera","7":"product_cat-1-cocina","8":"product_cat-1-pileta","9":"product_cat-2-banos","10":"product_cat-4-dormitorios","11":"product_cat-casa","12":"product_cat-living","13":"product_cat-parque","14":"product_cat-venta","16":"first","17":"instock","18":"shipping-taxable","19":"purchasable","20":"product-type-simple"},"yoast_head":"<!-- This site is optimized with the Yoast SEO plugin v27.6 - https:\/\/yoast.com\/product\/yoast-seo-wordpress\/ -->\n<title>VENTA PROPIEDAD IDEAL PARA RECICLAR - Accord Propiedades<\/title>\n<meta name=\"description\" content=\"venta, propiedad, reciclar, don torcuato, buenos aires, partido de tigre, accord propiedades, inmobiliaria\" \/>\n<meta name=\"robots\" content=\"index, follow, max-snippet:-1, max-image-preview:large, max-video-preview:-1\" \/>\n<link rel=\"canonical\" href=\"https:\/\/accordpropiedades.com.ar\/index.php\/producto\/ideal-en-parte-para-reciclar\/\" \/>\n<meta property=\"og:locale\" content=\"es_ES\" \/>\n<meta property=\"og:type\" content=\"article\" \/>\n<meta property=\"og:title\" content=\"VENTA PROPIEDAD IDEAL PARA RECICLAR - Accord Propiedades\" \/>\n<meta property=\"og:description\" content=\"venta, propiedad, reciclar, don torcuato, buenos aires, partido de tigre, accord propiedades, inmobiliaria\" \/>\n<meta property=\"og:url\" content=\"https:\/\/accordpropiedades.com.ar\/index.php\/producto\/ideal-en-parte-para-reciclar\/\" \/>\n<meta property=\"og:site_name\" content=\"Accord Propiedades\" \/>\n<meta property=\"article:modified_time\" content=\"2026-01-19T23:12:03+00:00\" \/>\n<meta property=\"og:image\" content=\"https:\/\/accordpropiedades.com.ar\/wp-content\/uploads\/2023\/11\/suspendida.jpeg\" \/>\n\t<meta property=\"og:image:width\" content=\"300\" \/>\n\t<meta property=\"og:image:height\" content=\"300\" \/>\n\t<meta property=\"og:image:type\" content=\"image\/jpeg\" \/>\n<meta name=\"twitter:card\" content=\"summary_large_image\" \/>\n<meta name=\"twitter:label1\" content=\"Tiempo de lectura\" \/>\n\t<meta name=\"twitter:data1\" content=\"1 minuto\" \/>\n<script type=\"application\/ld+json\" class=\"yoast-schema-graph\">{\"@context\":\"https:\\\/\\\/schema.org\",\"@graph\":[{\"@type\":\"WebPage\",\"@id\":\"https:\\\/\\\/accordpropiedades.com.ar\\\/index.php\\\/producto\\\/ideal-en-parte-para-reciclar\\\/\",\"url\":\"https:\\\/\\\/accordpropiedades.com.ar\\\/index.php\\\/producto\\\/ideal-en-parte-para-reciclar\\\/\",\"name\":\"VENTA PROPIEDAD IDEAL PARA RECICLAR - Accord Propiedades\",\"isPartOf\":{\"@id\":\"https:\\\/\\\/accordpropiedades.com.ar\\\/#website\"},\"primaryImageOfPage\":{\"@id\":\"https:\\\/\\\/accordpropiedades.com.ar\\\/index.php\\\/producto\\\/ideal-en-parte-para-reciclar\\\/#primaryimage\"},\"image\":{\"@id\":\"https:\\\/\\\/accordpropiedades.com.ar\\\/index.php\\\/producto\\\/ideal-en-parte-para-reciclar\\\/#primaryimage\"},\"thumbnailUrl\":\"https:\\\/\\\/accordpropiedades.com.ar\\\/wp-content\\\/uploads\\\/2023\\\/11\\\/suspendida.jpeg\",\"datePublished\":\"2023-11-11T13:13:56+00:00\",\"dateModified\":\"2026-01-19T23:12:03+00:00\",\"description\":\"venta, propiedad, reciclar, don torcuato, buenos aires, partido de tigre, accord propiedades, inmobiliaria\",\"breadcrumb\":{\"@id\":\"https:\\\/\\\/accordpropiedades.com.ar\\\/index.php\\\/producto\\\/ideal-en-parte-para-reciclar\\\/#breadcrumb\"},\"inLanguage\":\"es\",\"potentialAction\":[{\"@type\":\"ReadAction\",\"target\":[\"https:\\\/\\\/accordpropiedades.com.ar\\\/index.php\\\/producto\\\/ideal-en-parte-para-reciclar\\\/\"]}]},{\"@type\":\"ImageObject\",\"inLanguage\":\"es\",\"@id\":\"https:\\\/\\\/accordpropiedades.com.ar\\\/index.php\\\/producto\\\/ideal-en-parte-para-reciclar\\\/#primaryimage\",\"url\":\"https:\\\/\\\/accordpropiedades.com.ar\\\/wp-content\\\/uploads\\\/2023\\\/11\\\/suspendida.jpeg\",\"contentUrl\":\"https:\\\/\\\/accordpropiedades.com.ar\\\/wp-content\\\/uploads\\\/2023\\\/11\\\/suspendida.jpeg\",\"width\":300,\"height\":300},{\"@type\":\"BreadcrumbList\",\"@id\":\"https:\\\/\\\/accordpropiedades.com.ar\\\/index.php\\\/producto\\\/ideal-en-parte-para-reciclar\\\/#breadcrumb\",\"itemListElement\":[{\"@type\":\"ListItem\",\"position\":1,\"name\":\"Portada\",\"item\":\"https:\\\/\\\/accordpropiedades.com.ar\\\/\"},{\"@type\":\"ListItem\",\"position\":2,\"name\":\"Tienda\",\"item\":\"https:\\\/\\\/accordpropiedades.com.ar\\\/index.php\\\/tienda\\\/\"},{\"@type\":\"ListItem\",\"position\":3,\"name\":\"VENTA PROPIEDAD IDEAL PARA RECICLAR\"}]},{\"@type\":\"WebSite\",\"@id\":\"https:\\\/\\\/accordpropiedades.com.ar\\\/#website\",\"url\":\"https:\\\/\\\/accordpropiedades.com.ar\\\/\",\"name\":\"Accord Propiedades\",\"description\":\"\",\"publisher\":{\"@id\":\"https:\\\/\\\/accordpropiedades.com.ar\\\/#organization\"},\"potentialAction\":[{\"@type\":\"SearchAction\",\"target\":{\"@type\":\"EntryPoint\",\"urlTemplate\":\"https:\\\/\\\/accordpropiedades.com.ar\\\/?s={search_term_string}\"},\"query-input\":{\"@type\":\"PropertyValueSpecification\",\"valueRequired\":true,\"valueName\":\"search_term_string\"}}],\"inLanguage\":\"es\"},{\"@type\":\"Organization\",\"@id\":\"https:\\\/\\\/accordpropiedades.com.ar\\\/#organization\",\"name\":\"Accord Propiedades\",\"url\":\"https:\\\/\\\/accordpropiedades.com.ar\\\/\",\"logo\":{\"@type\":\"ImageObject\",\"inLanguage\":\"es\",\"@id\":\"https:\\\/\\\/accordpropiedades.com.ar\\\/#\\\/schema\\\/logo\\\/image\\\/\",\"url\":\"https:\\\/\\\/accordpropiedades.com.ar\\\/wp-content\\\/uploads\\\/2021\\\/08\\\/cropped-acoord1-1.png\",\"contentUrl\":\"https:\\\/\\\/accordpropiedades.com.ar\\\/wp-content\\\/uploads\\\/2021\\\/08\\\/cropped-acoord1-1.png\",\"width\":243,\"height\":64,\"caption\":\"Accord Propiedades\"},\"image\":{\"@id\":\"https:\\\/\\\/accordpropiedades.com.ar\\\/#\\\/schema\\\/logo\\\/image\\\/\"}}]}<\/script>\n<!-- \/ Yoast SEO plugin. -->","yoast_head_json":{"title":"VENTA PROPIEDAD IDEAL PARA RECICLAR - Accord Propiedades","description":"venta, propiedad, reciclar, don torcuato, buenos aires, partido de tigre, accord propiedades, inmobiliaria","robots":{"index":"index","follow":"follow","max-snippet":"max-snippet:-1","max-image-preview":"max-image-preview:large","max-video-preview":"max-video-preview:-1"},"canonical":"https:\/\/accordpropiedades.com.ar\/index.php\/producto\/ideal-en-parte-para-reciclar\/","og_locale":"es_ES","og_type":"article","og_title":"VENTA PROPIEDAD IDEAL PARA RECICLAR - Accord Propiedades","og_description":"venta, propiedad, reciclar, don torcuato, buenos aires, partido de tigre, accord propiedades, inmobiliaria","og_url":"https:\/\/accordpropiedades.com.ar\/index.php\/producto\/ideal-en-parte-para-reciclar\/","og_site_name":"Accord Propiedades","article_modified_time":"2026-01-19T23:12:03+00:00","og_image":[{"width":300,"height":300,"url":"https:\/\/accordpropiedades.com.ar\/wp-content\/uploads\/2023\/11\/suspendida.jpeg","type":"image\/jpeg"}],"twitter_card":"summary_large_image","twitter_misc":{"Tiempo de lectura":"1 minuto"},"schema":{"@context":"https:\/\/schema.org","@graph":[{"@type":"WebPage","@id":"https:\/\/accordpropiedades.com.ar\/index.php\/producto\/ideal-en-parte-para-reciclar\/","url":"https:\/\/accordpropiedades.com.ar\/index.php\/producto\/ideal-en-parte-para-reciclar\/","name":"VENTA PROPIEDAD IDEAL PARA RECICLAR - Accord Propiedades","isPartOf":{"@id":"https:\/\/accordpropiedades.com.ar\/#website"},"primaryImageOfPage":{"@id":"https:\/\/accordpropiedades.com.ar\/index.php\/producto\/ideal-en-parte-para-reciclar\/#primaryimage"},"image":{"@id":"https:\/\/accordpropiedades.com.ar\/index.php\/producto\/ideal-en-parte-para-reciclar\/#primaryimage"},"thumbnailUrl":"https:\/\/accordpropiedades.com.ar\/wp-content\/uploads\/2023\/11\/suspendida.jpeg","datePublished":"2023-11-11T13:13:56+00:00","dateModified":"2026-01-19T23:12:03+00:00","description":"venta, propiedad, reciclar, don torcuato, buenos aires, partido de tigre, accord propiedades, inmobiliaria","breadcrumb":{"@id":"https:\/\/accordpropiedades.com.ar\/index.php\/producto\/ideal-en-parte-para-reciclar\/#breadcrumb"},"inLanguage":"es","potentialAction":[{"@type":"ReadAction","target":["https:\/\/accordpropiedades.com.ar\/index.php\/producto\/ideal-en-parte-para-reciclar\/"]}]},{"@type":"ImageObject","inLanguage":"es","@id":"https:\/\/accordpropiedades.com.ar\/index.php\/producto\/ideal-en-parte-para-reciclar\/#primaryimage","url":"https:\/\/accordpropiedades.com.ar\/wp-content\/uploads\/2023\/11\/suspendida.jpeg","contentUrl":"https:\/\/accordpropiedades.com.ar\/wp-content\/uploads\/2023\/11\/suspendida.jpeg","width":300,"height":300},{"@type":"BreadcrumbList","@id":"https:\/\/accordpropiedades.com.ar\/index.php\/producto\/ideal-en-parte-para-reciclar\/#breadcrumb","itemListElement":[{"@type":"ListItem","position":1,"name":"Portada","item":"https:\/\/accordpropiedades.com.ar\/"},{"@type":"ListItem","position":2,"name":"Tienda","item":"https:\/\/accordpropiedades.com.ar\/index.php\/tienda\/"},{"@type":"ListItem","position":3,"name":"VENTA PROPIEDAD IDEAL PARA RECICLAR"}]},{"@type":"WebSite","@id":"https:\/\/accordpropiedades.com.ar\/#website","url":"https:\/\/accordpropiedades.com.ar\/","name":"Accord Propiedades","description":"","publisher":{"@id":"https:\/\/accordpropiedades.com.ar\/#organization"},"potentialAction":[{"@type":"SearchAction","target":{"@type":"EntryPoint","urlTemplate":"https:\/\/accordpropiedades.com.ar\/?s={search_term_string}"},"query-input":{"@type":"PropertyValueSpecification","valueRequired":true,"valueName":"search_term_string"}}],"inLanguage":"es"},{"@type":"Organization","@id":"https:\/\/accordpropiedades.com.ar\/#organization","name":"Accord Propiedades","url":"https:\/\/accordpropiedades.com.ar\/","logo":{"@type":"ImageObject","inLanguage":"es","@id":"https:\/\/accordpropiedades.com.ar\/#\/schema\/logo\/image\/","url":"https:\/\/accordpropiedades.com.ar\/wp-content\/uploads\/2021\/08\/cropped-acoord1-1.png","contentUrl":"https:\/\/accordpropiedades.com.ar\/wp-content\/uploads\/2021\/08\/cropped-acoord1-1.png","width":243,"height":64,"caption":"Accord Propiedades"},"image":{"@id":"https:\/\/accordpropiedades.com.ar\/#\/schema\/logo\/image\/"}}]}},"_links":{"self":[{"href":"https:\/\/accordpropiedades.com.ar\/index.php\/wp-json\/wp\/v2\/product\/1160","targetHints":{"allow":["GET"]}}],"collection":[{"href":"https:\/\/accordpropiedades.com.ar\/index.php\/wp-json\/wp\/v2\/product"}],"about":[{"href":"https:\/\/accordpropiedades.com.ar\/index.php\/wp-json\/wp\/v2\/types\/product"}],"replies":[{"embeddable":true,"href":"https:\/\/accordpropiedades.com.ar\/index.php\/wp-json\/wp\/v2\/comments?post=1160"}],"version-history":[{"count":5,"href":"https:\/\/accordpropiedades.com.ar\/index.php\/wp-json\/wp\/v2\/product\/1160\/revisions"}],"predecessor-version":[{"id":1612,"href":"https:\/\/accordpropiedades.com.ar\/index.php\/wp-json\/wp\/v2\/product\/1160\/revisions\/1612"}],"wp:featuredmedia":[{"embeddable":true,"href":"https:\/\/accordpropiedades.com.ar\/index.php\/wp-json\/wp\/v2\/media\/1611"}],"wp:attachment":[{"href":"https:\/\/accordpropiedades.com.ar\/index.php\/wp-json\/wp\/v2\/media?parent=1160"}],"wp:term":[{"taxonomy":"product_brand","embeddable":true,"href":"https:\/\/accordpropiedades.com.ar\/index.php\/wp-json\/wp\/v2\/product_brand?post=1160"},{"taxonomy":"product_cat","embeddable":true,"href":"https:\/\/accordpropiedades.com.ar\/index.php\/wp-json\/wp\/v2\/product_cat?post=1160"},{"taxonomy":"product_tag","embeddable":true,"href":"https:\/\/accordpropiedades.com.ar\/index.php\/wp-json\/wp\/v2\/product_tag?post=1160"}],"curies":[{"name":"wp","href":"https:\/\/api.w.org\/{rel}","templated":true}]}}