{"id":1192,"date":"2024-06-13T01:04:36","date_gmt":"2024-06-13T01:04:36","guid":{"rendered":"https:\/\/accordpropiedades.com.ar\/?post_type=product&#038;p=1192"},"modified":"2025-10-18T02:24:58","modified_gmt":"2025-10-18T02:24:58","slug":"se-vende-excelente-propiedad-en-barrio-privado-cardales-village","status":"publish","type":"product","link":"https:\/\/accordpropiedades.com.ar\/index.php\/producto\/se-vende-excelente-propiedad-en-barrio-privado-cardales-village\/","title":{"rendered":"SE VENDE EXCELENTE PROPIEDAD EN \u00abBARRIO PRIVADO CARDALES VILLAGE\u00bb"},"content":{"rendered":"<p>SE VENDE EXCELENTE PROPIEDAD EN \u00abBARRIO PRIVADO CARDALES VILLAGE\u00bbUBICADO EN EL<br \/>\nKILOMETRO 60 DE LA RUTA PANAMERICANA Y EL KM.5,5 DE LA MODERNA RUTA 4 DE CAMPANA,<br \/>\nPROVINCIA DE BUENOS AIRES.-<br \/>\nCASA TIPO AMERICANA DE APROXIMADA MENTE 130 M2 CUBIERTOS, CONSTRU\u00cdDA EN<\/p>\n<p>ESTRUCTURA DE HORMIG\u00d3N ARMADO Y PAREDES DE MAMPOSTER\u00cdA DE LADRILLOS-<br \/>\nARQUITECTURA MODERNA CON TECHO OCULTO , TODO CONSTRU\u00cdDO SOBRE UN LOTE DE<\/p>\n<p>TERRENO DE 700 m2 APROXIMADAMENTE-DE 20 m de Frente y 35 m de fondo-FRENTE CON<br \/>\nVISTA AL SUD-ESTE-PORCHE DE ENTRADA PRINCIPAL P\u00c9RGOLA METALICA DESCUBIERTA Y<br \/>\nGARAGE LATERAL DESCUBIERTO-TODO LA PROPIEDAD CERCADA CON ALAMBRADO<br \/>\nPERIMETRAL -FONDO LIBRE DE TERRENO DE 20 x 16,30 metros.<\/p>\n<p>PLANOS APROBADOS-ESCRITURA PERFECTA-<br \/>\nEXPENSAS $150.000.- MENSUALES<\/p>\n<p>Servicios y Otros: Agua Corriente, Gas natural, Cloacas y cable\/Internet.<br \/>\nABERTURAS &#8211; GRIFER\u00cdA Y PISOS CER\u00c1MICOS DE PRIMERA CALIDAD<\/p>\n<p>DETALLE: DOS DORMITORIOS-UNO EN SUITE-ESCRITORIOS-COCINA COMEDOR Y ESTAR 2<br \/>\nBA\u00d1OS COMPLETOS:<br \/>\n1-NRO.- DORMITORIO EN SUITE DE 4,40 x3.30m<br \/>\n1-NRO. -VESTIDOR DE 1,70 x 2,20 m<br \/>\n1-NRO.-BA\u00d1O DE 1,70 x 2,70<br \/>\n1-NRO.- DORMITORIO DE 4,40 x 3,00 m<br \/>\n1-NRO.- BA\u00d1O DE 3,20 x 1,45 m<br \/>\n1-NRO.-ESCRITORIO DE 3.20 x3,00 m<br \/>\n1-NRO.-COCINA COMEDOR DE 7,20 x 4,80 m<br \/>\n1-NRO.-ESTAR DE 7,20 x 3.50 m<\/p>\n<p>El circuito de Los Cardales, en el partido de Campana, se destaca por su entorno verde, buenos<br \/>\naccesos y servicios, y la tranquilidad de un pueblo que parece congelado en el tiempo. Cardales Village,<br \/>\nubicado equidistante de la Panamericana (km 60), es uno de sus barrios m\u00e1s din\u00e1micos y consolidados.<br \/>\nElegido por familias j\u00f3venes y en constante crecimiento, el emprendimiento contin\u00faa tentando a nuevos<br \/>\nvecinos, con precios accesibles y amplios planes de financiaci\u00f3n. El barrio, con m\u00e1s de 15 a\u00f1os de<br \/>\npresencia en el mercado, se encuentra en el km 5,5 de la remodelada ruta 4. Ocupa unas 50 hect\u00e1reas<br \/>\ndivididas en 386 lotes que tienen entre 600 y 1.100 metros cuadrados de superficie. El paisaje del barrio<br \/>\nintercala una vistosa forestaci\u00f3n, calles sinuosas y casi un centenar de casas, la mayor\u00eda de vivienda<br \/>\npermanente.En efecto, el ambiente familiar y tranquilo es una de las caracter\u00edsticas distintivas del lugar.<br \/>\nAdem\u00e1s, los vecinos disponen de una completa infraestructura recreativa paradisfrutar. Un club house,<br \/>\ndos piscinas, canchas de tenis y f\u00fatbol, m\u00e1s un sector de juegos infantiles, son los escenarios<br \/>\npredilectos para el entretenimiento y el deporte.<br \/>\nSERVICIOS<br \/>\n\u2022 3 canchas de tenis<br \/>\n\u2022 1 cancha de f\u00fatbol<br \/>\n\u2022 Club House<br \/>\n\u2022 Pileta<br \/>\n\u2022 Gimnasio<br \/>\n\u2022 Sala de Juegos<\/p>\n<p>\u2022 Plaza de Juegos<br \/>\n\u2022 Electricidad<br \/>\n\u2022 Red de agua potable<br \/>\n\u2022 Planta de tratamiento de afluentes<br \/>\n\u2022 Red de gas<br \/>\n\u2022 Red de Cloacas<br \/>\n\u2022 Seguridad Privada<\/p>\n<p>&nbsp;<\/p>\n<p>VALOR DE VENTA $150000 ( d\u00f3lares estadounidenses)<\/p>\n<p>Las medidas consignadas no son exactas, tienen un fin meramente orientativo, no vinculantes. Las medidas de superficie reales surgir\u00e1n del t\u00edtulo de propiedad.<\/p>\n","protected":false},"excerpt":{"rendered":"<p>SE VENDE EXCELENTE PROPIEDAD EN \u00abBARRIO PRIVADO CARDALES VILLAGE\u00bbUBICADO EN EL<br \/>\nKILOMETRO 60 DE LA RUTA PANAMERICANA Y EL KM.5,5 DE LA MODERNA RUTA 4 DE CAMPANA,<br \/>\nPROVINCIA DE BUENOS AIRES.-<br \/>\nCASA TIPO AMERICANA<\/p>\n","protected":false},"featured_media":1194,"comment_status":"open","ping_status":"closed","template":"","meta":{"_et_pb_use_builder":"","_et_pb_old_content":"","_et_gb_content_width":"","_joinchat":[]},"product_brand":[],"product_cat":[26,29,56,96,17],"product_tag":[],"class_list":{"0":"post-1192","1":"product","2":"type-product","3":"status-publish","4":"has-post-thumbnail","6":"product_cat-2-banos","7":"product_cat-2-dormitorios","8":"product_cat-cocina-comedor","9":"product_cat-escritorio","10":"product_cat-venta","12":"first","13":"instock","14":"shipping-taxable","15":"purchasable","16":"product-type-simple"},"yoast_head":"<!-- This site is optimized with the Yoast SEO plugin v27.5 - https:\/\/yoast.com\/product\/yoast-seo-wordpress\/ -->\n<title>SE VENDE EXCELENTE PROPIEDAD EN &quot;BARRIO PRIVADO CARDALES VILLAGE&quot; - Accord Propiedades<\/title>\n<meta name=\"description\" content=\"venta, propiedad, barrio privado, cardales village, dos dormitorios, campana, buenos aires, accord propiedades, inmobiliaria\" \/>\n<meta name=\"robots\" content=\"index, follow, max-snippet:-1, max-image-preview:large, max-video-preview:-1\" \/>\n<link rel=\"canonical\" href=\"https:\/\/accordpropiedades.com.ar\/index.php\/producto\/se-vende-excelente-propiedad-en-barrio-privado-cardales-village\/\" \/>\n<meta property=\"og:locale\" content=\"es_ES\" \/>\n<meta property=\"og:type\" content=\"article\" \/>\n<meta property=\"og:title\" content=\"SE VENDE EXCELENTE PROPIEDAD EN &quot;BARRIO PRIVADO CARDALES VILLAGE&quot; - Accord Propiedades\" \/>\n<meta property=\"og:description\" content=\"venta, propiedad, barrio privado, cardales village, dos dormitorios, campana, buenos aires, accord propiedades, inmobiliaria\" \/>\n<meta property=\"og:url\" content=\"https:\/\/accordpropiedades.com.ar\/index.php\/producto\/se-vende-excelente-propiedad-en-barrio-privado-cardales-village\/\" \/>\n<meta property=\"og:site_name\" content=\"Accord Propiedades\" \/>\n<meta property=\"article:modified_time\" content=\"2025-10-18T02:24:58+00:00\" \/>\n<meta property=\"og:image\" content=\"https:\/\/accordpropiedades.com.ar\/wp-content\/uploads\/2024\/06\/WhatsApp-Image-2024-06-09-at-7.18.27-PM-1.jpeg\" \/>\n\t<meta property=\"og:image:width\" content=\"1600\" \/>\n\t<meta property=\"og:image:height\" content=\"739\" \/>\n\t<meta property=\"og:image:type\" content=\"image\/jpeg\" \/>\n<meta name=\"twitter:card\" content=\"summary_large_image\" \/>\n<meta name=\"twitter:label1\" content=\"Tiempo de lectura\" \/>\n\t<meta name=\"twitter:data1\" content=\"2 minutos\" \/>\n<script type=\"application\/ld+json\" class=\"yoast-schema-graph\">{\"@context\":\"https:\\\/\\\/schema.org\",\"@graph\":[{\"@type\":\"WebPage\",\"@id\":\"https:\\\/\\\/accordpropiedades.com.ar\\\/index.php\\\/producto\\\/se-vende-excelente-propiedad-en-barrio-privado-cardales-village\\\/\",\"url\":\"https:\\\/\\\/accordpropiedades.com.ar\\\/index.php\\\/producto\\\/se-vende-excelente-propiedad-en-barrio-privado-cardales-village\\\/\",\"name\":\"SE VENDE EXCELENTE PROPIEDAD EN \\\"BARRIO PRIVADO CARDALES VILLAGE\\\" - Accord Propiedades\",\"isPartOf\":{\"@id\":\"https:\\\/\\\/accordpropiedades.com.ar\\\/#website\"},\"primaryImageOfPage\":{\"@id\":\"https:\\\/\\\/accordpropiedades.com.ar\\\/index.php\\\/producto\\\/se-vende-excelente-propiedad-en-barrio-privado-cardales-village\\\/#primaryimage\"},\"image\":{\"@id\":\"https:\\\/\\\/accordpropiedades.com.ar\\\/index.php\\\/producto\\\/se-vende-excelente-propiedad-en-barrio-privado-cardales-village\\\/#primaryimage\"},\"thumbnailUrl\":\"https:\\\/\\\/accordpropiedades.com.ar\\\/wp-content\\\/uploads\\\/2024\\\/06\\\/WhatsApp-Image-2024-06-09-at-7.18.27-PM-1.jpeg\",\"datePublished\":\"2024-06-13T01:04:36+00:00\",\"dateModified\":\"2025-10-18T02:24:58+00:00\",\"description\":\"venta, propiedad, barrio privado, cardales village, dos dormitorios, campana, buenos aires, accord propiedades, inmobiliaria\",\"breadcrumb\":{\"@id\":\"https:\\\/\\\/accordpropiedades.com.ar\\\/index.php\\\/producto\\\/se-vende-excelente-propiedad-en-barrio-privado-cardales-village\\\/#breadcrumb\"},\"inLanguage\":\"es\",\"potentialAction\":[{\"@type\":\"ReadAction\",\"target\":[\"https:\\\/\\\/accordpropiedades.com.ar\\\/index.php\\\/producto\\\/se-vende-excelente-propiedad-en-barrio-privado-cardales-village\\\/\"]}]},{\"@type\":\"ImageObject\",\"inLanguage\":\"es\",\"@id\":\"https:\\\/\\\/accordpropiedades.com.ar\\\/index.php\\\/producto\\\/se-vende-excelente-propiedad-en-barrio-privado-cardales-village\\\/#primaryimage\",\"url\":\"https:\\\/\\\/accordpropiedades.com.ar\\\/wp-content\\\/uploads\\\/2024\\\/06\\\/WhatsApp-Image-2024-06-09-at-7.18.27-PM-1.jpeg\",\"contentUrl\":\"https:\\\/\\\/accordpropiedades.com.ar\\\/wp-content\\\/uploads\\\/2024\\\/06\\\/WhatsApp-Image-2024-06-09-at-7.18.27-PM-1.jpeg\",\"width\":1600,\"height\":739},{\"@type\":\"BreadcrumbList\",\"@id\":\"https:\\\/\\\/accordpropiedades.com.ar\\\/index.php\\\/producto\\\/se-vende-excelente-propiedad-en-barrio-privado-cardales-village\\\/#breadcrumb\",\"itemListElement\":[{\"@type\":\"ListItem\",\"position\":1,\"name\":\"Portada\",\"item\":\"https:\\\/\\\/accordpropiedades.com.ar\\\/\"},{\"@type\":\"ListItem\",\"position\":2,\"name\":\"Tienda\",\"item\":\"https:\\\/\\\/accordpropiedades.com.ar\\\/index.php\\\/tienda\\\/\"},{\"@type\":\"ListItem\",\"position\":3,\"name\":\"SE VENDE EXCELENTE PROPIEDAD EN \u00abBARRIO PRIVADO CARDALES VILLAGE\u00bb\"}]},{\"@type\":\"WebSite\",\"@id\":\"https:\\\/\\\/accordpropiedades.com.ar\\\/#website\",\"url\":\"https:\\\/\\\/accordpropiedades.com.ar\\\/\",\"name\":\"Accord Propiedades\",\"description\":\"\",\"publisher\":{\"@id\":\"https:\\\/\\\/accordpropiedades.com.ar\\\/#organization\"},\"potentialAction\":[{\"@type\":\"SearchAction\",\"target\":{\"@type\":\"EntryPoint\",\"urlTemplate\":\"https:\\\/\\\/accordpropiedades.com.ar\\\/?s={search_term_string}\"},\"query-input\":{\"@type\":\"PropertyValueSpecification\",\"valueRequired\":true,\"valueName\":\"search_term_string\"}}],\"inLanguage\":\"es\"},{\"@type\":\"Organization\",\"@id\":\"https:\\\/\\\/accordpropiedades.com.ar\\\/#organization\",\"name\":\"Accord Propiedades\",\"url\":\"https:\\\/\\\/accordpropiedades.com.ar\\\/\",\"logo\":{\"@type\":\"ImageObject\",\"inLanguage\":\"es\",\"@id\":\"https:\\\/\\\/accordpropiedades.com.ar\\\/#\\\/schema\\\/logo\\\/image\\\/\",\"url\":\"https:\\\/\\\/accordpropiedades.com.ar\\\/wp-content\\\/uploads\\\/2021\\\/08\\\/cropped-acoord1-1.png\",\"contentUrl\":\"https:\\\/\\\/accordpropiedades.com.ar\\\/wp-content\\\/uploads\\\/2021\\\/08\\\/cropped-acoord1-1.png\",\"width\":243,\"height\":64,\"caption\":\"Accord Propiedades\"},\"image\":{\"@id\":\"https:\\\/\\\/accordpropiedades.com.ar\\\/#\\\/schema\\\/logo\\\/image\\\/\"}}]}<\/script>\n<!-- \/ Yoast SEO plugin. -->","yoast_head_json":{"title":"SE VENDE EXCELENTE PROPIEDAD EN \"BARRIO PRIVADO CARDALES VILLAGE\" - Accord Propiedades","description":"venta, propiedad, barrio privado, cardales village, dos dormitorios, campana, buenos aires, accord propiedades, inmobiliaria","robots":{"index":"index","follow":"follow","max-snippet":"max-snippet:-1","max-image-preview":"max-image-preview:large","max-video-preview":"max-video-preview:-1"},"canonical":"https:\/\/accordpropiedades.com.ar\/index.php\/producto\/se-vende-excelente-propiedad-en-barrio-privado-cardales-village\/","og_locale":"es_ES","og_type":"article","og_title":"SE VENDE EXCELENTE PROPIEDAD EN \"BARRIO PRIVADO CARDALES VILLAGE\" - Accord Propiedades","og_description":"venta, propiedad, barrio privado, cardales village, dos dormitorios, campana, buenos aires, accord propiedades, inmobiliaria","og_url":"https:\/\/accordpropiedades.com.ar\/index.php\/producto\/se-vende-excelente-propiedad-en-barrio-privado-cardales-village\/","og_site_name":"Accord Propiedades","article_modified_time":"2025-10-18T02:24:58+00:00","og_image":[{"width":1600,"height":739,"url":"https:\/\/accordpropiedades.com.ar\/wp-content\/uploads\/2024\/06\/WhatsApp-Image-2024-06-09-at-7.18.27-PM-1.jpeg","type":"image\/jpeg"}],"twitter_card":"summary_large_image","twitter_misc":{"Tiempo de lectura":"2 minutos"},"schema":{"@context":"https:\/\/schema.org","@graph":[{"@type":"WebPage","@id":"https:\/\/accordpropiedades.com.ar\/index.php\/producto\/se-vende-excelente-propiedad-en-barrio-privado-cardales-village\/","url":"https:\/\/accordpropiedades.com.ar\/index.php\/producto\/se-vende-excelente-propiedad-en-barrio-privado-cardales-village\/","name":"SE VENDE EXCELENTE PROPIEDAD EN \"BARRIO PRIVADO CARDALES VILLAGE\" - Accord Propiedades","isPartOf":{"@id":"https:\/\/accordpropiedades.com.ar\/#website"},"primaryImageOfPage":{"@id":"https:\/\/accordpropiedades.com.ar\/index.php\/producto\/se-vende-excelente-propiedad-en-barrio-privado-cardales-village\/#primaryimage"},"image":{"@id":"https:\/\/accordpropiedades.com.ar\/index.php\/producto\/se-vende-excelente-propiedad-en-barrio-privado-cardales-village\/#primaryimage"},"thumbnailUrl":"https:\/\/accordpropiedades.com.ar\/wp-content\/uploads\/2024\/06\/WhatsApp-Image-2024-06-09-at-7.18.27-PM-1.jpeg","datePublished":"2024-06-13T01:04:36+00:00","dateModified":"2025-10-18T02:24:58+00:00","description":"venta, propiedad, barrio privado, cardales village, dos dormitorios, campana, buenos aires, accord propiedades, inmobiliaria","breadcrumb":{"@id":"https:\/\/accordpropiedades.com.ar\/index.php\/producto\/se-vende-excelente-propiedad-en-barrio-privado-cardales-village\/#breadcrumb"},"inLanguage":"es","potentialAction":[{"@type":"ReadAction","target":["https:\/\/accordpropiedades.com.ar\/index.php\/producto\/se-vende-excelente-propiedad-en-barrio-privado-cardales-village\/"]}]},{"@type":"ImageObject","inLanguage":"es","@id":"https:\/\/accordpropiedades.com.ar\/index.php\/producto\/se-vende-excelente-propiedad-en-barrio-privado-cardales-village\/#primaryimage","url":"https:\/\/accordpropiedades.com.ar\/wp-content\/uploads\/2024\/06\/WhatsApp-Image-2024-06-09-at-7.18.27-PM-1.jpeg","contentUrl":"https:\/\/accordpropiedades.com.ar\/wp-content\/uploads\/2024\/06\/WhatsApp-Image-2024-06-09-at-7.18.27-PM-1.jpeg","width":1600,"height":739},{"@type":"BreadcrumbList","@id":"https:\/\/accordpropiedades.com.ar\/index.php\/producto\/se-vende-excelente-propiedad-en-barrio-privado-cardales-village\/#breadcrumb","itemListElement":[{"@type":"ListItem","position":1,"name":"Portada","item":"https:\/\/accordpropiedades.com.ar\/"},{"@type":"ListItem","position":2,"name":"Tienda","item":"https:\/\/accordpropiedades.com.ar\/index.php\/tienda\/"},{"@type":"ListItem","position":3,"name":"SE VENDE EXCELENTE PROPIEDAD EN \u00abBARRIO PRIVADO CARDALES VILLAGE\u00bb"}]},{"@type":"WebSite","@id":"https:\/\/accordpropiedades.com.ar\/#website","url":"https:\/\/accordpropiedades.com.ar\/","name":"Accord Propiedades","description":"","publisher":{"@id":"https:\/\/accordpropiedades.com.ar\/#organization"},"potentialAction":[{"@type":"SearchAction","target":{"@type":"EntryPoint","urlTemplate":"https:\/\/accordpropiedades.com.ar\/?s={search_term_string}"},"query-input":{"@type":"PropertyValueSpecification","valueRequired":true,"valueName":"search_term_string"}}],"inLanguage":"es"},{"@type":"Organization","@id":"https:\/\/accordpropiedades.com.ar\/#organization","name":"Accord Propiedades","url":"https:\/\/accordpropiedades.com.ar\/","logo":{"@type":"ImageObject","inLanguage":"es","@id":"https:\/\/accordpropiedades.com.ar\/#\/schema\/logo\/image\/","url":"https:\/\/accordpropiedades.com.ar\/wp-content\/uploads\/2021\/08\/cropped-acoord1-1.png","contentUrl":"https:\/\/accordpropiedades.com.ar\/wp-content\/uploads\/2021\/08\/cropped-acoord1-1.png","width":243,"height":64,"caption":"Accord Propiedades"},"image":{"@id":"https:\/\/accordpropiedades.com.ar\/#\/schema\/logo\/image\/"}}]}},"_links":{"self":[{"href":"https:\/\/accordpropiedades.com.ar\/index.php\/wp-json\/wp\/v2\/product\/1192","targetHints":{"allow":["GET"]}}],"collection":[{"href":"https:\/\/accordpropiedades.com.ar\/index.php\/wp-json\/wp\/v2\/product"}],"about":[{"href":"https:\/\/accordpropiedades.com.ar\/index.php\/wp-json\/wp\/v2\/types\/product"}],"replies":[{"embeddable":true,"href":"https:\/\/accordpropiedades.com.ar\/index.php\/wp-json\/wp\/v2\/comments?post=1192"}],"version-history":[{"count":6,"href":"https:\/\/accordpropiedades.com.ar\/index.php\/wp-json\/wp\/v2\/product\/1192\/revisions"}],"predecessor-version":[{"id":1461,"href":"https:\/\/accordpropiedades.com.ar\/index.php\/wp-json\/wp\/v2\/product\/1192\/revisions\/1461"}],"wp:featuredmedia":[{"embeddable":true,"href":"https:\/\/accordpropiedades.com.ar\/index.php\/wp-json\/wp\/v2\/media\/1194"}],"wp:attachment":[{"href":"https:\/\/accordpropiedades.com.ar\/index.php\/wp-json\/wp\/v2\/media?parent=1192"}],"wp:term":[{"taxonomy":"product_brand","embeddable":true,"href":"https:\/\/accordpropiedades.com.ar\/index.php\/wp-json\/wp\/v2\/product_brand?post=1192"},{"taxonomy":"product_cat","embeddable":true,"href":"https:\/\/accordpropiedades.com.ar\/index.php\/wp-json\/wp\/v2\/product_cat?post=1192"},{"taxonomy":"product_tag","embeddable":true,"href":"https:\/\/accordpropiedades.com.ar\/index.php\/wp-json\/wp\/v2\/product_tag?post=1192"}],"curies":[{"name":"wp","href":"https:\/\/api.w.org\/{rel}","templated":true}]}}