{"id":1256,"date":"2024-10-21T01:00:10","date_gmt":"2024-10-21T01:00:10","guid":{"rendered":"https:\/\/accordpropiedades.com.ar\/?post_type=product&#038;p=1256"},"modified":"2025-10-18T02:23:05","modified_gmt":"2025-10-18T02:23:05","slug":"chalet-en-venta-zona-residencial","status":"publish","type":"product","link":"https:\/\/accordpropiedades.com.ar\/index.php\/producto\/chalet-en-venta-zona-residencial\/","title":{"rendered":"CHALET EN VENTA &#8211; zona residencial"},"content":{"rendered":"<p align=\"justify\"><span style=\"color: #3b3b3b;\"><span style=\"font-family: Arial, serif;\"><span style=\"font-size: medium;\"><span lang=\"es-ES\">Casa americana tipo chalet de 5 ambientes ubicada en Zona Residencial sobre calle Reybaud 457-Don Torcuato, Posee port\u00f3n de acceso vehicular y peatonal, garaje cubierto para 1 veh\u00edculo , porch, hall de ingreso,living comedor, 3 dormitorios ,cocina , ba\u00f1o completo.(espacio lavadero al fondo) -Exterior al frente garaje cubierto con parrilla , jard\u00edn arbolado al frente<\/span><\/span><\/span><\/span><\/p>\n<p align=\"justify\"><span style=\"color: #3b3b3b;\"> <span style=\"font-family: Arial, serif;\"><span style=\"font-size: medium;\"><span lang=\"es-ES\">Detalles:Construcci\u00f3n en losa cer\u00e1mica y paredes de mamposter\u00eda ,techo de chapa galvanizada , gas natural, bomba sumergible, termotanque y pozos ciego.<\/span><\/span><\/span><\/span><\/p>\n<p align=\"justify\"><span style=\"color: #3b3b3b;\"><span style=\"font-family: Arial, serif;\"><span style=\"font-size: medium;\"><span lang=\"es-ES\">LA CASA POSEE PLANOS Y ES APTA PARA HIPOTECA.<\/span><\/span><\/span><\/span><\/p>\n<p><span style=\"font-family: Times New Roman, serif;\"><span style=\"font-size: medium;\"><span lang=\"es-ES\">Lote de 300 m2<\/span><\/span><\/span><\/p>\n<p><span style=\"font-family: Times New Roman, serif;\"><span style=\"font-size: medium;\"><span lang=\"es-ES\">Superficie cubierta : 90m2 aproximadamente<\/span><\/span><\/span><\/p>\n<p><span style=\"font-family: Times New Roman, serif;\"><span style=\"font-size: medium;\"><span lang=\"es-ES\">Un dormitorio de 3,45 x4,05<\/span><\/span><\/span><\/p>\n<p><span style=\"font-family: Times New Roman, serif;\"><span style=\"font-size: medium;\"><span lang=\"es-ES\">Dos dormitorios de 3.05x 2,30 cada uno<\/span><\/span><\/span><\/p>\n<p><span style=\"font-family: Times New Roman, serif;\"><span style=\"font-size: medium;\"><span lang=\"es-ES\">Living comedor de 5,00 x 3,10m<\/span><\/span><\/span><\/p>\n<p><span style=\"font-family: Times New Roman, serif;\"><span style=\"font-size: medium;\"><span lang=\"es-ES\">Cocina 4,00 x2,70 m<\/span><\/span><\/span><\/p>\n<p><span style=\"font-family: Times New Roman, serif;\"><span style=\"font-size: medium;\"><span lang=\"es-ES\">Lavadero de 5,50, 3,10 m<\/span><\/span><\/span><\/p>\n<p><span style=\"font-family: Times New Roman, serif;\"><span style=\"font-size: medium;\"><span lang=\"es-ES\">Garaje \/parrilla : 4,00x 2,80 m<\/span><\/span><\/span><\/p>\n<p><span style=\"font-family: Times New Roman, serif;\"><span style=\"font-size: medium;\"><span lang=\"es-ES\">PRECIO DE VENTA : U$S 130.000.- (CIENTO TREINTA MIL D\u00d3LARES ESTADOUNIDENSES)<\/span><\/span><\/span><\/p>\n<p><span style=\"font-family: Times New Roman, serif;\"><span style=\"font-size: medium;\"><span lang=\"es-ES\">CONDICIONES DE VENTA : FORMAL AL CONTADO<\/span><\/span><\/span><a name=\"_GoBack\"><\/a><\/p>\n<p>Las medidas consignadas no son exactas, tienen un fin meramente orientativo, no vinculantes. Las medidas de superficie reales surgir\u00e1n del t\u00edtulo de propiedad.<br \/>\nDon Torcuato es una ciudad ubicada en el sur del partido de Tigre, en la zona norte del Gran Buenos Aires, Provincia de Buenos Aires en Argentina.<br \/>\nLimita con las localidades de El Talar, General Pacheco, Troncos del Talar, San Fernando, Victoria, Boulogne Sur Mer, Jos\u00e9 Le\u00f3n Suarez, Loma Hermosa, Campo de Mayo e Ingeniero Adolfo Sordeaux.<br \/>\nCuenta con acceso directo a la Ciudad Aut\u00f3noma de Buenos Aires por la Autopista Pascual Palazzo parte de la Carretera Panamericana y por la red ferroviaria argentina prestada por la l\u00ednea Belgrano Norte del Ferrocarril General Belgrano que parte de la estaci\u00f3n Retiro.-<\/p>\n","protected":false},"excerpt":{"rendered":"<p><span lang=\"es-ES\">Venta Casa americana tipo chalet de 5 ambientes ubicada en Zona Residencial sobre calle Reybaud 457-Don Torcuato, Partido de Tire, Buenos Aires.<br \/>\n<\/span><\/p>\n","protected":false},"featured_media":1260,"comment_status":"open","ping_status":"closed","template":"","meta":{"_et_pb_use_builder":"","_et_pb_old_content":"","_et_gb_content_width":"","_joinchat":[]},"product_brand":[],"product_cat":[25,34,36,30,98,44,71,78,17],"product_tag":[],"class_list":{"0":"post-1256","1":"product","2":"type-product","3":"status-publish","4":"has-post-thumbnail","6":"product_cat-1-bano","7":"product_cat-1-cocina","8":"product_cat-1-living-comedor","9":"product_cat-3-dormitorios","10":"product_cat-5-ambientes-2","11":"product_cat-chalet","12":"product_cat-garage","13":"product_cat-parque","14":"product_cat-venta","16":"first","17":"instock","18":"shipping-taxable","19":"purchasable","20":"product-type-simple"},"yoast_head":"<!-- This site is optimized with the Yoast SEO plugin v27.6 - https:\/\/yoast.com\/product\/yoast-seo-wordpress\/ -->\n<title>CHALET EN VENTA - zona residencial - Accord Propiedades<\/title>\n<meta name=\"description\" content=\"venta, chalet, don torcuato, buenos aires, partido de tigre, cinco ambientes, ajuste trimestral, accord propiedades, inmobiliaria\" \/>\n<meta name=\"robots\" content=\"index, follow, max-snippet:-1, max-image-preview:large, max-video-preview:-1\" \/>\n<link rel=\"canonical\" href=\"https:\/\/accordpropiedades.com.ar\/index.php\/producto\/chalet-en-venta-zona-residencial\/\" \/>\n<meta property=\"og:locale\" content=\"es_ES\" \/>\n<meta property=\"og:type\" content=\"article\" \/>\n<meta property=\"og:title\" content=\"CHALET EN VENTA - zona residencial - Accord Propiedades\" \/>\n<meta property=\"og:description\" content=\"venta, chalet, don torcuato, buenos aires, partido de tigre, cinco ambientes, ajuste trimestral, accord propiedades, inmobiliaria\" \/>\n<meta property=\"og:url\" content=\"https:\/\/accordpropiedades.com.ar\/index.php\/producto\/chalet-en-venta-zona-residencial\/\" \/>\n<meta property=\"og:site_name\" content=\"Accord Propiedades\" \/>\n<meta property=\"article:modified_time\" content=\"2025-10-18T02:23:05+00:00\" \/>\n<meta property=\"og:image\" content=\"https:\/\/accordpropiedades.com.ar\/wp-content\/uploads\/2024\/10\/foto-reybaud1.jpg\" \/>\n\t<meta property=\"og:image:width\" content=\"1200\" \/>\n\t<meta property=\"og:image:height\" content=\"1600\" \/>\n\t<meta property=\"og:image:type\" content=\"image\/jpeg\" \/>\n<meta name=\"twitter:card\" content=\"summary_large_image\" \/>\n<meta name=\"twitter:label1\" content=\"Tiempo de lectura\" \/>\n\t<meta name=\"twitter:data1\" content=\"1 minuto\" \/>\n<script type=\"application\/ld+json\" class=\"yoast-schema-graph\">{\"@context\":\"https:\\\/\\\/schema.org\",\"@graph\":[{\"@type\":\"WebPage\",\"@id\":\"https:\\\/\\\/accordpropiedades.com.ar\\\/index.php\\\/producto\\\/chalet-en-venta-zona-residencial\\\/\",\"url\":\"https:\\\/\\\/accordpropiedades.com.ar\\\/index.php\\\/producto\\\/chalet-en-venta-zona-residencial\\\/\",\"name\":\"CHALET EN VENTA - zona residencial - Accord Propiedades\",\"isPartOf\":{\"@id\":\"https:\\\/\\\/accordpropiedades.com.ar\\\/#website\"},\"primaryImageOfPage\":{\"@id\":\"https:\\\/\\\/accordpropiedades.com.ar\\\/index.php\\\/producto\\\/chalet-en-venta-zona-residencial\\\/#primaryimage\"},\"image\":{\"@id\":\"https:\\\/\\\/accordpropiedades.com.ar\\\/index.php\\\/producto\\\/chalet-en-venta-zona-residencial\\\/#primaryimage\"},\"thumbnailUrl\":\"https:\\\/\\\/accordpropiedades.com.ar\\\/wp-content\\\/uploads\\\/2024\\\/10\\\/foto-reybaud1.jpg\",\"datePublished\":\"2024-10-21T01:00:10+00:00\",\"dateModified\":\"2025-10-18T02:23:05+00:00\",\"description\":\"venta, chalet, don torcuato, buenos aires, partido de tigre, cinco ambientes, ajuste trimestral, accord propiedades, inmobiliaria\",\"breadcrumb\":{\"@id\":\"https:\\\/\\\/accordpropiedades.com.ar\\\/index.php\\\/producto\\\/chalet-en-venta-zona-residencial\\\/#breadcrumb\"},\"inLanguage\":\"es\",\"potentialAction\":[{\"@type\":\"ReadAction\",\"target\":[\"https:\\\/\\\/accordpropiedades.com.ar\\\/index.php\\\/producto\\\/chalet-en-venta-zona-residencial\\\/\"]}]},{\"@type\":\"ImageObject\",\"inLanguage\":\"es\",\"@id\":\"https:\\\/\\\/accordpropiedades.com.ar\\\/index.php\\\/producto\\\/chalet-en-venta-zona-residencial\\\/#primaryimage\",\"url\":\"https:\\\/\\\/accordpropiedades.com.ar\\\/wp-content\\\/uploads\\\/2024\\\/10\\\/foto-reybaud1.jpg\",\"contentUrl\":\"https:\\\/\\\/accordpropiedades.com.ar\\\/wp-content\\\/uploads\\\/2024\\\/10\\\/foto-reybaud1.jpg\",\"width\":1200,\"height\":1600},{\"@type\":\"BreadcrumbList\",\"@id\":\"https:\\\/\\\/accordpropiedades.com.ar\\\/index.php\\\/producto\\\/chalet-en-venta-zona-residencial\\\/#breadcrumb\",\"itemListElement\":[{\"@type\":\"ListItem\",\"position\":1,\"name\":\"Portada\",\"item\":\"https:\\\/\\\/accordpropiedades.com.ar\\\/\"},{\"@type\":\"ListItem\",\"position\":2,\"name\":\"Tienda\",\"item\":\"https:\\\/\\\/accordpropiedades.com.ar\\\/index.php\\\/tienda\\\/\"},{\"@type\":\"ListItem\",\"position\":3,\"name\":\"CHALET EN VENTA &#8211; zona residencial\"}]},{\"@type\":\"WebSite\",\"@id\":\"https:\\\/\\\/accordpropiedades.com.ar\\\/#website\",\"url\":\"https:\\\/\\\/accordpropiedades.com.ar\\\/\",\"name\":\"Accord Propiedades\",\"description\":\"\",\"publisher\":{\"@id\":\"https:\\\/\\\/accordpropiedades.com.ar\\\/#organization\"},\"potentialAction\":[{\"@type\":\"SearchAction\",\"target\":{\"@type\":\"EntryPoint\",\"urlTemplate\":\"https:\\\/\\\/accordpropiedades.com.ar\\\/?s={search_term_string}\"},\"query-input\":{\"@type\":\"PropertyValueSpecification\",\"valueRequired\":true,\"valueName\":\"search_term_string\"}}],\"inLanguage\":\"es\"},{\"@type\":\"Organization\",\"@id\":\"https:\\\/\\\/accordpropiedades.com.ar\\\/#organization\",\"name\":\"Accord Propiedades\",\"url\":\"https:\\\/\\\/accordpropiedades.com.ar\\\/\",\"logo\":{\"@type\":\"ImageObject\",\"inLanguage\":\"es\",\"@id\":\"https:\\\/\\\/accordpropiedades.com.ar\\\/#\\\/schema\\\/logo\\\/image\\\/\",\"url\":\"https:\\\/\\\/accordpropiedades.com.ar\\\/wp-content\\\/uploads\\\/2021\\\/08\\\/cropped-acoord1-1.png\",\"contentUrl\":\"https:\\\/\\\/accordpropiedades.com.ar\\\/wp-content\\\/uploads\\\/2021\\\/08\\\/cropped-acoord1-1.png\",\"width\":243,\"height\":64,\"caption\":\"Accord Propiedades\"},\"image\":{\"@id\":\"https:\\\/\\\/accordpropiedades.com.ar\\\/#\\\/schema\\\/logo\\\/image\\\/\"}}]}<\/script>\n<!-- \/ Yoast SEO plugin. -->","yoast_head_json":{"title":"CHALET EN VENTA - zona residencial - Accord Propiedades","description":"venta, chalet, don torcuato, buenos aires, partido de tigre, cinco ambientes, ajuste trimestral, accord propiedades, inmobiliaria","robots":{"index":"index","follow":"follow","max-snippet":"max-snippet:-1","max-image-preview":"max-image-preview:large","max-video-preview":"max-video-preview:-1"},"canonical":"https:\/\/accordpropiedades.com.ar\/index.php\/producto\/chalet-en-venta-zona-residencial\/","og_locale":"es_ES","og_type":"article","og_title":"CHALET EN VENTA - zona residencial - Accord Propiedades","og_description":"venta, chalet, don torcuato, buenos aires, partido de tigre, cinco ambientes, ajuste trimestral, accord propiedades, inmobiliaria","og_url":"https:\/\/accordpropiedades.com.ar\/index.php\/producto\/chalet-en-venta-zona-residencial\/","og_site_name":"Accord Propiedades","article_modified_time":"2025-10-18T02:23:05+00:00","og_image":[{"width":1200,"height":1600,"url":"https:\/\/accordpropiedades.com.ar\/wp-content\/uploads\/2024\/10\/foto-reybaud1.jpg","type":"image\/jpeg"}],"twitter_card":"summary_large_image","twitter_misc":{"Tiempo de lectura":"1 minuto"},"schema":{"@context":"https:\/\/schema.org","@graph":[{"@type":"WebPage","@id":"https:\/\/accordpropiedades.com.ar\/index.php\/producto\/chalet-en-venta-zona-residencial\/","url":"https:\/\/accordpropiedades.com.ar\/index.php\/producto\/chalet-en-venta-zona-residencial\/","name":"CHALET EN VENTA - zona residencial - Accord Propiedades","isPartOf":{"@id":"https:\/\/accordpropiedades.com.ar\/#website"},"primaryImageOfPage":{"@id":"https:\/\/accordpropiedades.com.ar\/index.php\/producto\/chalet-en-venta-zona-residencial\/#primaryimage"},"image":{"@id":"https:\/\/accordpropiedades.com.ar\/index.php\/producto\/chalet-en-venta-zona-residencial\/#primaryimage"},"thumbnailUrl":"https:\/\/accordpropiedades.com.ar\/wp-content\/uploads\/2024\/10\/foto-reybaud1.jpg","datePublished":"2024-10-21T01:00:10+00:00","dateModified":"2025-10-18T02:23:05+00:00","description":"venta, chalet, don torcuato, buenos aires, partido de tigre, cinco ambientes, ajuste trimestral, accord propiedades, inmobiliaria","breadcrumb":{"@id":"https:\/\/accordpropiedades.com.ar\/index.php\/producto\/chalet-en-venta-zona-residencial\/#breadcrumb"},"inLanguage":"es","potentialAction":[{"@type":"ReadAction","target":["https:\/\/accordpropiedades.com.ar\/index.php\/producto\/chalet-en-venta-zona-residencial\/"]}]},{"@type":"ImageObject","inLanguage":"es","@id":"https:\/\/accordpropiedades.com.ar\/index.php\/producto\/chalet-en-venta-zona-residencial\/#primaryimage","url":"https:\/\/accordpropiedades.com.ar\/wp-content\/uploads\/2024\/10\/foto-reybaud1.jpg","contentUrl":"https:\/\/accordpropiedades.com.ar\/wp-content\/uploads\/2024\/10\/foto-reybaud1.jpg","width":1200,"height":1600},{"@type":"BreadcrumbList","@id":"https:\/\/accordpropiedades.com.ar\/index.php\/producto\/chalet-en-venta-zona-residencial\/#breadcrumb","itemListElement":[{"@type":"ListItem","position":1,"name":"Portada","item":"https:\/\/accordpropiedades.com.ar\/"},{"@type":"ListItem","position":2,"name":"Tienda","item":"https:\/\/accordpropiedades.com.ar\/index.php\/tienda\/"},{"@type":"ListItem","position":3,"name":"CHALET EN VENTA &#8211; zona residencial"}]},{"@type":"WebSite","@id":"https:\/\/accordpropiedades.com.ar\/#website","url":"https:\/\/accordpropiedades.com.ar\/","name":"Accord Propiedades","description":"","publisher":{"@id":"https:\/\/accordpropiedades.com.ar\/#organization"},"potentialAction":[{"@type":"SearchAction","target":{"@type":"EntryPoint","urlTemplate":"https:\/\/accordpropiedades.com.ar\/?s={search_term_string}"},"query-input":{"@type":"PropertyValueSpecification","valueRequired":true,"valueName":"search_term_string"}}],"inLanguage":"es"},{"@type":"Organization","@id":"https:\/\/accordpropiedades.com.ar\/#organization","name":"Accord Propiedades","url":"https:\/\/accordpropiedades.com.ar\/","logo":{"@type":"ImageObject","inLanguage":"es","@id":"https:\/\/accordpropiedades.com.ar\/#\/schema\/logo\/image\/","url":"https:\/\/accordpropiedades.com.ar\/wp-content\/uploads\/2021\/08\/cropped-acoord1-1.png","contentUrl":"https:\/\/accordpropiedades.com.ar\/wp-content\/uploads\/2021\/08\/cropped-acoord1-1.png","width":243,"height":64,"caption":"Accord Propiedades"},"image":{"@id":"https:\/\/accordpropiedades.com.ar\/#\/schema\/logo\/image\/"}}]}},"_links":{"self":[{"href":"https:\/\/accordpropiedades.com.ar\/index.php\/wp-json\/wp\/v2\/product\/1256","targetHints":{"allow":["GET"]}}],"collection":[{"href":"https:\/\/accordpropiedades.com.ar\/index.php\/wp-json\/wp\/v2\/product"}],"about":[{"href":"https:\/\/accordpropiedades.com.ar\/index.php\/wp-json\/wp\/v2\/types\/product"}],"replies":[{"embeddable":true,"href":"https:\/\/accordpropiedades.com.ar\/index.php\/wp-json\/wp\/v2\/comments?post=1256"}],"version-history":[{"count":5,"href":"https:\/\/accordpropiedades.com.ar\/index.php\/wp-json\/wp\/v2\/product\/1256\/revisions"}],"predecessor-version":[{"id":1460,"href":"https:\/\/accordpropiedades.com.ar\/index.php\/wp-json\/wp\/v2\/product\/1256\/revisions\/1460"}],"wp:featuredmedia":[{"embeddable":true,"href":"https:\/\/accordpropiedades.com.ar\/index.php\/wp-json\/wp\/v2\/media\/1260"}],"wp:attachment":[{"href":"https:\/\/accordpropiedades.com.ar\/index.php\/wp-json\/wp\/v2\/media?parent=1256"}],"wp:term":[{"taxonomy":"product_brand","embeddable":true,"href":"https:\/\/accordpropiedades.com.ar\/index.php\/wp-json\/wp\/v2\/product_brand?post=1256"},{"taxonomy":"product_cat","embeddable":true,"href":"https:\/\/accordpropiedades.com.ar\/index.php\/wp-json\/wp\/v2\/product_cat?post=1256"},{"taxonomy":"product_tag","embeddable":true,"href":"https:\/\/accordpropiedades.com.ar\/index.php\/wp-json\/wp\/v2\/product_tag?post=1256"}],"curies":[{"name":"wp","href":"https:\/\/api.w.org\/{rel}","templated":true}]}}