{"id":1453,"date":"2025-09-03T18:42:30","date_gmt":"2025-09-03T18:42:30","guid":{"rendered":"https:\/\/accordpropiedades.com.ar\/?post_type=product&#038;p=1453"},"modified":"2025-09-03T19:02:20","modified_gmt":"2025-09-03T19:02:20","slug":"casa-tipo-americana-de-4-ambientes-zona-residencial","status":"publish","type":"product","link":"https:\/\/accordpropiedades.com.ar\/index.php\/producto\/casa-tipo-americana-de-4-ambientes-zona-residencial\/","title":{"rendered":"Casa tipo americana de 4 ambientes | Zona Residencial"},"content":{"rendered":"<p><span style=\"font-weight: 400;\">OPORTUNIDAD:<\/span><\/p>\n<p><span style=\"font-weight: 400;\">C<\/span><span style=\"font-weight: 400;\">asa tipo americana de 4 amplios ambientes ubicada en Zona Residencial sobre\u00a0 calle Brasil 1235-Don Torcuato, entres Buschiazo y Reybaud. <\/span><span style=\"font-weight: 400;\">Posee port\u00f3n de acceso vehicular y peatonal, garaje descubierto para 1 veh\u00edculo , porch, hall de ingreso,living comedor, 3 dormitorios ,cocina , ba\u00f1o completo.(espacio lavadero al fondo) -, jard\u00edn arbolado al fondo de aproximadamente 90 m2<\/span><\/p>\n<p><span style=\"font-weight: 400;\">Planta alta con un departamento de dos ambientes\u00a0<\/span><\/p>\n<p><span style=\"font-weight: 400;\">Detalles:Construcci\u00f3n\u00a0 en losa cer\u00e1mica y paredes de mamposter\u00eda ,techo de chapa galvanizada .- <\/span><\/p>\n<p><span style=\"font-weight: 400;\">Lo<\/span><span style=\"font-weight: 400;\">te de 300 m2<\/span><\/p>\n<p><span style=\"font-weight: 400;\">Superficie cubierta\u00a0 :110 m2 aproximadamente<\/span><\/p>\n<p><span style=\"font-weight: 400;\">Superficie descubierta : 190 m2 aproximadamente<\/span><\/p>\n<p><span style=\"font-weight: 400;\">Dos dormitorios de 3,20 x3,50 m<\/span><\/p>\n<p><span style=\"font-weight: 400;\">Living comedor de 6,00 x 4,00m<\/span><\/p>\n<p><span style=\"font-weight: 400;\">Cocina\u00a0 4,15 x2,60 m<\/span><\/p>\n<p><span style=\"font-weight: 400;\">Garaje descubierto al frente<\/span><\/p>\n<p><span style=\"font-weight: 400;\">Antig\u00fcedad de la construcci\u00f3n 50 a\u00f1os<\/span><\/p>\n<p><span style=\"font-weight: 400;\">CONDICIONES DE VENTA : FORMAL AL CONTADO.-(30% al boleto de Compra venta, saldo contra escritura traslativa de dominio.-)<\/span><\/p>\n<p>Las medidas consignadas no son exactas, tienen un fin meramente orientativo, no vinculantes. Las medidas de superficie reales surgir\u00e1n del t\u00edtulo de propiedad.<br \/>\nDon Torcuato es una ciudad ubicada en el sur del partido de Tigre, en la zona norte del Gran Buenos Aires, Provincia de Buenos Aires en Argentina.<br \/>\nLimita con las localidades de El Talar, General Pacheco, Troncos del Talar, San Fernando, Victoria, Boulogne Sur Mer, Jos\u00e9 Le\u00f3n Suarez, Loma Hermosa, Campo de Mayo e Ingeniero Adolfo Sordeaux.<br \/>\nCuenta con acceso directo a la Ciudad Aut\u00f3noma de Buenos Aires por la Autopista Pascual Palazzo parte de la Carretera Panamericana y por la red ferroviaria argentina prestada por la l\u00ednea Belgrano Norte del Ferrocarril General Belgrano que parte de la estaci\u00f3n Retiro.-<\/p>\n","protected":false},"excerpt":{"rendered":"<p><span style=\"font-weight: 400;\">OPORTUNIDAD: <\/span><span style=\"font-weight: 400;\">Casa tipo americana de 4 amplios ambientes ubicada en Zona Residencial sobre\u00a0 calle Brasil 1235-Don Torcuato, entres Buschiazo y Reybaud.<\/span><\/p>\n","protected":false},"featured_media":0,"comment_status":"open","ping_status":"closed","template":"","meta":{"_et_pb_use_builder":"","_et_pb_old_content":"","_et_gb_content_width":"","_joinchat":[]},"product_brand":[],"product_cat":[25,34,30,113,19,71,92,85,78,17],"product_tag":[],"class_list":{"0":"post-1453","1":"product","2":"type-product","3":"status-publish","5":"product_cat-1-bano","6":"product_cat-1-cocina","7":"product_cat-3-dormitorios","8":"product_cat-4-ambientes","9":"product_cat-departamento","10":"product_cat-garage","11":"product_cat-lavadero-2","12":"product_cat-living","13":"product_cat-parque","14":"product_cat-venta","16":"first","17":"instock","18":"shipping-taxable","19":"purchasable","20":"product-type-simple"},"yoast_head":"<!-- This site is optimized with the Yoast SEO plugin v27.4 - https:\/\/yoast.com\/product\/yoast-seo-wordpress\/ -->\n<title>Casa tipo americana de 4 ambientes | Zona Residencial - Accord Propiedades<\/title>\n<meta name=\"robots\" content=\"index, follow, max-snippet:-1, max-image-preview:large, max-video-preview:-1\" \/>\n<link rel=\"canonical\" href=\"https:\/\/accordpropiedades.com.ar\/index.php\/producto\/casa-tipo-americana-de-4-ambientes-zona-residencial\/\" \/>\n<meta property=\"og:locale\" content=\"es_ES\" \/>\n<meta property=\"og:type\" content=\"article\" \/>\n<meta property=\"og:title\" content=\"Casa tipo americana de 4 ambientes | Zona Residencial - Accord Propiedades\" \/>\n<meta property=\"og:description\" content=\"OPORTUNIDAD: Casa tipo americana de 4 amplios ambientes ubicada en Zona Residencial sobre\u00a0 calle Brasil 1235-Don Torcuato, entres Buschiazo y Reybaud.\" \/>\n<meta property=\"og:url\" content=\"https:\/\/accordpropiedades.com.ar\/index.php\/producto\/casa-tipo-americana-de-4-ambientes-zona-residencial\/\" \/>\n<meta property=\"og:site_name\" content=\"Accord Propiedades\" \/>\n<meta property=\"article:modified_time\" content=\"2025-09-03T19:02:20+00:00\" \/>\n<meta name=\"twitter:card\" content=\"summary_large_image\" \/>\n<meta name=\"twitter:label1\" content=\"Tiempo de lectura\" \/>\n\t<meta name=\"twitter:data1\" content=\"1 minuto\" \/>\n<script type=\"application\/ld+json\" class=\"yoast-schema-graph\">{\"@context\":\"https:\\\/\\\/schema.org\",\"@graph\":[{\"@type\":\"WebPage\",\"@id\":\"https:\\\/\\\/accordpropiedades.com.ar\\\/index.php\\\/producto\\\/casa-tipo-americana-de-4-ambientes-zona-residencial\\\/\",\"url\":\"https:\\\/\\\/accordpropiedades.com.ar\\\/index.php\\\/producto\\\/casa-tipo-americana-de-4-ambientes-zona-residencial\\\/\",\"name\":\"Casa tipo americana de 4 ambientes | Zona Residencial - Accord Propiedades\",\"isPartOf\":{\"@id\":\"https:\\\/\\\/accordpropiedades.com.ar\\\/#website\"},\"datePublished\":\"2025-09-03T18:42:30+00:00\",\"dateModified\":\"2025-09-03T19:02:20+00:00\",\"breadcrumb\":{\"@id\":\"https:\\\/\\\/accordpropiedades.com.ar\\\/index.php\\\/producto\\\/casa-tipo-americana-de-4-ambientes-zona-residencial\\\/#breadcrumb\"},\"inLanguage\":\"es\",\"potentialAction\":[{\"@type\":\"ReadAction\",\"target\":[\"https:\\\/\\\/accordpropiedades.com.ar\\\/index.php\\\/producto\\\/casa-tipo-americana-de-4-ambientes-zona-residencial\\\/\"]}]},{\"@type\":\"BreadcrumbList\",\"@id\":\"https:\\\/\\\/accordpropiedades.com.ar\\\/index.php\\\/producto\\\/casa-tipo-americana-de-4-ambientes-zona-residencial\\\/#breadcrumb\",\"itemListElement\":[{\"@type\":\"ListItem\",\"position\":1,\"name\":\"Portada\",\"item\":\"https:\\\/\\\/accordpropiedades.com.ar\\\/\"},{\"@type\":\"ListItem\",\"position\":2,\"name\":\"Tienda\",\"item\":\"https:\\\/\\\/accordpropiedades.com.ar\\\/index.php\\\/tienda\\\/\"},{\"@type\":\"ListItem\",\"position\":3,\"name\":\"Casa tipo americana de 4 ambientes | Zona Residencial\"}]},{\"@type\":\"WebSite\",\"@id\":\"https:\\\/\\\/accordpropiedades.com.ar\\\/#website\",\"url\":\"https:\\\/\\\/accordpropiedades.com.ar\\\/\",\"name\":\"Accord Propiedades\",\"description\":\"\",\"publisher\":{\"@id\":\"https:\\\/\\\/accordpropiedades.com.ar\\\/#organization\"},\"potentialAction\":[{\"@type\":\"SearchAction\",\"target\":{\"@type\":\"EntryPoint\",\"urlTemplate\":\"https:\\\/\\\/accordpropiedades.com.ar\\\/?s={search_term_string}\"},\"query-input\":{\"@type\":\"PropertyValueSpecification\",\"valueRequired\":true,\"valueName\":\"search_term_string\"}}],\"inLanguage\":\"es\"},{\"@type\":\"Organization\",\"@id\":\"https:\\\/\\\/accordpropiedades.com.ar\\\/#organization\",\"name\":\"Accord Propiedades\",\"url\":\"https:\\\/\\\/accordpropiedades.com.ar\\\/\",\"logo\":{\"@type\":\"ImageObject\",\"inLanguage\":\"es\",\"@id\":\"https:\\\/\\\/accordpropiedades.com.ar\\\/#\\\/schema\\\/logo\\\/image\\\/\",\"url\":\"https:\\\/\\\/accordpropiedades.com.ar\\\/wp-content\\\/uploads\\\/2021\\\/08\\\/cropped-acoord1-1.png\",\"contentUrl\":\"https:\\\/\\\/accordpropiedades.com.ar\\\/wp-content\\\/uploads\\\/2021\\\/08\\\/cropped-acoord1-1.png\",\"width\":243,\"height\":64,\"caption\":\"Accord Propiedades\"},\"image\":{\"@id\":\"https:\\\/\\\/accordpropiedades.com.ar\\\/#\\\/schema\\\/logo\\\/image\\\/\"}}]}<\/script>\n<!-- \/ Yoast SEO plugin. -->","yoast_head_json":{"title":"Casa tipo americana de 4 ambientes | Zona Residencial - Accord Propiedades","robots":{"index":"index","follow":"follow","max-snippet":"max-snippet:-1","max-image-preview":"max-image-preview:large","max-video-preview":"max-video-preview:-1"},"canonical":"https:\/\/accordpropiedades.com.ar\/index.php\/producto\/casa-tipo-americana-de-4-ambientes-zona-residencial\/","og_locale":"es_ES","og_type":"article","og_title":"Casa tipo americana de 4 ambientes | Zona Residencial - Accord Propiedades","og_description":"OPORTUNIDAD: Casa tipo americana de 4 amplios ambientes ubicada en Zona Residencial sobre\u00a0 calle Brasil 1235-Don Torcuato, entres Buschiazo y Reybaud.","og_url":"https:\/\/accordpropiedades.com.ar\/index.php\/producto\/casa-tipo-americana-de-4-ambientes-zona-residencial\/","og_site_name":"Accord Propiedades","article_modified_time":"2025-09-03T19:02:20+00:00","twitter_card":"summary_large_image","twitter_misc":{"Tiempo de lectura":"1 minuto"},"schema":{"@context":"https:\/\/schema.org","@graph":[{"@type":"WebPage","@id":"https:\/\/accordpropiedades.com.ar\/index.php\/producto\/casa-tipo-americana-de-4-ambientes-zona-residencial\/","url":"https:\/\/accordpropiedades.com.ar\/index.php\/producto\/casa-tipo-americana-de-4-ambientes-zona-residencial\/","name":"Casa tipo americana de 4 ambientes | Zona Residencial - Accord Propiedades","isPartOf":{"@id":"https:\/\/accordpropiedades.com.ar\/#website"},"datePublished":"2025-09-03T18:42:30+00:00","dateModified":"2025-09-03T19:02:20+00:00","breadcrumb":{"@id":"https:\/\/accordpropiedades.com.ar\/index.php\/producto\/casa-tipo-americana-de-4-ambientes-zona-residencial\/#breadcrumb"},"inLanguage":"es","potentialAction":[{"@type":"ReadAction","target":["https:\/\/accordpropiedades.com.ar\/index.php\/producto\/casa-tipo-americana-de-4-ambientes-zona-residencial\/"]}]},{"@type":"BreadcrumbList","@id":"https:\/\/accordpropiedades.com.ar\/index.php\/producto\/casa-tipo-americana-de-4-ambientes-zona-residencial\/#breadcrumb","itemListElement":[{"@type":"ListItem","position":1,"name":"Portada","item":"https:\/\/accordpropiedades.com.ar\/"},{"@type":"ListItem","position":2,"name":"Tienda","item":"https:\/\/accordpropiedades.com.ar\/index.php\/tienda\/"},{"@type":"ListItem","position":3,"name":"Casa tipo americana de 4 ambientes | Zona Residencial"}]},{"@type":"WebSite","@id":"https:\/\/accordpropiedades.com.ar\/#website","url":"https:\/\/accordpropiedades.com.ar\/","name":"Accord Propiedades","description":"","publisher":{"@id":"https:\/\/accordpropiedades.com.ar\/#organization"},"potentialAction":[{"@type":"SearchAction","target":{"@type":"EntryPoint","urlTemplate":"https:\/\/accordpropiedades.com.ar\/?s={search_term_string}"},"query-input":{"@type":"PropertyValueSpecification","valueRequired":true,"valueName":"search_term_string"}}],"inLanguage":"es"},{"@type":"Organization","@id":"https:\/\/accordpropiedades.com.ar\/#organization","name":"Accord Propiedades","url":"https:\/\/accordpropiedades.com.ar\/","logo":{"@type":"ImageObject","inLanguage":"es","@id":"https:\/\/accordpropiedades.com.ar\/#\/schema\/logo\/image\/","url":"https:\/\/accordpropiedades.com.ar\/wp-content\/uploads\/2021\/08\/cropped-acoord1-1.png","contentUrl":"https:\/\/accordpropiedades.com.ar\/wp-content\/uploads\/2021\/08\/cropped-acoord1-1.png","width":243,"height":64,"caption":"Accord Propiedades"},"image":{"@id":"https:\/\/accordpropiedades.com.ar\/#\/schema\/logo\/image\/"}}]}},"_links":{"self":[{"href":"https:\/\/accordpropiedades.com.ar\/index.php\/wp-json\/wp\/v2\/product\/1453","targetHints":{"allow":["GET"]}}],"collection":[{"href":"https:\/\/accordpropiedades.com.ar\/index.php\/wp-json\/wp\/v2\/product"}],"about":[{"href":"https:\/\/accordpropiedades.com.ar\/index.php\/wp-json\/wp\/v2\/types\/product"}],"replies":[{"embeddable":true,"href":"https:\/\/accordpropiedades.com.ar\/index.php\/wp-json\/wp\/v2\/comments?post=1453"}],"version-history":[{"count":2,"href":"https:\/\/accordpropiedades.com.ar\/index.php\/wp-json\/wp\/v2\/product\/1453\/revisions"}],"predecessor-version":[{"id":1457,"href":"https:\/\/accordpropiedades.com.ar\/index.php\/wp-json\/wp\/v2\/product\/1453\/revisions\/1457"}],"wp:attachment":[{"href":"https:\/\/accordpropiedades.com.ar\/index.php\/wp-json\/wp\/v2\/media?parent=1453"}],"wp:term":[{"taxonomy":"product_brand","embeddable":true,"href":"https:\/\/accordpropiedades.com.ar\/index.php\/wp-json\/wp\/v2\/product_brand?post=1453"},{"taxonomy":"product_cat","embeddable":true,"href":"https:\/\/accordpropiedades.com.ar\/index.php\/wp-json\/wp\/v2\/product_cat?post=1453"},{"taxonomy":"product_tag","embeddable":true,"href":"https:\/\/accordpropiedades.com.ar\/index.php\/wp-json\/wp\/v2\/product_tag?post=1453"}],"curies":[{"name":"wp","href":"https:\/\/api.w.org\/{rel}","templated":true}]}}