{"id":1646,"date":"2026-03-30T00:11:43","date_gmt":"2026-03-30T00:11:43","guid":{"rendered":"https:\/\/accordpropiedades.com.ar\/?post_type=product&#038;p=1646"},"modified":"2026-04-21T23:55:06","modified_gmt":"2026-04-21T23:55:06","slug":"alquiler-casa-con-jardin-y-local-comercial-riobamba-2665-don-torcuato","status":"publish","type":"product","link":"https:\/\/accordpropiedades.com.ar\/index.php\/producto\/alquiler-casa-con-jardin-y-local-comercial-riobamba-2665-don-torcuato\/","title":{"rendered":"ALQUILER CASA CON JARDIN Y LOCAL COMERCIAL  . RIOBAMBA 2665- DON TORCUATO"},"content":{"rendered":"<p>ALQUILER CASA CON JARDIN Y LOCAL COMERCIAL . RIOBAMBA 2665- DON TORCUATO:<\/p>\n<p>CASA TIPO AMERICANA COMPUESTA DE DOS DORMITORIOS-COCINA COMEDOR Y LIVING DE ENTRADA\u00a0 CON UNA SUPERFICIE APROXIMADA DE 55\u00a0 m2-TERRAZA- GAS NATURAL Y AGUA POTABLE\u00a0 POR BOMBEADOR-INCLUYE\u00a0 ARTEFACTO DE COCINA-TERMOTANQUE Y ESTUFA TIRO BALANCEADO EN EL LIVING.-<\/p>\n<p>JARDIN AL FRENTE CON REJAS EN LA L\u00cdNEA DE EDIFICACI\u00d3N, QUE INCLUYE GARAGE DESCUBIERTO EN SU LATERAL IZQUIERDO Y LA CONSTRUCCI\u00d3N EN SU LATERAL DERECHO SE ANEXA CON UN LOCAL AL FRENTE DE 22 m2 APROXIMADAMENTE.-<\/p>\n<p>LOCAL: CON INGRESO DESDE LA PROPIEDAD Y EN SU FRENTE PERSIANA CIEGA CON PUERTA CENTRAL DE ESCAPE<\/p>\n<p>VALOR ALQUILER MENSUAL : $ 1.000.000,00<\/p>\n<p>CONDICIONES\u00a0 PARA INGRESAR:<\/p>\n<p>MES ADELANTADO :\u2026\u2026\u2026\u2026\u2026\u2026. $ 1.000.000,00<\/p>\n<p>MES DE DEP\u00d3SITO\u2026\u2026\u2026\u2026.\u2026\u2026\u2026..$ 1.000.000,00<\/p>\n<p><u>HONORARIOS INMOBILIARIA\u2026\u2026$ 1.000.000,00<\/u><\/p>\n<p>IMPORTE TOTAL\u2026\u2026\u2026\u2026\u2026\u2026\u2026\u2026\u2026.$ 3.000.000,00<\/p>\n<p>CONTRATO DE ALQUILER : 24 MESES- ACTUALIZACI\u00d3N TRIMESTRAL POR INDICE DE PRECIOS AL CONSUMIDOR (I.P.C.).-<\/p>\n<p>EXPENSAS : ALUMBRADO BARRIDO Y LIMPIEZA\u00a0 (ABL) AL MES DE ABRIL APROX.$25.000,00<\/p>\n<p>GARANT\u00cdA DE ALQUILER POR SEGURO DE CAUCI\u00d3N PREMIUM GROUP (SE ABONA APARTE PAGO CONTADO O FINANCIADO)<\/p>\n","protected":false},"excerpt":{"rendered":"<p>ALQUILER CASA CON JARDIN Y LOCAL COMERCIAL . RIOBAMBA 2665- DON TORCUATO: CASA TIPO AMERICANA COMPUESTA DE DOS DORMITORIOS-COCINA COMEDOR Y LIVING DE ENTRADA\u00a0 CON UNA SUPERFICIE APROXIMADA DE 55\u00a0 m2-TERRAZA- GAS NATURAL Y AGUA POTABLE\u00a0 POR BOMBEADOR-INCLUYE\u00a0 ARTEFACTO DE COCINA-TERMOTANQUE Y ESTUFA TIRO BALANCEADO EN EL LIVING.- JARDIN AL FRENTE CON REJAS EN LA [&hellip;]<\/p>\n","protected":false},"featured_media":1661,"comment_status":"closed","ping_status":"closed","template":"","meta":{"_et_pb_use_builder":"","_et_pb_old_content":"","_et_gb_content_width":"","_joinchat":[]},"product_brand":[],"product_cat":[29,18,20,56,71,85,21,78],"product_tag":[],"class_list":{"0":"post-1646","1":"product","2":"type-product","3":"status-publish","4":"has-post-thumbnail","6":"product_cat-2-dormitorios","7":"product_cat-alquiler","8":"product_cat-casa","9":"product_cat-cocina-comedor","10":"product_cat-garage","11":"product_cat-living","12":"product_cat-local","13":"product_cat-parque","15":"first","16":"instock","17":"shipping-taxable","18":"purchasable","19":"product-type-simple"},"yoast_head":"<!-- This site is optimized with the Yoast SEO plugin v27.6 - https:\/\/yoast.com\/product\/yoast-seo-wordpress\/ -->\n<title>ALQUILER CASA CON JARDIN Y LOCAL COMERCIAL . RIOBAMBA 2665- DON TORCUATO - Accord Propiedades<\/title>\n<meta name=\"description\" content=\"CASA TIPO AMERICANA COMPUESTA DE DOS DORMITORIOS-COCINA COMEDOR Y LIVING DE ENTRADA CON \u00a0LOCAL: CON INGRESO DESDE LA PROPIEDAD\" \/>\n<meta name=\"robots\" content=\"index, follow, max-snippet:-1, max-image-preview:large, max-video-preview:-1\" \/>\n<link rel=\"canonical\" href=\"https:\/\/accordpropiedades.com.ar\/index.php\/producto\/alquiler-casa-con-jardin-y-local-comercial-riobamba-2665-don-torcuato\/\" \/>\n<meta property=\"og:locale\" content=\"es_ES\" \/>\n<meta property=\"og:type\" content=\"article\" \/>\n<meta property=\"og:title\" content=\"ALQUILER CASA CON JARDIN Y LOCAL COMERCIAL . RIOBAMBA 2665- DON TORCUATO - Accord Propiedades\" \/>\n<meta property=\"og:description\" content=\"CASA TIPO AMERICANA COMPUESTA DE DOS DORMITORIOS-COCINA COMEDOR Y LIVING DE ENTRADA CON \u00a0LOCAL: CON INGRESO DESDE LA PROPIEDAD\" \/>\n<meta property=\"og:url\" content=\"https:\/\/accordpropiedades.com.ar\/index.php\/producto\/alquiler-casa-con-jardin-y-local-comercial-riobamba-2665-don-torcuato\/\" \/>\n<meta property=\"og:site_name\" content=\"Accord Propiedades\" \/>\n<meta property=\"article:modified_time\" content=\"2026-04-21T23:55:06+00:00\" \/>\n<meta property=\"og:image\" content=\"https:\/\/accordpropiedades.com.ar\/wp-content\/uploads\/2026\/03\/WhatsApp-Image-2026-04-06-at-10.54.13-AM-3-scaled.jpeg\" \/>\n\t<meta property=\"og:image:width\" content=\"2560\" \/>\n\t<meta property=\"og:image:height\" content=\"1441\" \/>\n\t<meta property=\"og:image:type\" content=\"image\/jpeg\" \/>\n<meta name=\"twitter:card\" content=\"summary_large_image\" \/>\n<meta name=\"twitter:label1\" content=\"Tiempo de lectura\" \/>\n\t<meta name=\"twitter:data1\" content=\"1 minuto\" \/>\n<script type=\"application\/ld+json\" class=\"yoast-schema-graph\">{\"@context\":\"https:\\\/\\\/schema.org\",\"@graph\":[{\"@type\":\"WebPage\",\"@id\":\"https:\\\/\\\/accordpropiedades.com.ar\\\/index.php\\\/producto\\\/alquiler-casa-con-jardin-y-local-comercial-riobamba-2665-don-torcuato\\\/\",\"url\":\"https:\\\/\\\/accordpropiedades.com.ar\\\/index.php\\\/producto\\\/alquiler-casa-con-jardin-y-local-comercial-riobamba-2665-don-torcuato\\\/\",\"name\":\"ALQUILER CASA CON JARDIN Y LOCAL COMERCIAL . RIOBAMBA 2665- DON TORCUATO - Accord Propiedades\",\"isPartOf\":{\"@id\":\"https:\\\/\\\/accordpropiedades.com.ar\\\/#website\"},\"primaryImageOfPage\":{\"@id\":\"https:\\\/\\\/accordpropiedades.com.ar\\\/index.php\\\/producto\\\/alquiler-casa-con-jardin-y-local-comercial-riobamba-2665-don-torcuato\\\/#primaryimage\"},\"image\":{\"@id\":\"https:\\\/\\\/accordpropiedades.com.ar\\\/index.php\\\/producto\\\/alquiler-casa-con-jardin-y-local-comercial-riobamba-2665-don-torcuato\\\/#primaryimage\"},\"thumbnailUrl\":\"https:\\\/\\\/accordpropiedades.com.ar\\\/wp-content\\\/uploads\\\/2026\\\/03\\\/WhatsApp-Image-2026-04-06-at-10.54.13-AM-3-scaled.jpeg\",\"datePublished\":\"2026-03-30T00:11:43+00:00\",\"dateModified\":\"2026-04-21T23:55:06+00:00\",\"description\":\"CASA TIPO AMERICANA COMPUESTA DE DOS DORMITORIOS-COCINA COMEDOR Y LIVING DE ENTRADA CON \u00a0LOCAL: CON INGRESO DESDE LA PROPIEDAD\",\"breadcrumb\":{\"@id\":\"https:\\\/\\\/accordpropiedades.com.ar\\\/index.php\\\/producto\\\/alquiler-casa-con-jardin-y-local-comercial-riobamba-2665-don-torcuato\\\/#breadcrumb\"},\"inLanguage\":\"es\",\"potentialAction\":[{\"@type\":\"ReadAction\",\"target\":[\"https:\\\/\\\/accordpropiedades.com.ar\\\/index.php\\\/producto\\\/alquiler-casa-con-jardin-y-local-comercial-riobamba-2665-don-torcuato\\\/\"]}]},{\"@type\":\"ImageObject\",\"inLanguage\":\"es\",\"@id\":\"https:\\\/\\\/accordpropiedades.com.ar\\\/index.php\\\/producto\\\/alquiler-casa-con-jardin-y-local-comercial-riobamba-2665-don-torcuato\\\/#primaryimage\",\"url\":\"https:\\\/\\\/accordpropiedades.com.ar\\\/wp-content\\\/uploads\\\/2026\\\/03\\\/WhatsApp-Image-2026-04-06-at-10.54.13-AM-3-scaled.jpeg\",\"contentUrl\":\"https:\\\/\\\/accordpropiedades.com.ar\\\/wp-content\\\/uploads\\\/2026\\\/03\\\/WhatsApp-Image-2026-04-06-at-10.54.13-AM-3-scaled.jpeg\",\"width\":2560,\"height\":1441},{\"@type\":\"BreadcrumbList\",\"@id\":\"https:\\\/\\\/accordpropiedades.com.ar\\\/index.php\\\/producto\\\/alquiler-casa-con-jardin-y-local-comercial-riobamba-2665-don-torcuato\\\/#breadcrumb\",\"itemListElement\":[{\"@type\":\"ListItem\",\"position\":1,\"name\":\"Portada\",\"item\":\"https:\\\/\\\/accordpropiedades.com.ar\\\/\"},{\"@type\":\"ListItem\",\"position\":2,\"name\":\"Tienda\",\"item\":\"https:\\\/\\\/accordpropiedades.com.ar\\\/index.php\\\/tienda\\\/\"},{\"@type\":\"ListItem\",\"position\":3,\"name\":\"ALQUILER CASA CON JARDIN Y LOCAL COMERCIAL . RIOBAMBA 2665- DON TORCUATO\"}]},{\"@type\":\"WebSite\",\"@id\":\"https:\\\/\\\/accordpropiedades.com.ar\\\/#website\",\"url\":\"https:\\\/\\\/accordpropiedades.com.ar\\\/\",\"name\":\"Accord Propiedades\",\"description\":\"\",\"publisher\":{\"@id\":\"https:\\\/\\\/accordpropiedades.com.ar\\\/#organization\"},\"potentialAction\":[{\"@type\":\"SearchAction\",\"target\":{\"@type\":\"EntryPoint\",\"urlTemplate\":\"https:\\\/\\\/accordpropiedades.com.ar\\\/?s={search_term_string}\"},\"query-input\":{\"@type\":\"PropertyValueSpecification\",\"valueRequired\":true,\"valueName\":\"search_term_string\"}}],\"inLanguage\":\"es\"},{\"@type\":\"Organization\",\"@id\":\"https:\\\/\\\/accordpropiedades.com.ar\\\/#organization\",\"name\":\"Accord Propiedades\",\"url\":\"https:\\\/\\\/accordpropiedades.com.ar\\\/\",\"logo\":{\"@type\":\"ImageObject\",\"inLanguage\":\"es\",\"@id\":\"https:\\\/\\\/accordpropiedades.com.ar\\\/#\\\/schema\\\/logo\\\/image\\\/\",\"url\":\"https:\\\/\\\/accordpropiedades.com.ar\\\/wp-content\\\/uploads\\\/2021\\\/08\\\/cropped-acoord1-1.png\",\"contentUrl\":\"https:\\\/\\\/accordpropiedades.com.ar\\\/wp-content\\\/uploads\\\/2021\\\/08\\\/cropped-acoord1-1.png\",\"width\":243,\"height\":64,\"caption\":\"Accord Propiedades\"},\"image\":{\"@id\":\"https:\\\/\\\/accordpropiedades.com.ar\\\/#\\\/schema\\\/logo\\\/image\\\/\"}}]}<\/script>\n<!-- \/ Yoast SEO plugin. -->","yoast_head_json":{"title":"ALQUILER CASA CON JARDIN Y LOCAL COMERCIAL . RIOBAMBA 2665- DON TORCUATO - Accord Propiedades","description":"CASA TIPO AMERICANA COMPUESTA DE DOS DORMITORIOS-COCINA COMEDOR Y LIVING DE ENTRADA CON \u00a0LOCAL: CON INGRESO DESDE LA PROPIEDAD","robots":{"index":"index","follow":"follow","max-snippet":"max-snippet:-1","max-image-preview":"max-image-preview:large","max-video-preview":"max-video-preview:-1"},"canonical":"https:\/\/accordpropiedades.com.ar\/index.php\/producto\/alquiler-casa-con-jardin-y-local-comercial-riobamba-2665-don-torcuato\/","og_locale":"es_ES","og_type":"article","og_title":"ALQUILER CASA CON JARDIN Y LOCAL COMERCIAL . RIOBAMBA 2665- DON TORCUATO - Accord Propiedades","og_description":"CASA TIPO AMERICANA COMPUESTA DE DOS DORMITORIOS-COCINA COMEDOR Y LIVING DE ENTRADA CON \u00a0LOCAL: CON INGRESO DESDE LA PROPIEDAD","og_url":"https:\/\/accordpropiedades.com.ar\/index.php\/producto\/alquiler-casa-con-jardin-y-local-comercial-riobamba-2665-don-torcuato\/","og_site_name":"Accord Propiedades","article_modified_time":"2026-04-21T23:55:06+00:00","og_image":[{"width":2560,"height":1441,"url":"https:\/\/accordpropiedades.com.ar\/wp-content\/uploads\/2026\/03\/WhatsApp-Image-2026-04-06-at-10.54.13-AM-3-scaled.jpeg","type":"image\/jpeg"}],"twitter_card":"summary_large_image","twitter_misc":{"Tiempo de lectura":"1 minuto"},"schema":{"@context":"https:\/\/schema.org","@graph":[{"@type":"WebPage","@id":"https:\/\/accordpropiedades.com.ar\/index.php\/producto\/alquiler-casa-con-jardin-y-local-comercial-riobamba-2665-don-torcuato\/","url":"https:\/\/accordpropiedades.com.ar\/index.php\/producto\/alquiler-casa-con-jardin-y-local-comercial-riobamba-2665-don-torcuato\/","name":"ALQUILER CASA CON JARDIN Y LOCAL COMERCIAL . RIOBAMBA 2665- DON TORCUATO - Accord Propiedades","isPartOf":{"@id":"https:\/\/accordpropiedades.com.ar\/#website"},"primaryImageOfPage":{"@id":"https:\/\/accordpropiedades.com.ar\/index.php\/producto\/alquiler-casa-con-jardin-y-local-comercial-riobamba-2665-don-torcuato\/#primaryimage"},"image":{"@id":"https:\/\/accordpropiedades.com.ar\/index.php\/producto\/alquiler-casa-con-jardin-y-local-comercial-riobamba-2665-don-torcuato\/#primaryimage"},"thumbnailUrl":"https:\/\/accordpropiedades.com.ar\/wp-content\/uploads\/2026\/03\/WhatsApp-Image-2026-04-06-at-10.54.13-AM-3-scaled.jpeg","datePublished":"2026-03-30T00:11:43+00:00","dateModified":"2026-04-21T23:55:06+00:00","description":"CASA TIPO AMERICANA COMPUESTA DE DOS DORMITORIOS-COCINA COMEDOR Y LIVING DE ENTRADA CON \u00a0LOCAL: CON INGRESO DESDE LA PROPIEDAD","breadcrumb":{"@id":"https:\/\/accordpropiedades.com.ar\/index.php\/producto\/alquiler-casa-con-jardin-y-local-comercial-riobamba-2665-don-torcuato\/#breadcrumb"},"inLanguage":"es","potentialAction":[{"@type":"ReadAction","target":["https:\/\/accordpropiedades.com.ar\/index.php\/producto\/alquiler-casa-con-jardin-y-local-comercial-riobamba-2665-don-torcuato\/"]}]},{"@type":"ImageObject","inLanguage":"es","@id":"https:\/\/accordpropiedades.com.ar\/index.php\/producto\/alquiler-casa-con-jardin-y-local-comercial-riobamba-2665-don-torcuato\/#primaryimage","url":"https:\/\/accordpropiedades.com.ar\/wp-content\/uploads\/2026\/03\/WhatsApp-Image-2026-04-06-at-10.54.13-AM-3-scaled.jpeg","contentUrl":"https:\/\/accordpropiedades.com.ar\/wp-content\/uploads\/2026\/03\/WhatsApp-Image-2026-04-06-at-10.54.13-AM-3-scaled.jpeg","width":2560,"height":1441},{"@type":"BreadcrumbList","@id":"https:\/\/accordpropiedades.com.ar\/index.php\/producto\/alquiler-casa-con-jardin-y-local-comercial-riobamba-2665-don-torcuato\/#breadcrumb","itemListElement":[{"@type":"ListItem","position":1,"name":"Portada","item":"https:\/\/accordpropiedades.com.ar\/"},{"@type":"ListItem","position":2,"name":"Tienda","item":"https:\/\/accordpropiedades.com.ar\/index.php\/tienda\/"},{"@type":"ListItem","position":3,"name":"ALQUILER CASA CON JARDIN Y LOCAL COMERCIAL . RIOBAMBA 2665- DON TORCUATO"}]},{"@type":"WebSite","@id":"https:\/\/accordpropiedades.com.ar\/#website","url":"https:\/\/accordpropiedades.com.ar\/","name":"Accord Propiedades","description":"","publisher":{"@id":"https:\/\/accordpropiedades.com.ar\/#organization"},"potentialAction":[{"@type":"SearchAction","target":{"@type":"EntryPoint","urlTemplate":"https:\/\/accordpropiedades.com.ar\/?s={search_term_string}"},"query-input":{"@type":"PropertyValueSpecification","valueRequired":true,"valueName":"search_term_string"}}],"inLanguage":"es"},{"@type":"Organization","@id":"https:\/\/accordpropiedades.com.ar\/#organization","name":"Accord Propiedades","url":"https:\/\/accordpropiedades.com.ar\/","logo":{"@type":"ImageObject","inLanguage":"es","@id":"https:\/\/accordpropiedades.com.ar\/#\/schema\/logo\/image\/","url":"https:\/\/accordpropiedades.com.ar\/wp-content\/uploads\/2021\/08\/cropped-acoord1-1.png","contentUrl":"https:\/\/accordpropiedades.com.ar\/wp-content\/uploads\/2021\/08\/cropped-acoord1-1.png","width":243,"height":64,"caption":"Accord Propiedades"},"image":{"@id":"https:\/\/accordpropiedades.com.ar\/#\/schema\/logo\/image\/"}}]}},"_links":{"self":[{"href":"https:\/\/accordpropiedades.com.ar\/index.php\/wp-json\/wp\/v2\/product\/1646","targetHints":{"allow":["GET"]}}],"collection":[{"href":"https:\/\/accordpropiedades.com.ar\/index.php\/wp-json\/wp\/v2\/product"}],"about":[{"href":"https:\/\/accordpropiedades.com.ar\/index.php\/wp-json\/wp\/v2\/types\/product"}],"replies":[{"embeddable":true,"href":"https:\/\/accordpropiedades.com.ar\/index.php\/wp-json\/wp\/v2\/comments?post=1646"}],"version-history":[{"count":1,"href":"https:\/\/accordpropiedades.com.ar\/index.php\/wp-json\/wp\/v2\/product\/1646\/revisions"}],"predecessor-version":[{"id":1647,"href":"https:\/\/accordpropiedades.com.ar\/index.php\/wp-json\/wp\/v2\/product\/1646\/revisions\/1647"}],"wp:featuredmedia":[{"embeddable":true,"href":"https:\/\/accordpropiedades.com.ar\/index.php\/wp-json\/wp\/v2\/media\/1661"}],"wp:attachment":[{"href":"https:\/\/accordpropiedades.com.ar\/index.php\/wp-json\/wp\/v2\/media?parent=1646"}],"wp:term":[{"taxonomy":"product_brand","embeddable":true,"href":"https:\/\/accordpropiedades.com.ar\/index.php\/wp-json\/wp\/v2\/product_brand?post=1646"},{"taxonomy":"product_cat","embeddable":true,"href":"https:\/\/accordpropiedades.com.ar\/index.php\/wp-json\/wp\/v2\/product_cat?post=1646"},{"taxonomy":"product_tag","embeddable":true,"href":"https:\/\/accordpropiedades.com.ar\/index.php\/wp-json\/wp\/v2\/product_tag?post=1646"}],"curies":[{"name":"wp","href":"https:\/\/api.w.org\/{rel}","templated":true}]}}