{"id":382,"date":"2021-09-09T20:04:35","date_gmt":"2021-09-09T20:04:35","guid":{"rendered":"https:\/\/accordpropiedades.com.ar\/?post_type=product&#038;p=382"},"modified":"2025-08-14T23:35:45","modified_gmt":"2025-08-14T23:35:45","slug":"alquiler-a-estrenar-pozo-de-vargas-3131","status":"publish","type":"product","link":"https:\/\/accordpropiedades.com.ar\/index.php\/producto\/alquiler-a-estrenar-pozo-de-vargas-3131\/","title":{"rendered":"ALQUILER A ESTRENAR POZO DE VARGAS 3131"},"content":{"rendered":"<p>Departamentos 2 ambientes compuestos de: Escalera de acceso al primer piso, living-comedor con cocina integrada, ba\u00f1o y dormitorios con balc\u00f3n y lavadero.- Impecable estado.- Muy buena ubicaci\u00f3n pr\u00f3ximos a Triunvirato y Ruta 202.- Abona expensas comunes. Servicios de luz y gas individuales.-<\/p>\n","protected":false},"excerpt":{"rendered":"<p>Departamentos 2 ambientes compuestos de: Escalera de acceso al primer piso, living-comedor con cocina integrada, ba\u00f1o y dormitorios con balc\u00f3n y lavadero.- Impecable estado.- Muy buena ubicaci\u00f3n pr\u00f3ximos a Triunvirato y Ruta 202.- Abona expensas comunes. Servicios de luz y gas individuales.-<\/p>\n","protected":false},"featured_media":509,"comment_status":"open","ping_status":"closed","template":"","meta":{"_et_pb_use_builder":"","_et_pb_old_content":"","_et_gb_content_width":"","_joinchat":[]},"product_brand":[],"product_cat":[25,28,18,53,55],"product_tag":[],"class_list":{"0":"post-382","1":"product","2":"type-product","3":"status-publish","4":"has-post-thumbnail","6":"product_cat-1-bano","7":"product_cat-1-dormitorio","8":"product_cat-alquiler","9":"product_cat-balcon","10":"product_cat-cocina-comedot","12":"first","13":"instock","14":"shipping-taxable","15":"product-type-simple"},"yoast_head":"<!-- This site is optimized with the Yoast SEO plugin v27.6 - https:\/\/yoast.com\/product\/yoast-seo-wordpress\/ -->\n<title>ALQUILER A ESTRENAR POZO DE VARGAS 3131 - Accord Propiedades<\/title>\n<meta name=\"robots\" content=\"index, follow, max-snippet:-1, max-image-preview:large, max-video-preview:-1\" \/>\n<link rel=\"canonical\" href=\"https:\/\/accordpropiedades.com.ar\/index.php\/producto\/alquiler-a-estrenar-pozo-de-vargas-3131\/\" \/>\n<meta property=\"og:locale\" content=\"es_ES\" \/>\n<meta property=\"og:type\" content=\"article\" \/>\n<meta property=\"og:title\" content=\"ALQUILER A ESTRENAR POZO DE VARGAS 3131 - Accord Propiedades\" \/>\n<meta property=\"og:description\" content=\"Departamentos 2 ambientes compuestos de: Escalera de acceso al primer piso, living-comedor con cocina integrada, ba\u00f1o y dormitorios con balc\u00f3n y lavadero.- Impecable estado.- Muy buena ubicaci\u00f3n pr\u00f3ximos a Triunvirato y Ruta 202.- Abona expensas comunes. Servicios de luz y gas individuales.-\" \/>\n<meta property=\"og:url\" content=\"https:\/\/accordpropiedades.com.ar\/index.php\/producto\/alquiler-a-estrenar-pozo-de-vargas-3131\/\" \/>\n<meta property=\"og:site_name\" content=\"Accord Propiedades\" \/>\n<meta property=\"article:modified_time\" content=\"2025-08-14T23:35:45+00:00\" \/>\n<meta property=\"og:image\" content=\"https:\/\/accordpropiedades.com.ar\/wp-content\/uploads\/2021\/09\/IMG_20210802_172029299-scaled.jpg\" \/>\n\t<meta property=\"og:image:width\" content=\"1920\" \/>\n\t<meta property=\"og:image:height\" content=\"2560\" \/>\n\t<meta property=\"og:image:type\" content=\"image\/jpeg\" \/>\n<meta name=\"twitter:card\" content=\"summary_large_image\" \/>\n<meta name=\"twitter:label1\" content=\"Tiempo de lectura\" \/>\n\t<meta name=\"twitter:data1\" content=\"1 minuto\" \/>\n<script type=\"application\/ld+json\" class=\"yoast-schema-graph\">{\"@context\":\"https:\\\/\\\/schema.org\",\"@graph\":[{\"@type\":\"WebPage\",\"@id\":\"https:\\\/\\\/accordpropiedades.com.ar\\\/index.php\\\/producto\\\/alquiler-a-estrenar-pozo-de-vargas-3131\\\/\",\"url\":\"https:\\\/\\\/accordpropiedades.com.ar\\\/index.php\\\/producto\\\/alquiler-a-estrenar-pozo-de-vargas-3131\\\/\",\"name\":\"ALQUILER A ESTRENAR POZO DE VARGAS 3131 - Accord Propiedades\",\"isPartOf\":{\"@id\":\"https:\\\/\\\/accordpropiedades.com.ar\\\/#website\"},\"primaryImageOfPage\":{\"@id\":\"https:\\\/\\\/accordpropiedades.com.ar\\\/index.php\\\/producto\\\/alquiler-a-estrenar-pozo-de-vargas-3131\\\/#primaryimage\"},\"image\":{\"@id\":\"https:\\\/\\\/accordpropiedades.com.ar\\\/index.php\\\/producto\\\/alquiler-a-estrenar-pozo-de-vargas-3131\\\/#primaryimage\"},\"thumbnailUrl\":\"https:\\\/\\\/accordpropiedades.com.ar\\\/wp-content\\\/uploads\\\/2021\\\/09\\\/IMG_20210802_172029299-scaled.jpg\",\"datePublished\":\"2021-09-09T20:04:35+00:00\",\"dateModified\":\"2025-08-14T23:35:45+00:00\",\"breadcrumb\":{\"@id\":\"https:\\\/\\\/accordpropiedades.com.ar\\\/index.php\\\/producto\\\/alquiler-a-estrenar-pozo-de-vargas-3131\\\/#breadcrumb\"},\"inLanguage\":\"es\",\"potentialAction\":[{\"@type\":\"ReadAction\",\"target\":[\"https:\\\/\\\/accordpropiedades.com.ar\\\/index.php\\\/producto\\\/alquiler-a-estrenar-pozo-de-vargas-3131\\\/\"]}]},{\"@type\":\"ImageObject\",\"inLanguage\":\"es\",\"@id\":\"https:\\\/\\\/accordpropiedades.com.ar\\\/index.php\\\/producto\\\/alquiler-a-estrenar-pozo-de-vargas-3131\\\/#primaryimage\",\"url\":\"https:\\\/\\\/accordpropiedades.com.ar\\\/wp-content\\\/uploads\\\/2021\\\/09\\\/IMG_20210802_172029299-scaled.jpg\",\"contentUrl\":\"https:\\\/\\\/accordpropiedades.com.ar\\\/wp-content\\\/uploads\\\/2021\\\/09\\\/IMG_20210802_172029299-scaled.jpg\",\"width\":1920,\"height\":2560},{\"@type\":\"BreadcrumbList\",\"@id\":\"https:\\\/\\\/accordpropiedades.com.ar\\\/index.php\\\/producto\\\/alquiler-a-estrenar-pozo-de-vargas-3131\\\/#breadcrumb\",\"itemListElement\":[{\"@type\":\"ListItem\",\"position\":1,\"name\":\"Portada\",\"item\":\"https:\\\/\\\/accordpropiedades.com.ar\\\/\"},{\"@type\":\"ListItem\",\"position\":2,\"name\":\"Tienda\",\"item\":\"https:\\\/\\\/accordpropiedades.com.ar\\\/index.php\\\/tienda\\\/\"},{\"@type\":\"ListItem\",\"position\":3,\"name\":\"ALQUILER A ESTRENAR POZO DE VARGAS 3131\"}]},{\"@type\":\"WebSite\",\"@id\":\"https:\\\/\\\/accordpropiedades.com.ar\\\/#website\",\"url\":\"https:\\\/\\\/accordpropiedades.com.ar\\\/\",\"name\":\"Accord Propiedades\",\"description\":\"\",\"publisher\":{\"@id\":\"https:\\\/\\\/accordpropiedades.com.ar\\\/#organization\"},\"potentialAction\":[{\"@type\":\"SearchAction\",\"target\":{\"@type\":\"EntryPoint\",\"urlTemplate\":\"https:\\\/\\\/accordpropiedades.com.ar\\\/?s={search_term_string}\"},\"query-input\":{\"@type\":\"PropertyValueSpecification\",\"valueRequired\":true,\"valueName\":\"search_term_string\"}}],\"inLanguage\":\"es\"},{\"@type\":\"Organization\",\"@id\":\"https:\\\/\\\/accordpropiedades.com.ar\\\/#organization\",\"name\":\"Accord Propiedades\",\"url\":\"https:\\\/\\\/accordpropiedades.com.ar\\\/\",\"logo\":{\"@type\":\"ImageObject\",\"inLanguage\":\"es\",\"@id\":\"https:\\\/\\\/accordpropiedades.com.ar\\\/#\\\/schema\\\/logo\\\/image\\\/\",\"url\":\"https:\\\/\\\/accordpropiedades.com.ar\\\/wp-content\\\/uploads\\\/2021\\\/08\\\/cropped-acoord1-1.png\",\"contentUrl\":\"https:\\\/\\\/accordpropiedades.com.ar\\\/wp-content\\\/uploads\\\/2021\\\/08\\\/cropped-acoord1-1.png\",\"width\":243,\"height\":64,\"caption\":\"Accord Propiedades\"},\"image\":{\"@id\":\"https:\\\/\\\/accordpropiedades.com.ar\\\/#\\\/schema\\\/logo\\\/image\\\/\"}}]}<\/script>\n<!-- \/ Yoast SEO plugin. -->","yoast_head_json":{"title":"ALQUILER A ESTRENAR POZO DE VARGAS 3131 - Accord Propiedades","robots":{"index":"index","follow":"follow","max-snippet":"max-snippet:-1","max-image-preview":"max-image-preview:large","max-video-preview":"max-video-preview:-1"},"canonical":"https:\/\/accordpropiedades.com.ar\/index.php\/producto\/alquiler-a-estrenar-pozo-de-vargas-3131\/","og_locale":"es_ES","og_type":"article","og_title":"ALQUILER A ESTRENAR POZO DE VARGAS 3131 - Accord Propiedades","og_description":"Departamentos 2 ambientes compuestos de: Escalera de acceso al primer piso, living-comedor con cocina integrada, ba\u00f1o y dormitorios con balc\u00f3n y lavadero.- Impecable estado.- Muy buena ubicaci\u00f3n pr\u00f3ximos a Triunvirato y Ruta 202.- Abona expensas comunes. Servicios de luz y gas individuales.-","og_url":"https:\/\/accordpropiedades.com.ar\/index.php\/producto\/alquiler-a-estrenar-pozo-de-vargas-3131\/","og_site_name":"Accord Propiedades","article_modified_time":"2025-08-14T23:35:45+00:00","og_image":[{"width":1920,"height":2560,"url":"https:\/\/accordpropiedades.com.ar\/wp-content\/uploads\/2021\/09\/IMG_20210802_172029299-scaled.jpg","type":"image\/jpeg"}],"twitter_card":"summary_large_image","twitter_misc":{"Tiempo de lectura":"1 minuto"},"schema":{"@context":"https:\/\/schema.org","@graph":[{"@type":"WebPage","@id":"https:\/\/accordpropiedades.com.ar\/index.php\/producto\/alquiler-a-estrenar-pozo-de-vargas-3131\/","url":"https:\/\/accordpropiedades.com.ar\/index.php\/producto\/alquiler-a-estrenar-pozo-de-vargas-3131\/","name":"ALQUILER A ESTRENAR POZO DE VARGAS 3131 - Accord Propiedades","isPartOf":{"@id":"https:\/\/accordpropiedades.com.ar\/#website"},"primaryImageOfPage":{"@id":"https:\/\/accordpropiedades.com.ar\/index.php\/producto\/alquiler-a-estrenar-pozo-de-vargas-3131\/#primaryimage"},"image":{"@id":"https:\/\/accordpropiedades.com.ar\/index.php\/producto\/alquiler-a-estrenar-pozo-de-vargas-3131\/#primaryimage"},"thumbnailUrl":"https:\/\/accordpropiedades.com.ar\/wp-content\/uploads\/2021\/09\/IMG_20210802_172029299-scaled.jpg","datePublished":"2021-09-09T20:04:35+00:00","dateModified":"2025-08-14T23:35:45+00:00","breadcrumb":{"@id":"https:\/\/accordpropiedades.com.ar\/index.php\/producto\/alquiler-a-estrenar-pozo-de-vargas-3131\/#breadcrumb"},"inLanguage":"es","potentialAction":[{"@type":"ReadAction","target":["https:\/\/accordpropiedades.com.ar\/index.php\/producto\/alquiler-a-estrenar-pozo-de-vargas-3131\/"]}]},{"@type":"ImageObject","inLanguage":"es","@id":"https:\/\/accordpropiedades.com.ar\/index.php\/producto\/alquiler-a-estrenar-pozo-de-vargas-3131\/#primaryimage","url":"https:\/\/accordpropiedades.com.ar\/wp-content\/uploads\/2021\/09\/IMG_20210802_172029299-scaled.jpg","contentUrl":"https:\/\/accordpropiedades.com.ar\/wp-content\/uploads\/2021\/09\/IMG_20210802_172029299-scaled.jpg","width":1920,"height":2560},{"@type":"BreadcrumbList","@id":"https:\/\/accordpropiedades.com.ar\/index.php\/producto\/alquiler-a-estrenar-pozo-de-vargas-3131\/#breadcrumb","itemListElement":[{"@type":"ListItem","position":1,"name":"Portada","item":"https:\/\/accordpropiedades.com.ar\/"},{"@type":"ListItem","position":2,"name":"Tienda","item":"https:\/\/accordpropiedades.com.ar\/index.php\/tienda\/"},{"@type":"ListItem","position":3,"name":"ALQUILER A ESTRENAR POZO DE VARGAS 3131"}]},{"@type":"WebSite","@id":"https:\/\/accordpropiedades.com.ar\/#website","url":"https:\/\/accordpropiedades.com.ar\/","name":"Accord Propiedades","description":"","publisher":{"@id":"https:\/\/accordpropiedades.com.ar\/#organization"},"potentialAction":[{"@type":"SearchAction","target":{"@type":"EntryPoint","urlTemplate":"https:\/\/accordpropiedades.com.ar\/?s={search_term_string}"},"query-input":{"@type":"PropertyValueSpecification","valueRequired":true,"valueName":"search_term_string"}}],"inLanguage":"es"},{"@type":"Organization","@id":"https:\/\/accordpropiedades.com.ar\/#organization","name":"Accord Propiedades","url":"https:\/\/accordpropiedades.com.ar\/","logo":{"@type":"ImageObject","inLanguage":"es","@id":"https:\/\/accordpropiedades.com.ar\/#\/schema\/logo\/image\/","url":"https:\/\/accordpropiedades.com.ar\/wp-content\/uploads\/2021\/08\/cropped-acoord1-1.png","contentUrl":"https:\/\/accordpropiedades.com.ar\/wp-content\/uploads\/2021\/08\/cropped-acoord1-1.png","width":243,"height":64,"caption":"Accord Propiedades"},"image":{"@id":"https:\/\/accordpropiedades.com.ar\/#\/schema\/logo\/image\/"}}]}},"_links":{"self":[{"href":"https:\/\/accordpropiedades.com.ar\/index.php\/wp-json\/wp\/v2\/product\/382","targetHints":{"allow":["GET"]}}],"collection":[{"href":"https:\/\/accordpropiedades.com.ar\/index.php\/wp-json\/wp\/v2\/product"}],"about":[{"href":"https:\/\/accordpropiedades.com.ar\/index.php\/wp-json\/wp\/v2\/types\/product"}],"replies":[{"embeddable":true,"href":"https:\/\/accordpropiedades.com.ar\/index.php\/wp-json\/wp\/v2\/comments?post=382"}],"version-history":[{"count":1,"href":"https:\/\/accordpropiedades.com.ar\/index.php\/wp-json\/wp\/v2\/product\/382\/revisions"}],"predecessor-version":[{"id":415,"href":"https:\/\/accordpropiedades.com.ar\/index.php\/wp-json\/wp\/v2\/product\/382\/revisions\/415"}],"wp:featuredmedia":[{"embeddable":true,"href":"https:\/\/accordpropiedades.com.ar\/index.php\/wp-json\/wp\/v2\/media\/509"}],"wp:attachment":[{"href":"https:\/\/accordpropiedades.com.ar\/index.php\/wp-json\/wp\/v2\/media?parent=382"}],"wp:term":[{"taxonomy":"product_brand","embeddable":true,"href":"https:\/\/accordpropiedades.com.ar\/index.php\/wp-json\/wp\/v2\/product_brand?post=382"},{"taxonomy":"product_cat","embeddable":true,"href":"https:\/\/accordpropiedades.com.ar\/index.php\/wp-json\/wp\/v2\/product_cat?post=382"},{"taxonomy":"product_tag","embeddable":true,"href":"https:\/\/accordpropiedades.com.ar\/index.php\/wp-json\/wp\/v2\/product_tag?post=382"}],"curies":[{"name":"wp","href":"https:\/\/api.w.org\/{rel}","templated":true}]}}