{"id":990,"date":"2022-05-18T11:19:27","date_gmt":"2022-05-18T11:19:27","guid":{"rendered":"https:\/\/accordpropiedades.com.ar\/?post_type=product&#038;p=990"},"modified":"2025-10-18T02:38:36","modified_gmt":"2025-10-18T02:38:36","slug":"excelente-propiedad-ideal-inversor","status":"publish","type":"product","link":"https:\/\/accordpropiedades.com.ar\/index.php\/producto\/excelente-propiedad-ideal-inversor\/","title":{"rendered":"EXCELENTE PROPIEDAD IDEAL INVERSOR"},"content":{"rendered":"<p>EXCELENTE PROPIEDAD IDEAL INVERSOR CON RENTA INMEDIATA CONSTRUCCION MODERNA<br \/>\nCON FRENTE A LA CALLE BURGOS AL 1500 A 10 METROS DE RUTA 202-SOBRE UN LOTE DE<br \/>\nAPROXIMADAMENTE 13 METROS DE FRENTE POR 20 METROS DE FONDO .<\/p>\n<p>QUE CONSTA DE CONSULTORIO\/OFICINA DE 2,50 m de frente x 5,20 m de fondo distribuci\u00f3n establecida con dos<br \/>\nba\u00f1os y kitchenette y otros ambientes , uno de 3,25m x 3,25 y otro de 3,40m x 3,40 m \u00e9stos<br \/>\n\u00faltimos con ventanales hacia un jard\u00edn pulm\u00f3n\/interno.<br \/>\nLindando \u00e9sta oficina consultorio con otra oficina de tres ambientes de las siguientes medidas, al<br \/>\nfrente 3,30 m de rente x 5,20 m de fondo y 3,60 m de frente x 3,70 m de fondo con un ba\u00f1o y<br \/>\nkitchenette 3,60m, x 1,40 m de ancho con pasillo que conecta con otro ambiente de 3,60 m x<br \/>\n3,90 m ,\u00e9sta \u00faltima con amplio ventanal a jard\u00edn \/pulm\u00f3n interno<br \/>\nEn edificio construido en forma aparte cubriendo todo el fondo del lote, en planta baja y primer<br \/>\npiso se desarroll\u00f3 sobre una superficie aproximada de 11 m de frente x 3,50 m de fondo dos<br \/>\ndepartamentos\/consultorios de 2 ambientes cada uno con cocina y ba\u00f1o completo con amplios<br \/>\nventanales en los ambientes con vista al jard\u00edn interno.<br \/>\nTodos los ambientes son luminosos y por su orientaci\u00f3n reciben plenamente los rayos solares. lo<br \/>\nque los hacen muy confortables.<br \/>\nPara el ingreso a \u00e9stos \u00faltimo departamentos se cuenta con una amplia entrada \/pasillo de 3 m de<br \/>\nancho por 13 m de largo que desemboca en el jard\u00edn interno.<br \/>\nInstalaci\u00f3n de gas natural habilitado y en servicio ;- Agua por bomba sumergible<br \/>\nautom\u00e1tico-Energ\u00eda el\u00e9ctrica habilitada y en servicio ;todo independiente.-<\/p>\n<p>Valor expresado en d\u00f3lares estadounidenses..<br \/>\nLas medidas consignadas no son exactas, tienen un fin meramente orientativo, no<br \/>\nvinculantes. Las medidas de superficie reales surgir\u00e1n del t\u00edtulo de propiedad.<\/p>\n","protected":false},"excerpt":{"rendered":"<p>EXCELENTE PROPIEDAD IDEAL INVERSOR CON RENTA INMEDIATA CONSTRUCCION MODERNA<br \/>\nCON FRENTE A LA CALLE BURGOS AL 1500 A 10 METROS DE RUTA 202-SOBRE UN LOTE DE<br \/>\nAPROXIMADAMENTE 13 METROS DE FRENTE POR 20 METROS DE FONDO .<\/p>\n<p>QUE CONSTA DE CONSULTORIO\/OFICINA DE 2,50 m de frente x 5,20 m de fondo<\/p>\n","protected":false},"featured_media":1095,"comment_status":"open","ping_status":"closed","template":"","meta":{"_et_pb_use_builder":"","_et_pb_old_content":"","_et_gb_content_width":"","_joinchat":[]},"product_brand":[],"product_cat":[82,17],"product_tag":[],"class_list":{"0":"post-990","1":"product","2":"type-product","3":"status-publish","4":"has-post-thumbnail","6":"product_cat-consultorios-oficinas","7":"product_cat-venta","9":"first","10":"instock","11":"shipping-taxable","12":"purchasable","13":"product-type-simple"},"yoast_head":"<!-- This site is optimized with the Yoast SEO plugin v27.6 - https:\/\/yoast.com\/product\/yoast-seo-wordpress\/ -->\n<title>EXCELENTE PROPIEDAD IDEAL INVERSOR - Accord Propiedades<\/title>\n<meta name=\"description\" content=\"venta, propiedad, ideal inversor, oficinas, consultorio, renta inmediata, don torcuato, partido de tigre, buenos aires, accord propiedades, inmobiliaria\" \/>\n<meta name=\"robots\" content=\"index, follow, max-snippet:-1, max-image-preview:large, max-video-preview:-1\" \/>\n<link rel=\"canonical\" href=\"https:\/\/accordpropiedades.com.ar\/index.php\/producto\/excelente-propiedad-ideal-inversor\/\" \/>\n<meta property=\"og:locale\" content=\"es_ES\" \/>\n<meta property=\"og:type\" content=\"article\" \/>\n<meta property=\"og:title\" content=\"EXCELENTE PROPIEDAD IDEAL INVERSOR - Accord Propiedades\" \/>\n<meta property=\"og:description\" content=\"venta, propiedad, ideal inversor, oficinas, consultorio, renta inmediata, don torcuato, partido de tigre, buenos aires, accord propiedades, inmobiliaria\" \/>\n<meta property=\"og:url\" content=\"https:\/\/accordpropiedades.com.ar\/index.php\/producto\/excelente-propiedad-ideal-inversor\/\" \/>\n<meta property=\"og:site_name\" content=\"Accord Propiedades\" \/>\n<meta property=\"article:modified_time\" content=\"2025-10-18T02:38:36+00:00\" \/>\n<meta property=\"og:image\" content=\"https:\/\/accordpropiedades.com.ar\/wp-content\/uploads\/2022\/05\/WhatsApp-Image-2022-12-09-at-10.30.54-AM1.jpeg\" \/>\n\t<meta property=\"og:image:width\" content=\"1600\" \/>\n\t<meta property=\"og:image:height\" content=\"900\" \/>\n\t<meta property=\"og:image:type\" content=\"image\/jpeg\" \/>\n<meta name=\"twitter:card\" content=\"summary_large_image\" \/>\n<meta name=\"twitter:label1\" content=\"Tiempo de lectura\" \/>\n\t<meta name=\"twitter:data1\" content=\"2 minutos\" \/>\n<script type=\"application\/ld+json\" class=\"yoast-schema-graph\">{\"@context\":\"https:\\\/\\\/schema.org\",\"@graph\":[{\"@type\":\"WebPage\",\"@id\":\"https:\\\/\\\/accordpropiedades.com.ar\\\/index.php\\\/producto\\\/excelente-propiedad-ideal-inversor\\\/\",\"url\":\"https:\\\/\\\/accordpropiedades.com.ar\\\/index.php\\\/producto\\\/excelente-propiedad-ideal-inversor\\\/\",\"name\":\"EXCELENTE PROPIEDAD IDEAL INVERSOR - Accord Propiedades\",\"isPartOf\":{\"@id\":\"https:\\\/\\\/accordpropiedades.com.ar\\\/#website\"},\"primaryImageOfPage\":{\"@id\":\"https:\\\/\\\/accordpropiedades.com.ar\\\/index.php\\\/producto\\\/excelente-propiedad-ideal-inversor\\\/#primaryimage\"},\"image\":{\"@id\":\"https:\\\/\\\/accordpropiedades.com.ar\\\/index.php\\\/producto\\\/excelente-propiedad-ideal-inversor\\\/#primaryimage\"},\"thumbnailUrl\":\"https:\\\/\\\/accordpropiedades.com.ar\\\/wp-content\\\/uploads\\\/2022\\\/05\\\/WhatsApp-Image-2022-12-09-at-10.30.54-AM1.jpeg\",\"datePublished\":\"2022-05-18T11:19:27+00:00\",\"dateModified\":\"2025-10-18T02:38:36+00:00\",\"description\":\"venta, propiedad, ideal inversor, oficinas, consultorio, renta inmediata, don torcuato, partido de tigre, buenos aires, accord propiedades, inmobiliaria\",\"breadcrumb\":{\"@id\":\"https:\\\/\\\/accordpropiedades.com.ar\\\/index.php\\\/producto\\\/excelente-propiedad-ideal-inversor\\\/#breadcrumb\"},\"inLanguage\":\"es\",\"potentialAction\":[{\"@type\":\"ReadAction\",\"target\":[\"https:\\\/\\\/accordpropiedades.com.ar\\\/index.php\\\/producto\\\/excelente-propiedad-ideal-inversor\\\/\"]}]},{\"@type\":\"ImageObject\",\"inLanguage\":\"es\",\"@id\":\"https:\\\/\\\/accordpropiedades.com.ar\\\/index.php\\\/producto\\\/excelente-propiedad-ideal-inversor\\\/#primaryimage\",\"url\":\"https:\\\/\\\/accordpropiedades.com.ar\\\/wp-content\\\/uploads\\\/2022\\\/05\\\/WhatsApp-Image-2022-12-09-at-10.30.54-AM1.jpeg\",\"contentUrl\":\"https:\\\/\\\/accordpropiedades.com.ar\\\/wp-content\\\/uploads\\\/2022\\\/05\\\/WhatsApp-Image-2022-12-09-at-10.30.54-AM1.jpeg\",\"width\":1600,\"height\":900},{\"@type\":\"BreadcrumbList\",\"@id\":\"https:\\\/\\\/accordpropiedades.com.ar\\\/index.php\\\/producto\\\/excelente-propiedad-ideal-inversor\\\/#breadcrumb\",\"itemListElement\":[{\"@type\":\"ListItem\",\"position\":1,\"name\":\"Portada\",\"item\":\"https:\\\/\\\/accordpropiedades.com.ar\\\/\"},{\"@type\":\"ListItem\",\"position\":2,\"name\":\"Tienda\",\"item\":\"https:\\\/\\\/accordpropiedades.com.ar\\\/index.php\\\/tienda\\\/\"},{\"@type\":\"ListItem\",\"position\":3,\"name\":\"EXCELENTE PROPIEDAD IDEAL INVERSOR\"}]},{\"@type\":\"WebSite\",\"@id\":\"https:\\\/\\\/accordpropiedades.com.ar\\\/#website\",\"url\":\"https:\\\/\\\/accordpropiedades.com.ar\\\/\",\"name\":\"Accord Propiedades\",\"description\":\"\",\"publisher\":{\"@id\":\"https:\\\/\\\/accordpropiedades.com.ar\\\/#organization\"},\"potentialAction\":[{\"@type\":\"SearchAction\",\"target\":{\"@type\":\"EntryPoint\",\"urlTemplate\":\"https:\\\/\\\/accordpropiedades.com.ar\\\/?s={search_term_string}\"},\"query-input\":{\"@type\":\"PropertyValueSpecification\",\"valueRequired\":true,\"valueName\":\"search_term_string\"}}],\"inLanguage\":\"es\"},{\"@type\":\"Organization\",\"@id\":\"https:\\\/\\\/accordpropiedades.com.ar\\\/#organization\",\"name\":\"Accord Propiedades\",\"url\":\"https:\\\/\\\/accordpropiedades.com.ar\\\/\",\"logo\":{\"@type\":\"ImageObject\",\"inLanguage\":\"es\",\"@id\":\"https:\\\/\\\/accordpropiedades.com.ar\\\/#\\\/schema\\\/logo\\\/image\\\/\",\"url\":\"https:\\\/\\\/accordpropiedades.com.ar\\\/wp-content\\\/uploads\\\/2021\\\/08\\\/cropped-acoord1-1.png\",\"contentUrl\":\"https:\\\/\\\/accordpropiedades.com.ar\\\/wp-content\\\/uploads\\\/2021\\\/08\\\/cropped-acoord1-1.png\",\"width\":243,\"height\":64,\"caption\":\"Accord Propiedades\"},\"image\":{\"@id\":\"https:\\\/\\\/accordpropiedades.com.ar\\\/#\\\/schema\\\/logo\\\/image\\\/\"}}]}<\/script>\n<!-- \/ Yoast SEO plugin. -->","yoast_head_json":{"title":"EXCELENTE PROPIEDAD IDEAL INVERSOR - Accord Propiedades","description":"venta, propiedad, ideal inversor, oficinas, consultorio, renta inmediata, don torcuato, partido de tigre, buenos aires, accord propiedades, inmobiliaria","robots":{"index":"index","follow":"follow","max-snippet":"max-snippet:-1","max-image-preview":"max-image-preview:large","max-video-preview":"max-video-preview:-1"},"canonical":"https:\/\/accordpropiedades.com.ar\/index.php\/producto\/excelente-propiedad-ideal-inversor\/","og_locale":"es_ES","og_type":"article","og_title":"EXCELENTE PROPIEDAD IDEAL INVERSOR - Accord Propiedades","og_description":"venta, propiedad, ideal inversor, oficinas, consultorio, renta inmediata, don torcuato, partido de tigre, buenos aires, accord propiedades, inmobiliaria","og_url":"https:\/\/accordpropiedades.com.ar\/index.php\/producto\/excelente-propiedad-ideal-inversor\/","og_site_name":"Accord Propiedades","article_modified_time":"2025-10-18T02:38:36+00:00","og_image":[{"width":1600,"height":900,"url":"https:\/\/accordpropiedades.com.ar\/wp-content\/uploads\/2022\/05\/WhatsApp-Image-2022-12-09-at-10.30.54-AM1.jpeg","type":"image\/jpeg"}],"twitter_card":"summary_large_image","twitter_misc":{"Tiempo de lectura":"2 minutos"},"schema":{"@context":"https:\/\/schema.org","@graph":[{"@type":"WebPage","@id":"https:\/\/accordpropiedades.com.ar\/index.php\/producto\/excelente-propiedad-ideal-inversor\/","url":"https:\/\/accordpropiedades.com.ar\/index.php\/producto\/excelente-propiedad-ideal-inversor\/","name":"EXCELENTE PROPIEDAD IDEAL INVERSOR - Accord Propiedades","isPartOf":{"@id":"https:\/\/accordpropiedades.com.ar\/#website"},"primaryImageOfPage":{"@id":"https:\/\/accordpropiedades.com.ar\/index.php\/producto\/excelente-propiedad-ideal-inversor\/#primaryimage"},"image":{"@id":"https:\/\/accordpropiedades.com.ar\/index.php\/producto\/excelente-propiedad-ideal-inversor\/#primaryimage"},"thumbnailUrl":"https:\/\/accordpropiedades.com.ar\/wp-content\/uploads\/2022\/05\/WhatsApp-Image-2022-12-09-at-10.30.54-AM1.jpeg","datePublished":"2022-05-18T11:19:27+00:00","dateModified":"2025-10-18T02:38:36+00:00","description":"venta, propiedad, ideal inversor, oficinas, consultorio, renta inmediata, don torcuato, partido de tigre, buenos aires, accord propiedades, inmobiliaria","breadcrumb":{"@id":"https:\/\/accordpropiedades.com.ar\/index.php\/producto\/excelente-propiedad-ideal-inversor\/#breadcrumb"},"inLanguage":"es","potentialAction":[{"@type":"ReadAction","target":["https:\/\/accordpropiedades.com.ar\/index.php\/producto\/excelente-propiedad-ideal-inversor\/"]}]},{"@type":"ImageObject","inLanguage":"es","@id":"https:\/\/accordpropiedades.com.ar\/index.php\/producto\/excelente-propiedad-ideal-inversor\/#primaryimage","url":"https:\/\/accordpropiedades.com.ar\/wp-content\/uploads\/2022\/05\/WhatsApp-Image-2022-12-09-at-10.30.54-AM1.jpeg","contentUrl":"https:\/\/accordpropiedades.com.ar\/wp-content\/uploads\/2022\/05\/WhatsApp-Image-2022-12-09-at-10.30.54-AM1.jpeg","width":1600,"height":900},{"@type":"BreadcrumbList","@id":"https:\/\/accordpropiedades.com.ar\/index.php\/producto\/excelente-propiedad-ideal-inversor\/#breadcrumb","itemListElement":[{"@type":"ListItem","position":1,"name":"Portada","item":"https:\/\/accordpropiedades.com.ar\/"},{"@type":"ListItem","position":2,"name":"Tienda","item":"https:\/\/accordpropiedades.com.ar\/index.php\/tienda\/"},{"@type":"ListItem","position":3,"name":"EXCELENTE PROPIEDAD IDEAL INVERSOR"}]},{"@type":"WebSite","@id":"https:\/\/accordpropiedades.com.ar\/#website","url":"https:\/\/accordpropiedades.com.ar\/","name":"Accord Propiedades","description":"","publisher":{"@id":"https:\/\/accordpropiedades.com.ar\/#organization"},"potentialAction":[{"@type":"SearchAction","target":{"@type":"EntryPoint","urlTemplate":"https:\/\/accordpropiedades.com.ar\/?s={search_term_string}"},"query-input":{"@type":"PropertyValueSpecification","valueRequired":true,"valueName":"search_term_string"}}],"inLanguage":"es"},{"@type":"Organization","@id":"https:\/\/accordpropiedades.com.ar\/#organization","name":"Accord Propiedades","url":"https:\/\/accordpropiedades.com.ar\/","logo":{"@type":"ImageObject","inLanguage":"es","@id":"https:\/\/accordpropiedades.com.ar\/#\/schema\/logo\/image\/","url":"https:\/\/accordpropiedades.com.ar\/wp-content\/uploads\/2021\/08\/cropped-acoord1-1.png","contentUrl":"https:\/\/accordpropiedades.com.ar\/wp-content\/uploads\/2021\/08\/cropped-acoord1-1.png","width":243,"height":64,"caption":"Accord Propiedades"},"image":{"@id":"https:\/\/accordpropiedades.com.ar\/#\/schema\/logo\/image\/"}}]}},"_links":{"self":[{"href":"https:\/\/accordpropiedades.com.ar\/index.php\/wp-json\/wp\/v2\/product\/990","targetHints":{"allow":["GET"]}}],"collection":[{"href":"https:\/\/accordpropiedades.com.ar\/index.php\/wp-json\/wp\/v2\/product"}],"about":[{"href":"https:\/\/accordpropiedades.com.ar\/index.php\/wp-json\/wp\/v2\/types\/product"}],"replies":[{"embeddable":true,"href":"https:\/\/accordpropiedades.com.ar\/index.php\/wp-json\/wp\/v2\/comments?post=990"}],"version-history":[{"count":3,"href":"https:\/\/accordpropiedades.com.ar\/index.php\/wp-json\/wp\/v2\/product\/990\/revisions"}],"predecessor-version":[{"id":1469,"href":"https:\/\/accordpropiedades.com.ar\/index.php\/wp-json\/wp\/v2\/product\/990\/revisions\/1469"}],"wp:featuredmedia":[{"embeddable":true,"href":"https:\/\/accordpropiedades.com.ar\/index.php\/wp-json\/wp\/v2\/media\/1095"}],"wp:attachment":[{"href":"https:\/\/accordpropiedades.com.ar\/index.php\/wp-json\/wp\/v2\/media?parent=990"}],"wp:term":[{"taxonomy":"product_brand","embeddable":true,"href":"https:\/\/accordpropiedades.com.ar\/index.php\/wp-json\/wp\/v2\/product_brand?post=990"},{"taxonomy":"product_cat","embeddable":true,"href":"https:\/\/accordpropiedades.com.ar\/index.php\/wp-json\/wp\/v2\/product_cat?post=990"},{"taxonomy":"product_tag","embeddable":true,"href":"https:\/\/accordpropiedades.com.ar\/index.php\/wp-json\/wp\/v2\/product_tag?post=990"}],"curies":[{"name":"wp","href":"https:\/\/api.w.org\/{rel}","templated":true}]}}