{"id":997,"date":"2022-05-18T11:21:28","date_gmt":"2022-05-18T11:21:28","guid":{"rendered":"https:\/\/accordpropiedades.com.ar\/?post_type=product&#038;p=997"},"modified":"2026-03-26T16:42:09","modified_gmt":"2026-03-26T16:42:09","slug":"excelente-propiedad-a-terminar-oportunidad-para-inversionista-constructor","status":"publish","type":"product","link":"https:\/\/accordpropiedades.com.ar\/index.php\/producto\/excelente-propiedad-a-terminar-oportunidad-para-inversionista-constructor\/","title":{"rendered":"EXCELENTE PROPIEDAD A TERMINAR OPORTUNIDAD PARA INVERSIONISTA \/ CONSTRUCTOR"},"content":{"rendered":"<p>EN VENTA EXCELENTE PROPIEDAD A TERMINAR OPORTUNIDAD PARA INVERSIONISTA \/<br \/>\nCONSTRUCTOR UBICADA CON FRENTE A LA CALLE ATILIO DEPRATTI AL 4100 , IMPORTANTE<br \/>\nBARRIO RESIDENCIAL (BARRIO PARQUE) A POCAS CUADRAS DE LA AVENIDA GENERAL PAZ Y AVENIDA MITRE EN<br \/>\nVILLA MARTELLI-PARTIDO DE VICENTE LOPEZ- LLAMADO BARRIO DE LOS INTENDENTES POR EL<br \/>\nNOMBRE DE SUS CALLES.<br \/>\nDETALLE: SOBRE UN LOTE DE 10 METROS DE FRENTE POR TREINTA METROS DE FONDO<br \/>\nCONSTRUCCI\u00d3N EN LOSA DE HORMIG\u00d3N EN PLANTA BAJA Y DOS PISOS, CON TECHO DE TEJAS<br \/>\nFRANCESAS A DOS AGUAS CON TRES LUCARNAS EN EL FRENTE-BALCON Y TERRAZA AL<br \/>\nCONTRAFRENTE CON PAREDES REVOCADAS Y,CIELO RASOS TERMINADOS Y ABERTURAS<br \/>\nINSTALADAS.<br \/>\nPLANTA BAJA: AMPLIO LIVING DE ENTRADA Y COMEDOR UNIFICADO- COCINA Y ANTECOCINA CON<br \/>\nVISTA AL JARD\u00cdN INTERIOR , BA\u00d1O Y GARAGE AL FRENTE CON FOSA CAPACIDAD PARA UN<br \/>\nAUTOMOVIL GRANDE Y UNO DE MENOR PORTE, PORTON LEVADIZO DE 4 METROS DE ANCHO,<br \/>\nTODO SE COMPLEMENTA CON UN S\u00d3TANO DE GENEROSAS DIMENSIONES BAJO EL COMEDOR<br \/>\nMEDIDAS 3,50 X 4,50 m QUE ALBERGA LOS TANQUES CISTERNAS Y BOMBA ELEVADORA DE AGUA<br \/>\nCORRIENTE Y PUEDE SERVIR DE DEP\u00d3SITO U OTRO USO.-FONDO LIBRE DEL LOTE<br \/>\nAPROXIMADAMENTE 90 METROS CUADRADOS.<br \/>\nPRIMER PISO:CONSTA DE DOS DORMITORIOS CON PLACARDS AL FRENTE CON BALC\u00d3N UNO DE<br \/>\nELLOS CON BA\u00d1O EN SUITE- SE COMPLEMENTA CON OTRO AMPLIO BA\u00d1O Y EN EL<br \/>\nCONTRAFRENTE OTRO DORMITORIO CON BALC\u00d3N Y VISTA AL JARD\u00cdN INTERNO-AMPLIO<br \/>\nLAVADERO Y TERRAZA.-<br \/>\nSEGUNDO PISO:PLAY ROOM CON TRES LUCARNAS AL FRENTE Y DOS AMPLIO VENTANALES QUE<br \/>\nDAN AL CONTRAFRENTE-MEDIDAS DE SUPERFICIE APROXIMADAMENTE 4,50m de ancho x 10 m de<br \/>\nlargo- EN UN SECTOR LATERAL SE UBICA UN AMBIENTE PARA HUESPEDES O SERVICIO CON BA\u00d1O<br \/>\nValor expresado en d\u00f3lares estadounidenses.<br \/>\nCONDICIONES DE VENTA: 30 % AL BOLETO DE COMPRAVENTA, SALDO 70%<br \/>\nCONTRA LA ESCRITURA TRASLATIVA DEL DOMINIO.-<br \/>\nLa venta de este inmueble est\u00e1 sujeta a la tramitaci\u00f3n del c\u00f3digo de transferencia de<br \/>\ninmuebles (COTI) de conformidad con la normativa vigente (Res. AFIP 2371\/08,<br \/>\n2439\/08 y ccs.) por parte del propietario.<br \/>\nLas medidas consignadas no son exactas, tienen un fin meramente orientativo, no<br \/>\nvinculantes. Las medidas de superficie reales surgir\u00e1n del t\u00edtulo de propiedad.<\/p>\n","protected":false},"excerpt":{"rendered":"<p>EN VENTA EXCELENTE PROPIEDAD A TERMINAR OPORTUNIDAD PARA INVERSIONISTA \/CONSTRUCTOR UBICADA CON FRENTE A LA CALLE ATILIO DEPRATTI AL 4100 , IMPORTANTEBARRIO RESIDENCIAL A POCAS CUADRAS DE LA AVENIDA GENERAL PAZ Y AVENIDA MITRE ENVILLA MARTELLI-PARTIDO DE VICENTE LOPEZ- LLAMADO BARRIO DE LOS INTENDENTES POR ELNOMBRE DE SUS CALLES.<\/p>\n","protected":false},"featured_media":1610,"comment_status":"open","ping_status":"closed","template":"","meta":{"_et_pb_use_builder":"","_et_pb_old_content":"","_et_gb_content_width":"","_joinchat":[]},"product_brand":[],"product_cat":[45,36,33,77,31,53,20,44,56,73,83,71,70,78,61,17],"product_tag":[],"class_list":{"0":"post-997","1":"product","2":"type-product","3":"status-publish","4":"has-post-thumbnail","6":"product_cat-lavadero","7":"product_cat-1-living-comedor","8":"product_cat-2-cocheras","9":"product_cat-4-banos","10":"product_cat-4-dormitorios","11":"product_cat-balcon","12":"product_cat-casa","13":"product_cat-chalet","14":"product_cat-cocina-comedor","15":"product_cat-dependencia-de-servicio","16":"product_cat-fosa","17":"product_cat-garage","18":"product_cat-living-comedor-con-cocina-integrada","19":"product_cat-parque","20":"product_cat-play-room","21":"product_cat-venta","23":"first","24":"instock","25":"shipping-taxable","26":"purchasable","27":"product-type-simple"},"yoast_head":"<!-- This site is optimized with the Yoast SEO plugin v27.5 - https:\/\/yoast.com\/product\/yoast-seo-wordpress\/ -->\n<title>EXCELENTE PROPIEDAD A TERMINAR OPORTUNIDAD PARA INVERSIONISTA \/ CONSTRUCTOR - Accord Propiedades<\/title>\n<meta name=\"description\" content=\"venta, propiedad a terminar, inversionistas, barrio residencial, villa martelli, partido de vicente lopez, accord propiedades, inmobiliaria\" \/>\n<meta name=\"robots\" content=\"index, follow, max-snippet:-1, max-image-preview:large, max-video-preview:-1\" \/>\n<link rel=\"canonical\" href=\"https:\/\/accordpropiedades.com.ar\/index.php\/producto\/excelente-propiedad-a-terminar-oportunidad-para-inversionista-constructor\/\" \/>\n<meta property=\"og:locale\" content=\"es_ES\" \/>\n<meta property=\"og:type\" content=\"article\" \/>\n<meta property=\"og:title\" content=\"EXCELENTE PROPIEDAD A TERMINAR OPORTUNIDAD PARA INVERSIONISTA \/ CONSTRUCTOR - Accord Propiedades\" \/>\n<meta property=\"og:description\" content=\"venta, propiedad a terminar, inversionistas, barrio residencial, villa martelli, partido de vicente lopez, accord propiedades, inmobiliaria\" \/>\n<meta property=\"og:url\" content=\"https:\/\/accordpropiedades.com.ar\/index.php\/producto\/excelente-propiedad-a-terminar-oportunidad-para-inversionista-constructor\/\" \/>\n<meta property=\"og:site_name\" content=\"Accord Propiedades\" \/>\n<meta property=\"article:modified_time\" content=\"2026-03-26T16:42:09+00:00\" \/>\n<meta property=\"og:image\" content=\"https:\/\/accordpropiedades.com.ar\/wp-content\/uploads\/2022\/05\/martelli-venta.jpeg\" \/>\n\t<meta property=\"og:image:width\" content=\"300\" \/>\n\t<meta property=\"og:image:height\" content=\"300\" \/>\n\t<meta property=\"og:image:type\" content=\"image\/jpeg\" \/>\n<meta name=\"twitter:card\" content=\"summary_large_image\" \/>\n<meta name=\"twitter:label1\" content=\"Tiempo de lectura\" \/>\n\t<meta name=\"twitter:data1\" content=\"2 minutos\" \/>\n<script type=\"application\/ld+json\" class=\"yoast-schema-graph\">{\"@context\":\"https:\\\/\\\/schema.org\",\"@graph\":[{\"@type\":\"WebPage\",\"@id\":\"https:\\\/\\\/accordpropiedades.com.ar\\\/index.php\\\/producto\\\/excelente-propiedad-a-terminar-oportunidad-para-inversionista-constructor\\\/\",\"url\":\"https:\\\/\\\/accordpropiedades.com.ar\\\/index.php\\\/producto\\\/excelente-propiedad-a-terminar-oportunidad-para-inversionista-constructor\\\/\",\"name\":\"EXCELENTE PROPIEDAD A TERMINAR OPORTUNIDAD PARA INVERSIONISTA \\\/ CONSTRUCTOR - Accord Propiedades\",\"isPartOf\":{\"@id\":\"https:\\\/\\\/accordpropiedades.com.ar\\\/#website\"},\"primaryImageOfPage\":{\"@id\":\"https:\\\/\\\/accordpropiedades.com.ar\\\/index.php\\\/producto\\\/excelente-propiedad-a-terminar-oportunidad-para-inversionista-constructor\\\/#primaryimage\"},\"image\":{\"@id\":\"https:\\\/\\\/accordpropiedades.com.ar\\\/index.php\\\/producto\\\/excelente-propiedad-a-terminar-oportunidad-para-inversionista-constructor\\\/#primaryimage\"},\"thumbnailUrl\":\"https:\\\/\\\/accordpropiedades.com.ar\\\/wp-content\\\/uploads\\\/2022\\\/05\\\/martelli-venta.jpeg\",\"datePublished\":\"2022-05-18T11:21:28+00:00\",\"dateModified\":\"2026-03-26T16:42:09+00:00\",\"description\":\"venta, propiedad a terminar, inversionistas, barrio residencial, villa martelli, partido de vicente lopez, accord propiedades, inmobiliaria\",\"breadcrumb\":{\"@id\":\"https:\\\/\\\/accordpropiedades.com.ar\\\/index.php\\\/producto\\\/excelente-propiedad-a-terminar-oportunidad-para-inversionista-constructor\\\/#breadcrumb\"},\"inLanguage\":\"es\",\"potentialAction\":[{\"@type\":\"ReadAction\",\"target\":[\"https:\\\/\\\/accordpropiedades.com.ar\\\/index.php\\\/producto\\\/excelente-propiedad-a-terminar-oportunidad-para-inversionista-constructor\\\/\"]}]},{\"@type\":\"ImageObject\",\"inLanguage\":\"es\",\"@id\":\"https:\\\/\\\/accordpropiedades.com.ar\\\/index.php\\\/producto\\\/excelente-propiedad-a-terminar-oportunidad-para-inversionista-constructor\\\/#primaryimage\",\"url\":\"https:\\\/\\\/accordpropiedades.com.ar\\\/wp-content\\\/uploads\\\/2022\\\/05\\\/martelli-venta.jpeg\",\"contentUrl\":\"https:\\\/\\\/accordpropiedades.com.ar\\\/wp-content\\\/uploads\\\/2022\\\/05\\\/martelli-venta.jpeg\",\"width\":300,\"height\":300},{\"@type\":\"BreadcrumbList\",\"@id\":\"https:\\\/\\\/accordpropiedades.com.ar\\\/index.php\\\/producto\\\/excelente-propiedad-a-terminar-oportunidad-para-inversionista-constructor\\\/#breadcrumb\",\"itemListElement\":[{\"@type\":\"ListItem\",\"position\":1,\"name\":\"Portada\",\"item\":\"https:\\\/\\\/accordpropiedades.com.ar\\\/\"},{\"@type\":\"ListItem\",\"position\":2,\"name\":\"Tienda\",\"item\":\"https:\\\/\\\/accordpropiedades.com.ar\\\/index.php\\\/tienda\\\/\"},{\"@type\":\"ListItem\",\"position\":3,\"name\":\"EXCELENTE PROPIEDAD A TERMINAR OPORTUNIDAD PARA INVERSIONISTA \\\/ CONSTRUCTOR\"}]},{\"@type\":\"WebSite\",\"@id\":\"https:\\\/\\\/accordpropiedades.com.ar\\\/#website\",\"url\":\"https:\\\/\\\/accordpropiedades.com.ar\\\/\",\"name\":\"Accord Propiedades\",\"description\":\"\",\"publisher\":{\"@id\":\"https:\\\/\\\/accordpropiedades.com.ar\\\/#organization\"},\"potentialAction\":[{\"@type\":\"SearchAction\",\"target\":{\"@type\":\"EntryPoint\",\"urlTemplate\":\"https:\\\/\\\/accordpropiedades.com.ar\\\/?s={search_term_string}\"},\"query-input\":{\"@type\":\"PropertyValueSpecification\",\"valueRequired\":true,\"valueName\":\"search_term_string\"}}],\"inLanguage\":\"es\"},{\"@type\":\"Organization\",\"@id\":\"https:\\\/\\\/accordpropiedades.com.ar\\\/#organization\",\"name\":\"Accord Propiedades\",\"url\":\"https:\\\/\\\/accordpropiedades.com.ar\\\/\",\"logo\":{\"@type\":\"ImageObject\",\"inLanguage\":\"es\",\"@id\":\"https:\\\/\\\/accordpropiedades.com.ar\\\/#\\\/schema\\\/logo\\\/image\\\/\",\"url\":\"https:\\\/\\\/accordpropiedades.com.ar\\\/wp-content\\\/uploads\\\/2021\\\/08\\\/cropped-acoord1-1.png\",\"contentUrl\":\"https:\\\/\\\/accordpropiedades.com.ar\\\/wp-content\\\/uploads\\\/2021\\\/08\\\/cropped-acoord1-1.png\",\"width\":243,\"height\":64,\"caption\":\"Accord Propiedades\"},\"image\":{\"@id\":\"https:\\\/\\\/accordpropiedades.com.ar\\\/#\\\/schema\\\/logo\\\/image\\\/\"}}]}<\/script>\n<!-- \/ Yoast SEO plugin. -->","yoast_head_json":{"title":"EXCELENTE PROPIEDAD A TERMINAR OPORTUNIDAD PARA INVERSIONISTA \/ CONSTRUCTOR - Accord Propiedades","description":"venta, propiedad a terminar, inversionistas, barrio residencial, villa martelli, partido de vicente lopez, accord propiedades, inmobiliaria","robots":{"index":"index","follow":"follow","max-snippet":"max-snippet:-1","max-image-preview":"max-image-preview:large","max-video-preview":"max-video-preview:-1"},"canonical":"https:\/\/accordpropiedades.com.ar\/index.php\/producto\/excelente-propiedad-a-terminar-oportunidad-para-inversionista-constructor\/","og_locale":"es_ES","og_type":"article","og_title":"EXCELENTE PROPIEDAD A TERMINAR OPORTUNIDAD PARA INVERSIONISTA \/ CONSTRUCTOR - Accord Propiedades","og_description":"venta, propiedad a terminar, inversionistas, barrio residencial, villa martelli, partido de vicente lopez, accord propiedades, inmobiliaria","og_url":"https:\/\/accordpropiedades.com.ar\/index.php\/producto\/excelente-propiedad-a-terminar-oportunidad-para-inversionista-constructor\/","og_site_name":"Accord Propiedades","article_modified_time":"2026-03-26T16:42:09+00:00","og_image":[{"width":300,"height":300,"url":"https:\/\/accordpropiedades.com.ar\/wp-content\/uploads\/2022\/05\/martelli-venta.jpeg","type":"image\/jpeg"}],"twitter_card":"summary_large_image","twitter_misc":{"Tiempo de lectura":"2 minutos"},"schema":{"@context":"https:\/\/schema.org","@graph":[{"@type":"WebPage","@id":"https:\/\/accordpropiedades.com.ar\/index.php\/producto\/excelente-propiedad-a-terminar-oportunidad-para-inversionista-constructor\/","url":"https:\/\/accordpropiedades.com.ar\/index.php\/producto\/excelente-propiedad-a-terminar-oportunidad-para-inversionista-constructor\/","name":"EXCELENTE PROPIEDAD A TERMINAR OPORTUNIDAD PARA INVERSIONISTA \/ CONSTRUCTOR - Accord Propiedades","isPartOf":{"@id":"https:\/\/accordpropiedades.com.ar\/#website"},"primaryImageOfPage":{"@id":"https:\/\/accordpropiedades.com.ar\/index.php\/producto\/excelente-propiedad-a-terminar-oportunidad-para-inversionista-constructor\/#primaryimage"},"image":{"@id":"https:\/\/accordpropiedades.com.ar\/index.php\/producto\/excelente-propiedad-a-terminar-oportunidad-para-inversionista-constructor\/#primaryimage"},"thumbnailUrl":"https:\/\/accordpropiedades.com.ar\/wp-content\/uploads\/2022\/05\/martelli-venta.jpeg","datePublished":"2022-05-18T11:21:28+00:00","dateModified":"2026-03-26T16:42:09+00:00","description":"venta, propiedad a terminar, inversionistas, barrio residencial, villa martelli, partido de vicente lopez, accord propiedades, inmobiliaria","breadcrumb":{"@id":"https:\/\/accordpropiedades.com.ar\/index.php\/producto\/excelente-propiedad-a-terminar-oportunidad-para-inversionista-constructor\/#breadcrumb"},"inLanguage":"es","potentialAction":[{"@type":"ReadAction","target":["https:\/\/accordpropiedades.com.ar\/index.php\/producto\/excelente-propiedad-a-terminar-oportunidad-para-inversionista-constructor\/"]}]},{"@type":"ImageObject","inLanguage":"es","@id":"https:\/\/accordpropiedades.com.ar\/index.php\/producto\/excelente-propiedad-a-terminar-oportunidad-para-inversionista-constructor\/#primaryimage","url":"https:\/\/accordpropiedades.com.ar\/wp-content\/uploads\/2022\/05\/martelli-venta.jpeg","contentUrl":"https:\/\/accordpropiedades.com.ar\/wp-content\/uploads\/2022\/05\/martelli-venta.jpeg","width":300,"height":300},{"@type":"BreadcrumbList","@id":"https:\/\/accordpropiedades.com.ar\/index.php\/producto\/excelente-propiedad-a-terminar-oportunidad-para-inversionista-constructor\/#breadcrumb","itemListElement":[{"@type":"ListItem","position":1,"name":"Portada","item":"https:\/\/accordpropiedades.com.ar\/"},{"@type":"ListItem","position":2,"name":"Tienda","item":"https:\/\/accordpropiedades.com.ar\/index.php\/tienda\/"},{"@type":"ListItem","position":3,"name":"EXCELENTE PROPIEDAD A TERMINAR OPORTUNIDAD PARA INVERSIONISTA \/ CONSTRUCTOR"}]},{"@type":"WebSite","@id":"https:\/\/accordpropiedades.com.ar\/#website","url":"https:\/\/accordpropiedades.com.ar\/","name":"Accord Propiedades","description":"","publisher":{"@id":"https:\/\/accordpropiedades.com.ar\/#organization"},"potentialAction":[{"@type":"SearchAction","target":{"@type":"EntryPoint","urlTemplate":"https:\/\/accordpropiedades.com.ar\/?s={search_term_string}"},"query-input":{"@type":"PropertyValueSpecification","valueRequired":true,"valueName":"search_term_string"}}],"inLanguage":"es"},{"@type":"Organization","@id":"https:\/\/accordpropiedades.com.ar\/#organization","name":"Accord Propiedades","url":"https:\/\/accordpropiedades.com.ar\/","logo":{"@type":"ImageObject","inLanguage":"es","@id":"https:\/\/accordpropiedades.com.ar\/#\/schema\/logo\/image\/","url":"https:\/\/accordpropiedades.com.ar\/wp-content\/uploads\/2021\/08\/cropped-acoord1-1.png","contentUrl":"https:\/\/accordpropiedades.com.ar\/wp-content\/uploads\/2021\/08\/cropped-acoord1-1.png","width":243,"height":64,"caption":"Accord Propiedades"},"image":{"@id":"https:\/\/accordpropiedades.com.ar\/#\/schema\/logo\/image\/"}}]}},"_links":{"self":[{"href":"https:\/\/accordpropiedades.com.ar\/index.php\/wp-json\/wp\/v2\/product\/997","targetHints":{"allow":["GET"]}}],"collection":[{"href":"https:\/\/accordpropiedades.com.ar\/index.php\/wp-json\/wp\/v2\/product"}],"about":[{"href":"https:\/\/accordpropiedades.com.ar\/index.php\/wp-json\/wp\/v2\/types\/product"}],"replies":[{"embeddable":true,"href":"https:\/\/accordpropiedades.com.ar\/index.php\/wp-json\/wp\/v2\/comments?post=997"}],"version-history":[{"count":4,"href":"https:\/\/accordpropiedades.com.ar\/index.php\/wp-json\/wp\/v2\/product\/997\/revisions"}],"predecessor-version":[{"id":1303,"href":"https:\/\/accordpropiedades.com.ar\/index.php\/wp-json\/wp\/v2\/product\/997\/revisions\/1303"}],"wp:featuredmedia":[{"embeddable":true,"href":"https:\/\/accordpropiedades.com.ar\/index.php\/wp-json\/wp\/v2\/media\/1610"}],"wp:attachment":[{"href":"https:\/\/accordpropiedades.com.ar\/index.php\/wp-json\/wp\/v2\/media?parent=997"}],"wp:term":[{"taxonomy":"product_brand","embeddable":true,"href":"https:\/\/accordpropiedades.com.ar\/index.php\/wp-json\/wp\/v2\/product_brand?post=997"},{"taxonomy":"product_cat","embeddable":true,"href":"https:\/\/accordpropiedades.com.ar\/index.php\/wp-json\/wp\/v2\/product_cat?post=997"},{"taxonomy":"product_tag","embeddable":true,"href":"https:\/\/accordpropiedades.com.ar\/index.php\/wp-json\/wp\/v2\/product_tag?post=997"}],"curies":[{"name":"wp","href":"https:\/\/api.w.org\/{rel}","templated":true}]}}